{"id":11857,"date":"2022-11-16T09:17:25","date_gmt":"2022-11-16T07:17:25","guid":{"rendered":"https:\/\/abpolar-ee.vserver.zonevs.eu\/?post_type=product&#038;p=11857"},"modified":"2023-12-15T13:42:04","modified_gmt":"2023-12-15T11:42:04","slug":"ventilationsfonster-for-3m-easy-up-vaxthus","status":"publish","type":"product","link":"https:\/\/abpolar.ee\/sv\/produkt\/ventilationsfonster-for-3m-easy-up-vaxthus\/","title":{"rendered":"Ventilationsf\u00f6nster f\u00f6r 3m Easy-UP v\u00e4xthus"},"content":{"rendered":"<h2>Ventilationsf\u00f6nster f\u00f6r 3m Easy-UP v\u00e4xthus<\/h2>\n<p>Ventilationsf\u00f6nstret \u00e4r l\u00e4mpligt f\u00f6r ett 3m brett v\u00e4xthus<\/p>\n","protected":false},"excerpt":{"rendered":"<p>Ventilationsf\u00f6nster f\u00f6r 3m Easy-UP v\u00e4xthus Ventilationsf\u00f6nstret \u00e4r l\u00e4mpligt f\u00f6r ett 3m brett v\u00e4xthus<\/p>\n","protected":false},"featured_media":9217,"template":"","meta":{"_acf_changed":false,"inline_featured_image":false},"product_brand":[],"product_cat":[472,515],"product_tag":[],"class_list":{"0":"post-11857","1":"product","2":"type-product","3":"status-publish","4":"has-post-thumbnail","6":"product_cat-vaxthus","7":"product_cat-vaxthus-tillbehor","8":"product_shipping_class-paket-upp-till-30kg","10":"first","11":"instock","12":"taxable","13":"shipping-taxable","14":"purchasable","15":"product-type-simple"},"acf":[],"_links":{"self":[{"href":"https:\/\/abpolar.ee\/sv\/wp-json\/wp\/v2\/product\/11857","targetHints":{"allow":["GET"]}}],"collection":[{"href":"https:\/\/abpolar.ee\/sv\/wp-json\/wp\/v2\/product"}],"about":[{"href":"https:\/\/abpolar.ee\/sv\/wp-json\/wp\/v2\/types\/product"}],"wp:featuredmedia":[{"embeddable":true,"href":"https:\/\/abpolar.ee\/sv\/wp-json\/wp\/v2\/media\/9217"}],"wp:attachment":[{"href":"https:\/\/abpolar.ee\/sv\/wp-json\/wp\/v2\/media?parent=11857"}],"wp:term":[{"taxonomy":"product_brand","embeddable":true,"href":"https:\/\/abpolar.ee\/sv\/wp-json\/wp\/v2\/product_brand?post=11857"},{"taxonomy":"product_cat","embeddable":true,"href":"https:\/\/abpolar.ee\/sv\/wp-json\/wp\/v2\/product_cat?post=11857"},{"taxonomy":"product_tag","embeddable":true,"href":"https:\/\/abpolar.ee\/sv\/wp-json\/wp\/v2\/product_tag?post=11857"}],"curies":[{"name":"wp","href":"https:\/\/api.w.org\/{rel}","templated":true}]}}