{"id":11859,"date":"2022-11-17T16:08:28","date_gmt":"2022-11-17T14:08:28","guid":{"rendered":"https:\/\/abpolar-ee.vserver.zonevs.eu\/?post_type=product&#038;p=11859"},"modified":"2023-12-15T13:58:01","modified_gmt":"2023-12-15T11:58:01","slug":"vaxthus-plast-6m2","status":"publish","type":"product","link":"https:\/\/abpolar.ee\/sv\/produkt\/vaxthus-plast-6m2\/","title":{"rendered":"V\u00e4xthus plast 6m2"},"content":{"rendered":"<h2>V\u00e4xthus plast 6m2<\/h2>\n<p>Filmv\u00e4xthus \u00e4r t\u00e5liga v\u00e4xthus med kraftigt filmt\u00e4cke och st\u00e5lram.<br \/>\nMonteringen \u00e4r enkel, p\u00e5 1-2 timmar kommer du att s\u00e4tta upp ett fantastiskt v\u00e4xthus i tr\u00e4dg\u00e5rden.<br \/>\nVi rekommenderar att ta bort v\u00e4xthusfilmen p\u00e5 vintern f\u00f6r att f\u00f6rhindra sn\u00f6skador.<br \/>\nF\u00f6rst\u00e4rkt st\u00e5lram, bultkoppling.<br \/>\nInga plastdelar anv\u00e4nds.<br \/>\nF\u00f6rst\u00e4rkt st\u00e5lram, bultkoppling.<br \/>\nI st\u00f6rre v\u00e4xthus l\u00e4ggs diagonala r\u00f6r och ventiler till f\u00f6r f\u00f6rst\u00e4rkning i h\u00f6rnen.<br \/>\nF\u00f6rst\u00e4rkt lock: PE 140G\/m2<br \/>\nR\u00f6rstorlek 25X0,8mm<br \/>\nD\u00f6rr + 6 ventilationsh\u00e5l<br \/>\nBredd: 200<br \/>\nH\u00f6jd: 200cm<br \/>\nDjup: 300 cm<\/p>\n","protected":false},"excerpt":{"rendered":"<p>V\u00e4xthus plast 6m2 Filmv\u00e4xthus \u00e4r t\u00e5liga v\u00e4xthus med kraftigt filmt\u00e4cke och st\u00e5lram. Monteringen \u00e4r enkel,&#8230;<\/p>\n","protected":false},"featured_media":9778,"template":"","meta":{"_acf_changed":false,"inline_featured_image":false},"product_brand":[],"product_cat":[521,472],"product_tag":[],"class_list":{"0":"post-11859","1":"product","2":"type-product","3":"status-publish","4":"has-post-thumbnail","6":"product_cat-tunnelvaxthus","7":"product_cat-vaxthus","8":"product_shipping_class-paket-upp-till-30kg","10":"first","11":"instock","12":"sale","13":"taxable","14":"shipping-taxable","15":"purchasable","16":"product-type-simple"},"acf":[],"_links":{"self":[{"href":"https:\/\/abpolar.ee\/sv\/wp-json\/wp\/v2\/product\/11859","targetHints":{"allow":["GET"]}}],"collection":[{"href":"https:\/\/abpolar.ee\/sv\/wp-json\/wp\/v2\/product"}],"about":[{"href":"https:\/\/abpolar.ee\/sv\/wp-json\/wp\/v2\/types\/product"}],"wp:featuredmedia":[{"embeddable":true,"href":"https:\/\/abpolar.ee\/sv\/wp-json\/wp\/v2\/media\/9778"}],"wp:attachment":[{"href":"https:\/\/abpolar.ee\/sv\/wp-json\/wp\/v2\/media?parent=11859"}],"wp:term":[{"taxonomy":"product_brand","embeddable":true,"href":"https:\/\/abpolar.ee\/sv\/wp-json\/wp\/v2\/product_brand?post=11859"},{"taxonomy":"product_cat","embeddable":true,"href":"https:\/\/abpolar.ee\/sv\/wp-json\/wp\/v2\/product_cat?post=11859"},{"taxonomy":"product_tag","embeddable":true,"href":"https:\/\/abpolar.ee\/sv\/wp-json\/wp\/v2\/product_tag?post=11859"}],"curies":[{"name":"wp","href":"https:\/\/api.w.org\/{rel}","templated":true}]}}