{"id":11862,"date":"2022-11-16T09:17:38","date_gmt":"2022-11-16T07:17:38","guid":{"rendered":"https:\/\/abpolar-ee.vserver.zonevs.eu\/?post_type=product&#038;p=11862"},"modified":"2023-12-15T14:07:47","modified_gmt":"2023-12-15T12:07:47","slug":"tillvaxttunnel-med-las-ovanpa-300x65x45cm","status":"publish","type":"product","link":"https:\/\/abpolar.ee\/sv\/produkt\/tillvaxttunnel-med-las-ovanpa-300x65x45cm\/","title":{"rendered":"Tillv\u00e4xttunnel med l\u00e5s ovanp\u00e5 300x65x45cm"},"content":{"rendered":"<h2>Tillv\u00e4xttunnel med l\u00e5s ovanp\u00e5 300x65x45cm<\/h2>\n<p>Tillv\u00e4xttunneln har st\u00e5lb\u00e5gar p\u00e5 3,5 mm<br \/>\n100 % transparent PVC-\u00f6verdrag<br \/>\nBevattnings- och ventilations\u00f6ppningen med dragkedja som kan \u00f6ppnas l\u00e4ngs hela tunnelns l\u00e4ngd g\u00f6r anv\u00e4ndningen av odlingstunneln bekv\u00e4m<\/p>\n","protected":false},"excerpt":{"rendered":"<p>Tillv\u00e4xttunnel med l\u00e5s ovanp\u00e5 300x65x45cm Tillv\u00e4xttunneln har st\u00e5lb\u00e5gar p\u00e5 3,5 mm 100 % transparent PVC-\u00f6verdrag&#8230;<\/p>\n","protected":false},"featured_media":10072,"template":"","meta":{"_acf_changed":false,"inline_featured_image":false},"product_brand":[],"product_cat":[521,472],"product_tag":[],"class_list":{"0":"post-11862","1":"product","2":"type-product","3":"status-publish","4":"has-post-thumbnail","6":"product_cat-tunnelvaxthus","7":"product_cat-vaxthus","8":"product_shipping_class-litet-paket","10":"first","11":"instock","12":"taxable","13":"shipping-taxable","14":"purchasable","15":"product-type-simple"},"acf":[],"_links":{"self":[{"href":"https:\/\/abpolar.ee\/sv\/wp-json\/wp\/v2\/product\/11862","targetHints":{"allow":["GET"]}}],"collection":[{"href":"https:\/\/abpolar.ee\/sv\/wp-json\/wp\/v2\/product"}],"about":[{"href":"https:\/\/abpolar.ee\/sv\/wp-json\/wp\/v2\/types\/product"}],"wp:featuredmedia":[{"embeddable":true,"href":"https:\/\/abpolar.ee\/sv\/wp-json\/wp\/v2\/media\/10072"}],"wp:attachment":[{"href":"https:\/\/abpolar.ee\/sv\/wp-json\/wp\/v2\/media?parent=11862"}],"wp:term":[{"taxonomy":"product_brand","embeddable":true,"href":"https:\/\/abpolar.ee\/sv\/wp-json\/wp\/v2\/product_brand?post=11862"},{"taxonomy":"product_cat","embeddable":true,"href":"https:\/\/abpolar.ee\/sv\/wp-json\/wp\/v2\/product_cat?post=11862"},{"taxonomy":"product_tag","embeddable":true,"href":"https:\/\/abpolar.ee\/sv\/wp-json\/wp\/v2\/product_tag?post=11862"}],"curies":[{"name":"wp","href":"https:\/\/api.w.org\/{rel}","templated":true}]}}