{"id":11864,"date":"2022-11-17T16:08:27","date_gmt":"2022-11-17T14:08:27","guid":{"rendered":"https:\/\/abpolar-ee.vserver.zonevs.eu\/?post_type=product&#038;p=11864"},"modified":"2023-12-15T14:17:45","modified_gmt":"2023-12-15T12:17:45","slug":"overdraget-for-vaxthus-plast-8m2","status":"publish","type":"product","link":"https:\/\/abpolar.ee\/sv\/produkt\/overdraget-for-vaxthus-plast-8m2\/","title":{"rendered":"\u00d6verdraget f\u00f6r v\u00e4xthus plast 8m2"},"content":{"rendered":"<h2>\u00d6verdraget f\u00f6r v\u00e4xthus plast 8m2<\/h2>\n<p>\u00d6verdraget 4x2x2m \u2013 8m\u00b2<\/p>\n<p>\u00d6verdraget\u00a0 f\u00f6r v\u00e4xthus 400x200x200m<br \/>\n\u00d6verdraget \u00e4r gjort av PE-plast med kvadratvikten 140 g\/kvm. Detta skyddande fodral \u00e4r UV-best\u00e4ndigt och skyddar dina v\u00e4xter fr\u00e5n solens farliga str\u00e5lar. Denna typ av plast fungerar \u00e4ven som ett effektivt frostskydd n\u00e4r temperaturen sjunker.<br \/>\nMaterial: 140g\/m2 PE-f\u00f6rst\u00e4rkt film med UV-skydd, 1 d\u00f6rr och 8 ventilationsh\u00e5l<\/p>\n","protected":false},"excerpt":{"rendered":"<p>\u00d6verdraget f\u00f6r v\u00e4xthus plast 8m2 \u00d6verdraget 4x2x2m \u2013 8m\u00b2 \u00d6verdraget\u00a0 f\u00f6r v\u00e4xthus 400x200x200m \u00d6verdraget \u00e4r&#8230;<\/p>\n","protected":false},"featured_media":9787,"template":"","meta":{"_acf_changed":false,"inline_featured_image":false},"product_brand":[],"product_cat":[521,522],"product_tag":[],"class_list":{"0":"post-11864","1":"product","2":"type-product","3":"status-publish","4":"has-post-thumbnail","6":"product_cat-tunnelvaxthus","7":"product_cat-vaxthusfilm","8":"product_shipping_class-litet-paket","10":"first","11":"instock","12":"sale","13":"taxable","14":"shipping-taxable","15":"purchasable","16":"product-type-simple"},"acf":[],"_links":{"self":[{"href":"https:\/\/abpolar.ee\/sv\/wp-json\/wp\/v2\/product\/11864","targetHints":{"allow":["GET"]}}],"collection":[{"href":"https:\/\/abpolar.ee\/sv\/wp-json\/wp\/v2\/product"}],"about":[{"href":"https:\/\/abpolar.ee\/sv\/wp-json\/wp\/v2\/types\/product"}],"wp:featuredmedia":[{"embeddable":true,"href":"https:\/\/abpolar.ee\/sv\/wp-json\/wp\/v2\/media\/9787"}],"wp:attachment":[{"href":"https:\/\/abpolar.ee\/sv\/wp-json\/wp\/v2\/media?parent=11864"}],"wp:term":[{"taxonomy":"product_brand","embeddable":true,"href":"https:\/\/abpolar.ee\/sv\/wp-json\/wp\/v2\/product_brand?post=11864"},{"taxonomy":"product_cat","embeddable":true,"href":"https:\/\/abpolar.ee\/sv\/wp-json\/wp\/v2\/product_cat?post=11864"},{"taxonomy":"product_tag","embeddable":true,"href":"https:\/\/abpolar.ee\/sv\/wp-json\/wp\/v2\/product_tag?post=11864"}],"curies":[{"name":"wp","href":"https:\/\/api.w.org\/{rel}","templated":true}]}}