{"id":11868,"date":"2022-11-16T09:17:38","date_gmt":"2022-11-16T07:17:38","guid":{"rendered":"https:\/\/abpolar-ee.vserver.zonevs.eu\/?post_type=product&#038;p=11868"},"modified":"2023-12-15T14:50:49","modified_gmt":"2023-12-15T12:50:49","slug":"forstarkt-vaxthusfilm-395x50m-1975m2","status":"publish","type":"product","link":"https:\/\/abpolar.ee\/sv\/produkt\/forstarkt-vaxthusfilm-395x50m-1975m2\/","title":{"rendered":"F\u00f6rst\u00e4rkt v\u00e4xthusfilm 3,95x50m (197,5m2)"},"content":{"rendered":"<h2>F\u00f6rst\u00e4rkt v\u00e4xthusfilm 3,95x50m (197,5m2)<\/h2>\n<p>F\u00f6rst\u00e4rkt v\u00e4xthusfilm &#8211; St\u00e4llnings\u00f6verdrag \u00e4r en transparent film som kan anv\u00e4ndas p\u00e5 v\u00e4xthus eller byggnadsst\u00e4llningar.<br \/>\nDet finns en 5 cm f\u00f6rst\u00e4rkningsremsa vid filmens kanter.<br \/>\nT\u00e4ckvikt: 145g\/m2<\/p>\n","protected":false},"excerpt":{"rendered":"<p>F\u00f6rst\u00e4rkt v\u00e4xthusfilm 3,95x50m (197,5m2) F\u00f6rst\u00e4rkt v\u00e4xthusfilm &#8211; St\u00e4llnings\u00f6verdrag \u00e4r en transparent film som kan anv\u00e4ndas&#8230;<\/p>\n","protected":false},"featured_media":9239,"template":"","meta":{"_acf_changed":false,"inline_featured_image":false},"product_brand":[],"product_cat":[463,522],"product_tag":[],"class_list":{"0":"post-11868","1":"product","2":"type-product","3":"status-publish","4":"has-post-thumbnail","6":"product_cat-fyndhorna","7":"product_cat-vaxthusfilm","8":"product_shipping_class-paket-upp-till-30kg","10":"first","11":"instock","12":"sale","13":"taxable","14":"shipping-taxable","15":"purchasable","16":"product-type-simple"},"acf":[],"_links":{"self":[{"href":"https:\/\/abpolar.ee\/sv\/wp-json\/wp\/v2\/product\/11868","targetHints":{"allow":["GET"]}}],"collection":[{"href":"https:\/\/abpolar.ee\/sv\/wp-json\/wp\/v2\/product"}],"about":[{"href":"https:\/\/abpolar.ee\/sv\/wp-json\/wp\/v2\/types\/product"}],"wp:featuredmedia":[{"embeddable":true,"href":"https:\/\/abpolar.ee\/sv\/wp-json\/wp\/v2\/media\/9239"}],"wp:attachment":[{"href":"https:\/\/abpolar.ee\/sv\/wp-json\/wp\/v2\/media?parent=11868"}],"wp:term":[{"taxonomy":"product_brand","embeddable":true,"href":"https:\/\/abpolar.ee\/sv\/wp-json\/wp\/v2\/product_brand?post=11868"},{"taxonomy":"product_cat","embeddable":true,"href":"https:\/\/abpolar.ee\/sv\/wp-json\/wp\/v2\/product_cat?post=11868"},{"taxonomy":"product_tag","embeddable":true,"href":"https:\/\/abpolar.ee\/sv\/wp-json\/wp\/v2\/product_tag?post=11868"}],"curies":[{"name":"wp","href":"https:\/\/api.w.org\/{rel}","templated":true}]}}