{"id":11869,"date":"2023-04-13T13:00:06","date_gmt":"2023-04-13T10:00:06","guid":{"rendered":"https:\/\/abpolar-ee.vserver.zonevs.eu\/?post_type=product&#038;p=11869"},"modified":"2023-12-15T14:58:57","modified_gmt":"2023-12-15T12:58:57","slug":"polykarbonat-till-vaxthus-4mm-21x4m","status":"publish","type":"product","link":"https:\/\/abpolar.ee\/sv\/produkt\/polykarbonat-till-vaxthus-4mm-21x4m\/","title":{"rendered":"Polykarbonat till v\u00e4xthus 4mm 2,1x4m"},"content":{"rendered":"<h2>Polykarbonat till v\u00e4xthus 4mm 2,1x4m<\/h2>\n<p>Laminerad plast \u00e4r v\u00e4derbest\u00e4ndig. En speciell bel\u00e4ggning skyddar materialet fr\u00e5n UV-str\u00e5lning, tack vare vilken tillverkaren ger materialet 10 \u00e5rs garanti f\u00f6r ljustransmission. Garantin g\u00e4ller f\u00f6r korrekt installation. Polykarbonat har bra ljusgenomsl\u00e4pplighet. Beroende p\u00e5 materialets tjocklek \u00e4r ljustransmittansen f\u00f6r flerskiktsskivan i intervallet 69-80%.<br \/>\nLaminerad plast \u00e4r milj\u00f6v\u00e4nlig. Laminerad plast hj\u00e4lper till att spara energi (v\u00e4rme och el). Efter slutet av dess livsl\u00e4ngd kan materialet \u00e5tervinnas och \u00e5teranv\u00e4ndas. Laminerad plast (polykarbonat, PC) avger inte milj\u00f6farliga f\u00f6reningar vid kassering. Vid f\u00f6rbr\u00e4nning frig\u00f6r laminerad plast huvudsakligen vatten och koldioxid (CO2).<br \/>\nPolykarbonat \u00e4r l\u00e4tt att bearbeta. Materialbearbetning (sk\u00e4rning, borrning, f\u00e4stning etc.) kr\u00e4ver inga specialverktyg.<\/p>\n<p>m2 vikt 0,45kg<\/p>\n","protected":false},"excerpt":{"rendered":"<p>Polykarbonat till v\u00e4xthus 4mm 2,1x4m Laminerad plast \u00e4r v\u00e4derbest\u00e4ndig. En speciell bel\u00e4ggning skyddar materialet fr\u00e5n&#8230;<\/p>\n","protected":false},"featured_media":10559,"template":"","meta":{"_acf_changed":false,"inline_featured_image":false},"product_brand":[],"product_cat":[515,522],"product_tag":[],"class_list":{"0":"post-11869","1":"product","2":"type-product","3":"status-publish","4":"has-post-thumbnail","6":"product_cat-vaxthus-tillbehor","7":"product_cat-vaxthusfilm","8":"product_shipping_class-eur-sv","10":"first","11":"instock","12":"taxable","13":"shipping-taxable","14":"purchasable","15":"product-type-simple"},"acf":[],"_links":{"self":[{"href":"https:\/\/abpolar.ee\/sv\/wp-json\/wp\/v2\/product\/11869","targetHints":{"allow":["GET"]}}],"collection":[{"href":"https:\/\/abpolar.ee\/sv\/wp-json\/wp\/v2\/product"}],"about":[{"href":"https:\/\/abpolar.ee\/sv\/wp-json\/wp\/v2\/types\/product"}],"wp:featuredmedia":[{"embeddable":true,"href":"https:\/\/abpolar.ee\/sv\/wp-json\/wp\/v2\/media\/10559"}],"wp:attachment":[{"href":"https:\/\/abpolar.ee\/sv\/wp-json\/wp\/v2\/media?parent=11869"}],"wp:term":[{"taxonomy":"product_brand","embeddable":true,"href":"https:\/\/abpolar.ee\/sv\/wp-json\/wp\/v2\/product_brand?post=11869"},{"taxonomy":"product_cat","embeddable":true,"href":"https:\/\/abpolar.ee\/sv\/wp-json\/wp\/v2\/product_cat?post=11869"},{"taxonomy":"product_tag","embeddable":true,"href":"https:\/\/abpolar.ee\/sv\/wp-json\/wp\/v2\/product_tag?post=11869"}],"curies":[{"name":"wp","href":"https:\/\/api.w.org\/{rel}","templated":true}]}}