{"id":11876,"date":"2022-11-17T16:08:27","date_gmt":"2022-11-17T14:08:27","guid":{"rendered":"https:\/\/abpolar-ee.vserver.zonevs.eu\/?post_type=product&#038;p=11876"},"modified":"2023-12-15T15:15:25","modified_gmt":"2023-12-15T13:15:25","slug":"tradgardsskjul-antracit-2030x1170mm-24m2-gra","status":"publish","type":"product","link":"https:\/\/abpolar.ee\/sv\/produkt\/tradgardsskjul-antracit-2030x1170mm-24m2-gra\/","title":{"rendered":"Tr\u00e4dg\u00e5rdsskjul antracit\u00a0 2030x1170mm (2,4m2) GR\u00c5"},"content":{"rendered":"<h2 class=\"do dp i lp\">Tr\u00e4dg\u00e5rdsskjul antracit\u00a0 2030x1170mm (2,4m2) GR\u00c5<\/h2>\n<p>Tr\u00e4dg\u00e5rdsskjul 2,4m\u00b2 &#8211; Tr\u00e4dg\u00e5rdsskjul i varmf\u00f6rzinkad metall \u00e4r bekv\u00e4ma f\u00f6r f\u00f6rvaring av tr\u00e4dg\u00e5rdsredskap fr\u00e5n utomhusf\u00f6rh\u00e5llanden. Borstar, spadar, s\u00e5gar och gr\u00e4sklippare \u00e4r torra och rena \u00e5ret runt.<br \/>\nDetta tr\u00e4dg\u00e5rdsskjul \u00e4r perfekt f\u00f6r f\u00f6rvaring av olika f\u00f6rem\u00e5l s\u00e5som verktyg, tr\u00e4dg\u00e5rdsm\u00f6bler, tr\u00e4dg\u00e5rdsredskap med mera. Skjulet skyddar mot smuts damm och sv\u00e5ra v\u00e4derf\u00f6rh\u00e5llanden.<\/p>\n<p>V\u00e4ggar och tak \u00e4r gjorda av galvaniserad st\u00e5lpl\u00e5t och den slitstarka ramen \u00e4r gjord av galvaniserad st\u00e5lpl\u00e5t. Tr\u00e4dg\u00e5rdsskjul har 2 ventilations\u00f6ppningar.<\/p>\n<p>M\u00e5tt: 2030 x 1170&#215;173 cm (BxDxH)<\/p>\n<p>D\u00f6rr\u00f6ppning: 151 x 96 cm (H x B)<\/p>\n<p>Sn\u00f6belastning 15 kg\/m\u00b2<\/p>\n<p>Material:<\/p>\n<p>v\u00e4ggar och tak 0,25 mm galvaniserad st\u00e5lpl\u00e5t<br \/>\nram 0,6mm galvaniserat st\u00e5l<\/p>\n<p>F\u00f6rpackad i tv\u00e5 l\u00e5dor: 165x55x10cm 30kg \/ 130x50x12cm 25kg<\/p>\n","protected":false},"excerpt":{"rendered":"<p>Tr\u00e4dg\u00e5rdsskjul antracit\u00a0 2030x1170mm (2,4m2) GR\u00c5 Tr\u00e4dg\u00e5rdsskjul 2,4m\u00b2 &#8211; Tr\u00e4dg\u00e5rdsskjul i varmf\u00f6rzinkad metall \u00e4r bekv\u00e4ma f\u00f6r&#8230;<\/p>\n","protected":false},"featured_media":9277,"template":"","meta":{"_acf_changed":false,"inline_featured_image":false},"product_brand":[],"product_cat":[545],"product_tag":[],"class_list":{"0":"post-11876","1":"product","2":"type-product","3":"status-publish","4":"has-post-thumbnail","6":"product_cat-tradgardsbodar","8":"first","9":"instock","10":"sale","11":"taxable","12":"shipping-taxable","13":"purchasable","14":"product-type-simple"},"acf":[],"_links":{"self":[{"href":"https:\/\/abpolar.ee\/sv\/wp-json\/wp\/v2\/product\/11876","targetHints":{"allow":["GET"]}}],"collection":[{"href":"https:\/\/abpolar.ee\/sv\/wp-json\/wp\/v2\/product"}],"about":[{"href":"https:\/\/abpolar.ee\/sv\/wp-json\/wp\/v2\/types\/product"}],"wp:featuredmedia":[{"embeddable":true,"href":"https:\/\/abpolar.ee\/sv\/wp-json\/wp\/v2\/media\/9277"}],"wp:attachment":[{"href":"https:\/\/abpolar.ee\/sv\/wp-json\/wp\/v2\/media?parent=11876"}],"wp:term":[{"taxonomy":"product_brand","embeddable":true,"href":"https:\/\/abpolar.ee\/sv\/wp-json\/wp\/v2\/product_brand?post=11876"},{"taxonomy":"product_cat","embeddable":true,"href":"https:\/\/abpolar.ee\/sv\/wp-json\/wp\/v2\/product_cat?post=11876"},{"taxonomy":"product_tag","embeddable":true,"href":"https:\/\/abpolar.ee\/sv\/wp-json\/wp\/v2\/product_tag?post=11876"}],"curies":[{"name":"wp","href":"https:\/\/api.w.org\/{rel}","templated":true}]}}