{"id":11879,"date":"2022-11-17T16:08:29","date_gmt":"2022-11-17T14:08:29","guid":{"rendered":"https:\/\/abpolar-ee.vserver.zonevs.eu\/?post_type=product&#038;p=11879"},"modified":"2023-12-15T15:24:51","modified_gmt":"2023-12-15T13:24:51","slug":"tradgardsskjul-antracit-2260x2910mm-66m2-gra","status":"publish","type":"product","link":"https:\/\/abpolar.ee\/sv\/produkt\/tradgardsskjul-antracit-2260x2910mm-66m2-gra\/","title":{"rendered":"Tr\u00e4dg\u00e5rdsskjul antracit\u00a0 2260x2910mm (6,6m2) GR\u00c5"},"content":{"rendered":"<h2 class=\"do dp i lp\">Tr\u00e4dg\u00e5rdsskjul antracit\u00a0 2260x2910mm (6,6m2) GR\u00c5<\/h2>\n<p>Tr\u00e4dg\u00e5rdsskjul 6,6m\u00b2 &#8211; Tr\u00e4dg\u00e5rdsskjul i varmf\u00f6rzinkad metall \u00e4r bekv\u00e4ma f\u00f6r f\u00f6rvaring av tr\u00e4dg\u00e5rdsredskap fr\u00e5n utomhusf\u00f6rh\u00e5llanden. Borstar, spadar, s\u00e5gar och gr\u00e4sklippare \u00e4r torra och rena \u00e5ret runt.<br \/>\nDetta tr\u00e4dg\u00e5rdsskjul \u00e4r perfekt f\u00f6r f\u00f6rvaring av olika f\u00f6rem\u00e5l s\u00e5som verktyg, tr\u00e4dg\u00e5rdsm\u00f6bler, tr\u00e4dg\u00e5rdsredskap med mera. Skjulet skyddar mot smuts damm och sv\u00e5ra v\u00e4derf\u00f6rh\u00e5llanden.<\/p>\n<p>V\u00e4ggar och tak \u00e4r gjorda av galvaniserad st\u00e5lpl\u00e5t och den slitstarka ramen \u00e4r gjord av galvaniserad st\u00e5lpl\u00e5t. Tr\u00e4dg\u00e5rdsskjul har 4 ventilations\u00f6ppningar.<\/p>\n<p>M\u00e5tt: 2260 x 2910&#215;194 cm (BxDxH)<\/p>\n<p>D\u00f6rr\u00f6ppning: 158 x 105 cm (H x B)<\/p>\n<p>Sn\u00f6belastning 15 kg\/m\u00b2<\/p>\n<p>Material:<\/p>\n<p>v\u00e4ggar och tak 0,25 mm galvaniserad st\u00e5lpl\u00e5t<br \/>\nram 0,6mm galvaniserat st\u00e5l<\/p>\n<p>F\u00f6rpackad i tv\u00e5 l\u00e5dor: 116x72x12 \u2013 67kg ,23x153x15 \u2013 18kg<\/p>\n","protected":false},"excerpt":{"rendered":"<p>Tr\u00e4dg\u00e5rdsskjul antracit\u00a0 2260x2910mm (6,6m2) GR\u00c5 Tr\u00e4dg\u00e5rdsskjul 6,6m\u00b2 &#8211; Tr\u00e4dg\u00e5rdsskjul i varmf\u00f6rzinkad metall \u00e4r bekv\u00e4ma f\u00f6r&#8230;<\/p>\n","protected":false},"featured_media":9430,"template":"","meta":{"_acf_changed":false,"inline_featured_image":false},"product_brand":[],"product_cat":[545],"product_tag":[],"class_list":{"0":"post-11879","1":"product","2":"type-product","3":"status-publish","4":"has-post-thumbnail","6":"product_cat-tradgardsbodar","7":"product_shipping_class-fin-sv","9":"first","10":"instock","11":"taxable","12":"shipping-taxable","13":"purchasable","14":"product-type-simple"},"acf":[],"_links":{"self":[{"href":"https:\/\/abpolar.ee\/sv\/wp-json\/wp\/v2\/product\/11879","targetHints":{"allow":["GET"]}}],"collection":[{"href":"https:\/\/abpolar.ee\/sv\/wp-json\/wp\/v2\/product"}],"about":[{"href":"https:\/\/abpolar.ee\/sv\/wp-json\/wp\/v2\/types\/product"}],"wp:featuredmedia":[{"embeddable":true,"href":"https:\/\/abpolar.ee\/sv\/wp-json\/wp\/v2\/media\/9430"}],"wp:attachment":[{"href":"https:\/\/abpolar.ee\/sv\/wp-json\/wp\/v2\/media?parent=11879"}],"wp:term":[{"taxonomy":"product_brand","embeddable":true,"href":"https:\/\/abpolar.ee\/sv\/wp-json\/wp\/v2\/product_brand?post=11879"},{"taxonomy":"product_cat","embeddable":true,"href":"https:\/\/abpolar.ee\/sv\/wp-json\/wp\/v2\/product_cat?post=11879"},{"taxonomy":"product_tag","embeddable":true,"href":"https:\/\/abpolar.ee\/sv\/wp-json\/wp\/v2\/product_tag?post=11879"}],"curies":[{"name":"wp","href":"https:\/\/api.w.org\/{rel}","templated":true}]}}