{"id":11883,"date":"2022-11-17T16:08:29","date_gmt":"2022-11-17T14:08:29","guid":{"rendered":"https:\/\/abpolar-ee.vserver.zonevs.eu\/?post_type=product&#038;p=11883"},"modified":"2023-12-15T16:08:58","modified_gmt":"2023-12-15T14:08:58","slug":"garage-tradgardsskjul-17m2-gra","status":"publish","type":"product","link":"https:\/\/abpolar.ee\/sv\/produkt\/garage-tradgardsskjul-17m2-gra\/","title":{"rendered":"Garage\/tr\u00e4dg\u00e5rdsskjul\u00a017m2 GR\u00c5"},"content":{"rendered":"<h2>Garage\/tr\u00e4dg\u00e5rdsskjul\u00a017m2 GR\u00c5<\/h2>\n<p>Ett garage\/tr\u00e4dg\u00e5rdsbod med vanliga d\u00f6rrar \u00e4r l\u00e4tt att installera<br \/>\nV\u00e4ggarna och taket \u00e4r gjorda av galvaniserad st\u00e5lpl\u00e5t och den h\u00e5llbara ramen \u00e4r gjord av galvaniserat st\u00e5l<br \/>\nGaraget\/tr\u00e4dg\u00e5rdsboden har tv\u00e5 d\u00f6rrar (en huvudd\u00f6rr och en sidod\u00f6rr) och 4 ventilations\u00f6ppningar<br \/>\nSidod\u00f6rren som m\u00e4ter 780mm x 1880mm \u00e4r l\u00e5sbar<br \/>\nMaterial:<br \/>\ngalvaniserade+m\u00e5lade st\u00e5lpl\u00e5tar<br \/>\ngalvaniserad st\u00e5lram<\/p>\n<p>M\u00e5tt (L x B x H): 590 x 289 x 232 cm<br \/>\nStorlek huvudd\u00f6rr: (B x H) 212 x 186cm<br \/>\nSidod\u00f6rren som m\u00e4ter 78x187cm g\u00e5r att l\u00e5sa<br \/>\nMaterial:<br \/>\nv\u00e4ggar och tak 0,25 mm galvaniserad st\u00e5lpl\u00e5t<br \/>\nram 0,6mm galvaniserat st\u00e5l<br \/>\nF\u00e4rg: gr\u00e5<br \/>\nRostgaranti 15 \u00e5r.<br \/>\nSn\u00f6last 15kg\/m2<\/p>\n","protected":false},"excerpt":{"rendered":"<p>Garage\/tr\u00e4dg\u00e5rdsskjul\u00a017m2 GR\u00c5 Ett garage\/tr\u00e4dg\u00e5rdsbod med vanliga d\u00f6rrar \u00e4r l\u00e4tt att installera V\u00e4ggarna och taket \u00e4r&#8230;<\/p>\n","protected":false},"featured_media":9547,"template":"","meta":{"_acf_changed":false,"inline_featured_image":false},"product_brand":[],"product_cat":[485,545],"product_tag":[],"class_list":{"0":"post-11883","1":"product","2":"type-product","3":"status-publish","4":"has-post-thumbnail","6":"product_cat-bilgarage","7":"product_cat-tradgardsbodar","9":"first","10":"instock","11":"sale","12":"taxable","13":"shipping-taxable","14":"purchasable","15":"product-type-simple"},"acf":[],"_links":{"self":[{"href":"https:\/\/abpolar.ee\/sv\/wp-json\/wp\/v2\/product\/11883","targetHints":{"allow":["GET"]}}],"collection":[{"href":"https:\/\/abpolar.ee\/sv\/wp-json\/wp\/v2\/product"}],"about":[{"href":"https:\/\/abpolar.ee\/sv\/wp-json\/wp\/v2\/types\/product"}],"wp:featuredmedia":[{"embeddable":true,"href":"https:\/\/abpolar.ee\/sv\/wp-json\/wp\/v2\/media\/9547"}],"wp:attachment":[{"href":"https:\/\/abpolar.ee\/sv\/wp-json\/wp\/v2\/media?parent=11883"}],"wp:term":[{"taxonomy":"product_brand","embeddable":true,"href":"https:\/\/abpolar.ee\/sv\/wp-json\/wp\/v2\/product_brand?post=11883"},{"taxonomy":"product_cat","embeddable":true,"href":"https:\/\/abpolar.ee\/sv\/wp-json\/wp\/v2\/product_cat?post=11883"},{"taxonomy":"product_tag","embeddable":true,"href":"https:\/\/abpolar.ee\/sv\/wp-json\/wp\/v2\/product_tag?post=11883"}],"curies":[{"name":"wp","href":"https:\/\/api.w.org\/{rel}","templated":true}]}}