{"id":11885,"date":"2022-11-17T16:08:07","date_gmt":"2022-11-17T14:08:07","guid":{"rendered":"https:\/\/abpolar-ee.vserver.zonevs.eu\/?post_type=product&#038;p=11885"},"modified":"2023-12-15T16:24:27","modified_gmt":"2023-12-15T14:24:27","slug":"garagetalt-38x60m","status":"publish","type":"product","link":"https:\/\/abpolar.ee\/sv\/produkt\/garagetalt-38x60m\/","title":{"rendered":"Garaget\u00e4lt 3,8\u00d76,0m"},"content":{"rendered":"<h2>Garaget\u00e4lt med UV-resistent presenning 3,8\u00d76,0m<\/h2>\n<p>Mycket praktiskt t\u00e4lt som l\u00e4mpar sig f\u00f6r b\u00e5de l\u00e5ng- och korttidsf\u00f6rvaring av bil, b\u00e5t, virke eller n\u00e5gonting annat. Garaget\u00e4lt med UV-behandlad och vattenavvisande polyetenv\u00e4v.<br \/>\nBilt\u00e4ltet \u00e4r ett t\u00e4lt med kraftig t\u00e4ckning p\u00e5 galvaniserad st\u00e5lram, som \u00e4r l\u00e4tt att montera.<br \/>\nTack vare den starka PVC-bel\u00e4ggningen t\u00e5l den vinterf\u00f6rh\u00e5llanden bra och t\u00e5l tunga sn\u00f6belastningar.<br \/>\nMaterial:<br \/>\ngalvaniserad st\u00e5lram 32 x 1,1mm<br \/>\nPVC-bel\u00e4ggning 450g\/m2<br \/>\nM\u00e5tt: 3,8 x 6 m<br \/>\nH\u00f6jd: 3,8 m<br \/>\nH\u00f6jden p\u00e5 d\u00f6rr\u00f6ppningen \u00e4r ca 3 m<\/p>\n","protected":false},"excerpt":{"rendered":"<p>Garaget\u00e4lt med UV-resistent presenning 3,8\u00d76,0m Mycket praktiskt t\u00e4lt som l\u00e4mpar sig f\u00f6r b\u00e5de l\u00e5ng- och&#8230;<\/p>\n","protected":false},"featured_media":15213,"template":"","meta":{"_acf_changed":false,"inline_featured_image":false},"product_brand":[],"product_cat":[544],"product_tag":[],"class_list":{"0":"post-11885","1":"product","2":"type-product","3":"status-publish","4":"has-post-thumbnail","6":"product_cat-biltalt","8":"first","9":"instock","10":"taxable","11":"shipping-taxable","12":"purchasable","13":"product-type-simple"},"acf":[],"_links":{"self":[{"href":"https:\/\/abpolar.ee\/sv\/wp-json\/wp\/v2\/product\/11885","targetHints":{"allow":["GET"]}}],"collection":[{"href":"https:\/\/abpolar.ee\/sv\/wp-json\/wp\/v2\/product"}],"about":[{"href":"https:\/\/abpolar.ee\/sv\/wp-json\/wp\/v2\/types\/product"}],"wp:featuredmedia":[{"embeddable":true,"href":"https:\/\/abpolar.ee\/sv\/wp-json\/wp\/v2\/media\/15213"}],"wp:attachment":[{"href":"https:\/\/abpolar.ee\/sv\/wp-json\/wp\/v2\/media?parent=11885"}],"wp:term":[{"taxonomy":"product_brand","embeddable":true,"href":"https:\/\/abpolar.ee\/sv\/wp-json\/wp\/v2\/product_brand?post=11885"},{"taxonomy":"product_cat","embeddable":true,"href":"https:\/\/abpolar.ee\/sv\/wp-json\/wp\/v2\/product_cat?post=11885"},{"taxonomy":"product_tag","embeddable":true,"href":"https:\/\/abpolar.ee\/sv\/wp-json\/wp\/v2\/product_tag?post=11885"}],"curies":[{"name":"wp","href":"https:\/\/api.w.org\/{rel}","templated":true}]}}