{"id":11893,"date":"2022-11-17T16:09:37","date_gmt":"2022-11-17T14:09:37","guid":{"rendered":"https:\/\/abpolar-ee.vserver.zonevs.eu\/?post_type=product&#038;p=11893"},"modified":"2023-12-19T11:04:18","modified_gmt":"2023-12-19T09:04:18","slug":"skruvfundament-60x550mm-kzn-rund","status":"publish","type":"product","link":"https:\/\/abpolar.ee\/sv\/produkt\/skruvfundament-60x550mm-kzn-rund\/","title":{"rendered":"Skruvfundament 60x550mm KZN rund"},"content":{"rendered":"<h2>Skruvfundament 60x550mm KZN rund<\/h2>\n<p>De \u00e4r v\u00e4l l\u00e4mpade f\u00f6r att s\u00e4kra tr\u00e4dg\u00e5rdsskjul, garage, tr\u00e4dg\u00e5rdst\u00e4lt, v\u00e4xthus, terrasser och modul\u00e4ra huskonstruktioner.<br \/>\nMetallskruvh\u00f6gen har en varmf\u00f6rzinkad bel\u00e4ggning och \u00e4r v\u00e4derbest\u00e4ndig och l\u00e4mplig f\u00f6r utomhusbruk.<br \/>\nSkruvfundament \u00e4r designade f\u00f6r manuell installation.<\/p>\n<p><strong>L\u00e4ngd: 550 mm<\/strong><br \/>\n<strong>Diameter: 60 mm<\/strong><br \/>\n<strong>6 st i en l\u00e5da<\/strong><br \/>\n\u200b<\/p>\n","protected":false},"excerpt":{"rendered":"<p>Skruvfundament 60x550mm KZN rund De \u00e4r v\u00e4l l\u00e4mpade f\u00f6r att s\u00e4kra tr\u00e4dg\u00e5rdsskjul, garage, tr\u00e4dg\u00e5rdst\u00e4lt, v\u00e4xthus,&#8230;<\/p>\n","protected":false},"featured_media":9319,"template":"","meta":{"_acf_changed":false,"inline_featured_image":false},"product_brand":[],"product_cat":[547,546],"product_tag":[],"class_list":{"0":"post-11893","1":"product","2":"type-product","3":"status-publish","4":"has-post-thumbnail","6":"product_cat-skruvfundament","7":"product_cat-tradgardsanlaggningar","8":"product_shipping_class-paket-upp-till-30kg","10":"first","11":"instock","12":"taxable","13":"shipping-taxable","14":"purchasable","15":"product-type-simple"},"acf":[],"_links":{"self":[{"href":"https:\/\/abpolar.ee\/sv\/wp-json\/wp\/v2\/product\/11893","targetHints":{"allow":["GET"]}}],"collection":[{"href":"https:\/\/abpolar.ee\/sv\/wp-json\/wp\/v2\/product"}],"about":[{"href":"https:\/\/abpolar.ee\/sv\/wp-json\/wp\/v2\/types\/product"}],"wp:featuredmedia":[{"embeddable":true,"href":"https:\/\/abpolar.ee\/sv\/wp-json\/wp\/v2\/media\/9319"}],"wp:attachment":[{"href":"https:\/\/abpolar.ee\/sv\/wp-json\/wp\/v2\/media?parent=11893"}],"wp:term":[{"taxonomy":"product_brand","embeddable":true,"href":"https:\/\/abpolar.ee\/sv\/wp-json\/wp\/v2\/product_brand?post=11893"},{"taxonomy":"product_cat","embeddable":true,"href":"https:\/\/abpolar.ee\/sv\/wp-json\/wp\/v2\/product_cat?post=11893"},{"taxonomy":"product_tag","embeddable":true,"href":"https:\/\/abpolar.ee\/sv\/wp-json\/wp\/v2\/product_tag?post=11893"}],"curies":[{"name":"wp","href":"https:\/\/api.w.org\/{rel}","templated":true}]}}