{"id":11894,"date":"2023-01-30T16:15:20","date_gmt":"2023-01-30T14:15:20","guid":{"rendered":"https:\/\/abpolar-ee.vserver.zonevs.eu\/?post_type=product&#038;p=11894"},"modified":"2024-01-30T14:35:38","modified_gmt":"2024-01-30T12:35:38","slug":"tradgardspaviljong-canopia-by-palram-ledro-3000","status":"publish","type":"product","link":"https:\/\/abpolar.ee\/sv\/produkt\/tradgardspaviljong-canopia-by-palram-ledro-3000\/","title":{"rendered":"Tr\u00e4dg\u00e5rdspaviljong  Canopia by Palram Ledro 3000"},"content":{"rendered":"<h2 class=\"ftHHn\"><span class=\"Y2IQFc\" lang=\"sv\">Tr\u00e4dg\u00e5rdspaviljong<\/span> by Palram Ledro 3000<\/h2>\n<p>Beskrivning<\/p>\n<div class=\"\">\n<div class=\"SonMi\">\n<div class=\"SonMi\">Ledro fr\u00e5n Canopia by Palram \u00e4r tillverkad av aluminium som \u00e4r pulverlackerat i en snygg antracitgr\u00e5 f\u00e4rg. Taket \u00e4r behandlat med bronsglasering som sl\u00e4pper in naturligt solljus p\u00e5 molniga, regniga dagar och ger tillr\u00e4cklig skugga p\u00e5 varma, soliga dagar. De n\u00e4stan okrossbara 6 mm flerv\u00e4ggspolykarbonatplattorna skyddar mot skadliga UV-str\u00e5lar, hagel, sn\u00f6 och andra tuffa v\u00e4derf\u00f6rh\u00e5llanden.<\/div>\n<\/div>\n<div class=\"EtVcZ Ap93o Aw4Wz UI6MA\">\n<div class=\"tztjY\">\n<p>Ledro har tv\u00e5 breda dubbelskjutd\u00f6rrar som kan monteras p\u00e5 vilken som helst av de fyra sidorna. Integrerad takr\u00e4nna och takhuvud som ger m\u00f6jlighet f\u00f6r vattensamling. Monteras enkelt av tv\u00e5 personer med tack vare f\u00f6rborrade profiler och f\u00e4rdigs\u00e5gade paneler (skruvar ing\u00e5r). Dekorativ vind- och r\u00f6kventilationsfunktion \u00f6verst i paviljongen f\u00f6r f\u00f6rb\u00e4ttrat luftfl\u00f6de. D\u00f6rrarna \u00e4r l\u00e5sbara med en huvudnyckel.<\/p>\n<p><strong>Information<\/strong><br \/>\n&#8211; Skjutd\u00f6rrar m\u00e5tt HxB: 203&#215;121 cm<br \/>\n&#8211; H\u00f6jd till takr\u00e4nna: 217 cm<br \/>\n&#8211; Sn\u00f6kapacitet p\u00e5 120 kg\/m\u00b2<br \/>\n&#8211; Vindresistens p\u00e5 25 m\/s<br \/>\n&#8211; 10 \u00e5rs garanti<\/p>\n<\/div>\n<\/div>\n<\/div>\n","protected":false},"excerpt":{"rendered":"<p>Tr\u00e4dg\u00e5rdspaviljong by Palram Ledro 3000 Beskrivning Ledro fr\u00e5n Canopia by Palram \u00e4r tillverkad av aluminium&#8230;<\/p>\n","protected":false},"featured_media":10370,"template":"","meta":{"_acf_changed":false,"inline_featured_image":false},"product_brand":[],"product_cat":[538,543],"product_tag":[],"class_list":{"0":"post-11894","1":"product","2":"type-product","3":"status-publish","4":"has-post-thumbnail","6":"product_cat-tradgardspaviljonger-skarmtak-paviljonger","7":"product_cat-utemiljo","9":"first","10":"instock","11":"sale","12":"taxable","13":"shipping-taxable","14":"purchasable","15":"product-type-simple"},"acf":[],"_links":{"self":[{"href":"https:\/\/abpolar.ee\/sv\/wp-json\/wp\/v2\/product\/11894","targetHints":{"allow":["GET"]}}],"collection":[{"href":"https:\/\/abpolar.ee\/sv\/wp-json\/wp\/v2\/product"}],"about":[{"href":"https:\/\/abpolar.ee\/sv\/wp-json\/wp\/v2\/types\/product"}],"wp:featuredmedia":[{"embeddable":true,"href":"https:\/\/abpolar.ee\/sv\/wp-json\/wp\/v2\/media\/10370"}],"wp:attachment":[{"href":"https:\/\/abpolar.ee\/sv\/wp-json\/wp\/v2\/media?parent=11894"}],"wp:term":[{"taxonomy":"product_brand","embeddable":true,"href":"https:\/\/abpolar.ee\/sv\/wp-json\/wp\/v2\/product_brand?post=11894"},{"taxonomy":"product_cat","embeddable":true,"href":"https:\/\/abpolar.ee\/sv\/wp-json\/wp\/v2\/product_cat?post=11894"},{"taxonomy":"product_tag","embeddable":true,"href":"https:\/\/abpolar.ee\/sv\/wp-json\/wp\/v2\/product_tag?post=11894"}],"curies":[{"name":"wp","href":"https:\/\/api.w.org\/{rel}","templated":true}]}}