{"id":11901,"date":"2022-11-17T16:09:38","date_gmt":"2022-11-17T14:09:38","guid":{"rendered":"https:\/\/abpolar-ee.vserver.zonevs.eu\/?post_type=product&#038;p=11901"},"modified":"2023-12-19T11:17:22","modified_gmt":"2023-12-19T09:17:22","slug":"markskruv-med-en-fast-balksko-76x1000mm","status":"publish","type":"product","link":"https:\/\/abpolar.ee\/sv\/produkt\/markskruv-med-en-fast-balksko-76x1000mm\/","title":{"rendered":"Markskruv med en fast balksko 76x1000mm"},"content":{"rendered":"<h2>Markskruv med en fast balksko 76x1000mm<\/h2>\n<p>Anv\u00e4nds n\u00e4r markf\u00f6rh\u00e5llande och\/eller konstruktion inte kr\u00e4ver flexibilitet. Markskruv\u00a0(stolpben, skruvp\u00e5le, st\u00e5lp\u00e5le) l\u00e4mpar sig v\u00e4l f\u00f6r att fixera konstruktioner av tr\u00e4dg\u00e5rdsbodar, garage, tr\u00e4dg\u00e5rdst\u00e4lt, v\u00e4xthus, terrasser och modulhus.<br \/>\nInget behov av betong, inget behov av att gr\u00e4va h\u00e5l.<br \/>\nMetallskruvfundamentet (skruvp\u00e5len) har en varmf\u00f6rzinkad bel\u00e4ggning och \u00e4r v\u00e4derbest\u00e4ndig och l\u00e4mplig f\u00f6r utomhusbruk.<br \/>\nSkruvfundament \u00e4r designade f\u00f6r manuell installation.<\/p>\n<p>L\u00e4ngd: 1000 mm<br \/>\nDiameter: 76 mm<br \/>\nBesk\u00e4rningssko: 75x130mm<br \/>\nG\u00e4ngl\u00e4ngd: 560 mm<\/p>\n","protected":false},"excerpt":{"rendered":"<p>Markskruv med en fast balksko 76x1000mm Anv\u00e4nds n\u00e4r markf\u00f6rh\u00e5llande och\/eller konstruktion inte kr\u00e4ver flexibilitet. Markskruv\u00a0(stolpben,&#8230;<\/p>\n","protected":false},"featured_media":9284,"template":"","meta":{"_acf_changed":false,"inline_featured_image":false},"product_brand":[],"product_cat":[547,546],"product_tag":[],"class_list":{"0":"post-11901","1":"product","2":"type-product","3":"status-publish","4":"has-post-thumbnail","6":"product_cat-skruvfundament","7":"product_cat-tradgardsanlaggningar","8":"product_shipping_class-paket-upp-till-30kg","10":"first","11":"instock","12":"taxable","13":"shipping-taxable","14":"purchasable","15":"product-type-simple"},"acf":[],"_links":{"self":[{"href":"https:\/\/abpolar.ee\/sv\/wp-json\/wp\/v2\/product\/11901","targetHints":{"allow":["GET"]}}],"collection":[{"href":"https:\/\/abpolar.ee\/sv\/wp-json\/wp\/v2\/product"}],"about":[{"href":"https:\/\/abpolar.ee\/sv\/wp-json\/wp\/v2\/types\/product"}],"wp:featuredmedia":[{"embeddable":true,"href":"https:\/\/abpolar.ee\/sv\/wp-json\/wp\/v2\/media\/9284"}],"wp:attachment":[{"href":"https:\/\/abpolar.ee\/sv\/wp-json\/wp\/v2\/media?parent=11901"}],"wp:term":[{"taxonomy":"product_brand","embeddable":true,"href":"https:\/\/abpolar.ee\/sv\/wp-json\/wp\/v2\/product_brand?post=11901"},{"taxonomy":"product_cat","embeddable":true,"href":"https:\/\/abpolar.ee\/sv\/wp-json\/wp\/v2\/product_cat?post=11901"},{"taxonomy":"product_tag","embeddable":true,"href":"https:\/\/abpolar.ee\/sv\/wp-json\/wp\/v2\/product_tag?post=11901"}],"curies":[{"name":"wp","href":"https:\/\/api.w.org\/{rel}","templated":true}]}}