{"id":11908,"date":"2022-11-17T16:09:29","date_gmt":"2022-11-17T14:09:29","guid":{"rendered":"https:\/\/abpolar-ee.vserver.zonevs.eu\/?post_type=product&#038;p=11908"},"modified":"2023-12-19T11:34:13","modified_gmt":"2023-12-19T09:34:13","slug":"tradgardssoffa-napoli-rottinggra-for-32","status":"publish","type":"product","link":"https:\/\/abpolar.ee\/sv\/produkt\/tradgardssoffa-napoli-rottinggra-for-32\/","title":{"rendered":"Tr\u00e4dg\u00e5rdssoffa NAPOLI rottinggr\u00e5 f\u00f6r 3+2"},"content":{"rendered":"<h2>Tr\u00e4dg\u00e5rdssoffa NAPOLI rottinggr\u00e5 f\u00f6r 3+2<\/h2>\n<p class=\"title h4\">Beskrivning<\/p>\n<div class=\"value content\">\n<p>Denna trendiga loungegrupp har en elegant, modern design och \u00e4r perfekt f\u00f6r middagar eller avkoppling utomhus.<\/p>\n<p>V\u00e4derbest\u00e4ndigt material: PE-rotting, \u00e4ven kallat konstrotting, \u00e4r v\u00e4derbest\u00e4ndigt och l\u00e4tt att reng\u00f6ra. Det h\u00e5ller sig vackert utomhus under en l\u00e5ng tid. Det \u00e4r mer ekonomiskt \u00e4n andra material, samtidigt som det erbjuder bra kvalitet, bekv\u00e4mlighet och ett estetiskt utseende.<\/p>\n<ul>\n<li>Stabil ram: St\u00e5l \u00e4r ett exceptionellt h\u00e5rt och starkt material. Det \u00e4r mycket robust och stabilt. Pulverlackeringen p\u00e5 st\u00e5let skapar en barri\u00e4r mot slitage.<\/li>\n<li>Modul\u00e4r design: Varje del \u00e4r l\u00e4tt att flytta runt, vilket g\u00f6r det enkelt f\u00f6r dig att skapa olika layouter som passar dina behov. Du kan ocks\u00e5 hitta de enskilda artiklarna i v\u00e5r webbshop f\u00f6r att m\u00f6blera sj\u00e4lv.<\/li>\n<li>Bekv\u00e4m sittupplevelse: Upps\u00e4ttningen \u00e4r mycket bekv\u00e4m tack vare dess tjockt vadderade sits- och ryggkuddar.<\/li>\n<\/ul>\n<p>Observera:<\/p>\n<ul>\n<li>F\u00f6r att f\u00f6rl\u00e4nga livsl\u00e4ngden p\u00e5 din utem\u00f6bel rekommenderar vi att du skyddar den med ett vattent\u00e4tt \u00f6verdrag.<\/li>\n<li>\n<p id=\"tw-target-text\" class=\"tw-data-text tw-text-large tw-ta\" dir=\"ltr\" data-placeholder=\"T\u00f5lge\" data-ved=\"2ahUKEwiFw5yhk5uDAxWUQ_EDHQpxAwsQ3ewLegQIBRAQ\"><span class=\"Y2IQFc\" lang=\"sv\">M\u00e5tt: 1\u00d73 &#8211; 192x72x62cm, 1\u00d72 &#8211; 122x72x62cm Bord: 5mm h\u00e4rdat glas, 60x60x60cm <\/span><\/p>\n<\/li>\n<li>\n<p id=\"tw-target-text\" class=\"tw-data-text tw-text-large tw-ta\" dir=\"ltr\" data-placeholder=\"T\u00f5lge\" data-ved=\"2ahUKEwiFw5yhk5uDAxWUQ_EDHQpxAwsQ3ewLegQIBRAQ\"><span class=\"Y2IQFc\" lang=\"sv\">Material: st\u00e5lr\u00f6r och UV-best\u00e4ndig rotting F\u00e4rg: gr\u00e5<\/span><\/p>\n<\/li>\n<\/ul>\n<\/div>\n","protected":false},"excerpt":{"rendered":"<p>Tr\u00e4dg\u00e5rdssoffa NAPOLI rottinggr\u00e5 f\u00f6r 3+2 Beskrivning Denna trendiga loungegrupp har en elegant, modern design och&#8230;<\/p>\n","protected":false},"featured_media":9382,"template":"","meta":{"_acf_changed":false,"inline_featured_image":false},"product_brand":[],"product_cat":[542,541,539,543],"product_tag":[],"class_list":{"0":"post-11908","1":"product","2":"type-product","3":"status-publish","4":"has-post-thumbnail","6":"product_cat-tradgardsmobler-sv","7":"product_cat-tradgardsmobler","8":"product_cat-tradgardsstolar-och-tradgardssoffor","9":"product_cat-utemiljo","10":"product_shipping_class-eur-sv","12":"first","13":"instock","14":"sale","15":"taxable","16":"shipping-taxable","17":"purchasable","18":"product-type-simple"},"acf":[],"_links":{"self":[{"href":"https:\/\/abpolar.ee\/sv\/wp-json\/wp\/v2\/product\/11908","targetHints":{"allow":["GET"]}}],"collection":[{"href":"https:\/\/abpolar.ee\/sv\/wp-json\/wp\/v2\/product"}],"about":[{"href":"https:\/\/abpolar.ee\/sv\/wp-json\/wp\/v2\/types\/product"}],"wp:featuredmedia":[{"embeddable":true,"href":"https:\/\/abpolar.ee\/sv\/wp-json\/wp\/v2\/media\/9382"}],"wp:attachment":[{"href":"https:\/\/abpolar.ee\/sv\/wp-json\/wp\/v2\/media?parent=11908"}],"wp:term":[{"taxonomy":"product_brand","embeddable":true,"href":"https:\/\/abpolar.ee\/sv\/wp-json\/wp\/v2\/product_brand?post=11908"},{"taxonomy":"product_cat","embeddable":true,"href":"https:\/\/abpolar.ee\/sv\/wp-json\/wp\/v2\/product_cat?post=11908"},{"taxonomy":"product_tag","embeddable":true,"href":"https:\/\/abpolar.ee\/sv\/wp-json\/wp\/v2\/product_tag?post=11908"}],"curies":[{"name":"wp","href":"https:\/\/api.w.org\/{rel}","templated":true}]}}