{"id":11909,"date":"2022-11-17T16:09:39","date_gmt":"2022-11-17T14:09:39","guid":{"rendered":"https:\/\/abpolar-ee.vserver.zonevs.eu\/?post_type=product&#038;p=11909"},"modified":"2023-12-19T11:32:01","modified_gmt":"2023-12-19T09:32:01","slug":"jordankare-76x1400mm-kzn-top-platta","status":"publish","type":"product","link":"https:\/\/abpolar.ee\/sv\/produkt\/jordankare-76x1400mm-kzn-top-platta\/","title":{"rendered":"Jordankare 76x1400mm KZN + top platta"},"content":{"rendered":"<h2>Jordankare 76x1400mm KZN + top platta<\/h2>\n<p>De \u00e4r v\u00e4l l\u00e4mpade f\u00f6r att s\u00e4kra tr\u00e4dg\u00e5rdsskjul, garage, tr\u00e4dg\u00e5rdst\u00e4lt, v\u00e4xthus, terrasser och modul\u00e4ra huskonstruktioner.<\/p>\n<p>Skruvfundament \u00e4r designade f\u00f6r manuell installation. St\u00f6rre dimensioner kan \u00e4ven monteras maskinellt.<\/p>\n<p>L\u00e4ngd: 1400 mm<br \/>\nDiameter: 76 mm<br \/>\nMonteringsplatta: 220x8mm<br \/>\nG\u00e4ngl\u00e4ngd: 900 mm<br \/>\nV\u00e4ggtjocklek 3 mm<br \/>\nVarmf\u00f6rzinkad<\/p>\n","protected":false},"excerpt":{"rendered":"<p>Jordankare 76x1400mm KZN + top platta De \u00e4r v\u00e4l l\u00e4mpade f\u00f6r att s\u00e4kra tr\u00e4dg\u00e5rdsskjul, garage,&#8230;<\/p>\n","protected":false},"featured_media":9321,"template":"","meta":{"_acf_changed":false,"inline_featured_image":false},"product_brand":[],"product_cat":[547,546],"product_tag":[],"class_list":{"0":"post-11909","1":"product","2":"type-product","3":"status-publish","4":"has-post-thumbnail","6":"product_cat-skruvfundament","7":"product_cat-tradgardsanlaggningar","8":"product_shipping_class-paket-upp-till-30kg","10":"first","11":"instock","12":"taxable","13":"shipping-taxable","14":"purchasable","15":"product-type-simple"},"acf":[],"_links":{"self":[{"href":"https:\/\/abpolar.ee\/sv\/wp-json\/wp\/v2\/product\/11909","targetHints":{"allow":["GET"]}}],"collection":[{"href":"https:\/\/abpolar.ee\/sv\/wp-json\/wp\/v2\/product"}],"about":[{"href":"https:\/\/abpolar.ee\/sv\/wp-json\/wp\/v2\/types\/product"}],"wp:featuredmedia":[{"embeddable":true,"href":"https:\/\/abpolar.ee\/sv\/wp-json\/wp\/v2\/media\/9321"}],"wp:attachment":[{"href":"https:\/\/abpolar.ee\/sv\/wp-json\/wp\/v2\/media?parent=11909"}],"wp:term":[{"taxonomy":"product_brand","embeddable":true,"href":"https:\/\/abpolar.ee\/sv\/wp-json\/wp\/v2\/product_brand?post=11909"},{"taxonomy":"product_cat","embeddable":true,"href":"https:\/\/abpolar.ee\/sv\/wp-json\/wp\/v2\/product_cat?post=11909"},{"taxonomy":"product_tag","embeddable":true,"href":"https:\/\/abpolar.ee\/sv\/wp-json\/wp\/v2\/product_tag?post=11909"}],"curies":[{"name":"wp","href":"https:\/\/api.w.org\/{rel}","templated":true}]}}