{"id":11923,"date":"2022-11-17T16:09:10","date_gmt":"2022-11-17T14:09:10","guid":{"rendered":"https:\/\/abpolar-ee.vserver.zonevs.eu\/?post_type=product&#038;p=11923"},"modified":"2023-12-19T13:39:46","modified_gmt":"2023-12-19T11:39:46","slug":"tradgardsmobelset-ibiza-bord-4-stolar","status":"publish","type":"product","link":"https:\/\/abpolar.ee\/sv\/produkt\/tradgardsmobelset-ibiza-bord-4-stolar\/","title":{"rendered":"Tr\u00e4dg\u00e5rdsm\u00f6belset IBIZA bord + 4 stolar"},"content":{"rendered":"<h2 id=\"tw-target-text\" class=\"tw-data-text tw-text-large tw-ta\" dir=\"ltr\" data-placeholder=\"T\u00f5lge\" data-ved=\"2ahUKEwiFw5yhk5uDAxWUQ_EDHQpxAwsQ3ewLegQIBRAQ\"><span class=\"Y2IQFc\" lang=\"sv\">Tr\u00e4dg\u00e5rdsm\u00f6belset IBIZA bord + 4 stolar<\/span><\/h2>\n<p id=\"tw-target-text\" class=\"tw-data-text tw-text-large tw-ta\" dir=\"ltr\" data-placeholder=\"T\u00f5lge\" data-ved=\"2ahUKEwiFw5yhk5uDAxWUQ_EDHQpxAwsQ3ewLegQIBRAQ\"><span class=\"Y2IQFc\" lang=\"sv\">Tr\u00e4dg\u00e5rdsm\u00f6bler IBIZA 5-delat.<br \/>\nTr\u00e4dg\u00e5rdsm\u00f6belsetet i 5 delar best\u00e5r av 4 stolar och 1 bord.<br \/>\nStolens ryggst\u00f6d kan justeras i fyra l\u00e4gen f\u00f6r att hitta en mer bekv\u00e4m position.<br \/>\nStolens sits och rygg \u00e4r gjorda av slitstarkt svart textilmaterial.<br \/>\nStolen \u00e4r hopf\u00e4llbar vilket g\u00f6r den l\u00e4ttare att f\u00f6rvara.<br \/>\nM\u00f6blerna \u00e4r v\u00e4derbest\u00e4ndiga.<br \/>\nStolens m\u00e5tt 84x55x65cm, sitth\u00f6jd 43cm, hopf\u00e4lld stol h\u00f6jd 110cm, material textline.<br \/>\nAluminiumr\u00f6r, gr\u00e5tt.<br \/>\nDen maximala belastningen p\u00e5 stolen \u00e4r 120 kg. Bordsm\u00e5tt 74x80x80cm.<br \/>\nMaterial PS plast Ram aluminiumr\u00f6r 50x37mm, 45x45mm, gr\u00e5.<br \/>\nBordets maxlast \u00e4r 100 kg<\/span><\/p>\n","protected":false},"excerpt":{"rendered":"<p>Tr\u00e4dg\u00e5rdsm\u00f6belset IBIZA bord + 4 stolar Tr\u00e4dg\u00e5rdsm\u00f6bler IBIZA 5-delat. Tr\u00e4dg\u00e5rdsm\u00f6belsetet i 5 delar best\u00e5r av&#8230;<\/p>\n","protected":false},"featured_media":9403,"template":"","meta":{"_acf_changed":false,"inline_featured_image":false},"product_brand":[],"product_cat":[541,542],"product_tag":[],"class_list":{"0":"post-11923","1":"product","2":"type-product","3":"status-publish","4":"has-post-thumbnail","6":"product_cat-tradgardsmobler","7":"product_cat-tradgardsmobler-sv","9":"first","10":"instock","11":"sale","12":"taxable","13":"shipping-taxable","14":"purchasable","15":"product-type-simple"},"acf":[],"_links":{"self":[{"href":"https:\/\/abpolar.ee\/sv\/wp-json\/wp\/v2\/product\/11923","targetHints":{"allow":["GET"]}}],"collection":[{"href":"https:\/\/abpolar.ee\/sv\/wp-json\/wp\/v2\/product"}],"about":[{"href":"https:\/\/abpolar.ee\/sv\/wp-json\/wp\/v2\/types\/product"}],"wp:featuredmedia":[{"embeddable":true,"href":"https:\/\/abpolar.ee\/sv\/wp-json\/wp\/v2\/media\/9403"}],"wp:attachment":[{"href":"https:\/\/abpolar.ee\/sv\/wp-json\/wp\/v2\/media?parent=11923"}],"wp:term":[{"taxonomy":"product_brand","embeddable":true,"href":"https:\/\/abpolar.ee\/sv\/wp-json\/wp\/v2\/product_brand?post=11923"},{"taxonomy":"product_cat","embeddable":true,"href":"https:\/\/abpolar.ee\/sv\/wp-json\/wp\/v2\/product_cat?post=11923"},{"taxonomy":"product_tag","embeddable":true,"href":"https:\/\/abpolar.ee\/sv\/wp-json\/wp\/v2\/product_tag?post=11923"}],"curies":[{"name":"wp","href":"https:\/\/api.w.org\/{rel}","templated":true}]}}