{"id":11932,"date":"2022-11-17T16:09:28","date_gmt":"2022-11-17T14:09:28","guid":{"rendered":"https:\/\/abpolar-ee.vserver.zonevs.eu\/?post_type=product&#038;p=11932"},"modified":"2023-12-19T14:06:18","modified_gmt":"2023-12-19T12:06:18","slug":"tradgardsmobelset-malaga-runt-bord-4-stolar","status":"publish","type":"product","link":"https:\/\/abpolar.ee\/sv\/produkt\/tradgardsmobelset-malaga-runt-bord-4-stolar\/","title":{"rendered":"Tr\u00e4dg\u00e5rdsm\u00f6belset Malaga, runt bord + 4 stolar"},"content":{"rendered":"<h2 id=\"tw-target-text\" class=\"tw-data-text tw-text-large tw-ta\" dir=\"ltr\" data-placeholder=\"T\u00f5lge\" data-ved=\"2ahUKEwiFw5yhk5uDAxWUQ_EDHQpxAwsQ3ewLegQIBRAQ\"><span class=\"Y2IQFc\" lang=\"sv\">Tr\u00e4dg\u00e5rdsm\u00f6belset Malaga, runt bord + 4 stolar<\/span><\/h2>\n<p id=\"tw-target-text\" class=\"tw-data-text tw-text-large tw-ta\" dir=\"ltr\" data-placeholder=\"T\u00f5lge\" data-ved=\"2ahUKEwiFw5yhk5uDAxWUQ_EDHQpxAwsQ3ewLegQIBRAQ\"><span class=\"Y2IQFc\" lang=\"sv\">Tr\u00e4dg\u00e5rdsm\u00f6belset inneh\u00e5ller ett bord och 4 stolar.<br \/>\nPerfekt att anv\u00e4nda i tr\u00e4dg\u00e5rden och p\u00e5 terrassen.<br \/>\nTr\u00e4dg\u00e5rdsbordet \u00e4r tillverkat av kompositst\u00e5l.<br \/>\nBordsskivan \u00e4r gjord av 5 mm h\u00e4rdat glas med en \u00f6ppning p\u00e5 5 cm i solskydd.<br \/>\nStolen \u00e4r gjord av kompositst\u00e5l.<br \/>\nSits och rygg av vattenavvisande tyg, som t\u00e5l v\u00e4derf\u00f6rh\u00e5llanden bra och \u00e4r motst\u00e5ndskraftig mot m\u00f6gel.<br \/>\nStolen \u00e4r l\u00e4tt, v\u00e4derbest\u00e4ndig och stapelbar.<br \/>\nStolens maximala b\u00e4rf\u00f6rm\u00e5ga \u00e4r 120 kg.<br \/>\nSvart f\u00e4rg Runt bord, diameter 100 cm, h\u00f6jd 70 cm Vikt 15 kg<\/span><\/p>\n","protected":false},"excerpt":{"rendered":"<p>Tr\u00e4dg\u00e5rdsm\u00f6belset Malaga, runt bord + 4 stolar Tr\u00e4dg\u00e5rdsm\u00f6belset inneh\u00e5ller ett bord och 4 stolar. Perfekt&#8230;<\/p>\n","protected":false},"featured_media":10127,"template":"","meta":{"_acf_changed":false,"inline_featured_image":false},"product_brand":[],"product_cat":[541,542,543],"product_tag":[],"class_list":{"0":"post-11932","1":"product","2":"type-product","3":"status-publish","4":"has-post-thumbnail","6":"product_cat-tradgardsmobler","7":"product_cat-tradgardsmobler-sv","8":"product_cat-utemiljo","10":"first","11":"instock","12":"sale","13":"taxable","14":"shipping-taxable","15":"purchasable","16":"product-type-simple"},"acf":[],"_links":{"self":[{"href":"https:\/\/abpolar.ee\/sv\/wp-json\/wp\/v2\/product\/11932","targetHints":{"allow":["GET"]}}],"collection":[{"href":"https:\/\/abpolar.ee\/sv\/wp-json\/wp\/v2\/product"}],"about":[{"href":"https:\/\/abpolar.ee\/sv\/wp-json\/wp\/v2\/types\/product"}],"wp:featuredmedia":[{"embeddable":true,"href":"https:\/\/abpolar.ee\/sv\/wp-json\/wp\/v2\/media\/10127"}],"wp:attachment":[{"href":"https:\/\/abpolar.ee\/sv\/wp-json\/wp\/v2\/media?parent=11932"}],"wp:term":[{"taxonomy":"product_brand","embeddable":true,"href":"https:\/\/abpolar.ee\/sv\/wp-json\/wp\/v2\/product_brand?post=11932"},{"taxonomy":"product_cat","embeddable":true,"href":"https:\/\/abpolar.ee\/sv\/wp-json\/wp\/v2\/product_cat?post=11932"},{"taxonomy":"product_tag","embeddable":true,"href":"https:\/\/abpolar.ee\/sv\/wp-json\/wp\/v2\/product_tag?post=11932"}],"curies":[{"name":"wp","href":"https:\/\/api.w.org\/{rel}","templated":true}]}}