{"id":11942,"date":"2022-11-17T16:09:27","date_gmt":"2022-11-17T14:09:27","guid":{"rendered":"https:\/\/abpolar-ee.vserver.zonevs.eu\/?post_type=product&#038;p=11942"},"modified":"2023-12-19T14:15:12","modified_gmt":"2023-12-19T12:15:12","slug":"glasbord-malaga-runda-100cm","status":"publish","type":"product","link":"https:\/\/abpolar.ee\/sv\/produkt\/glasbord-malaga-runda-100cm\/","title":{"rendered":"Glasbord Malaga runda 100cm"},"content":{"rendered":"<h2>Glasbord Malaga runda 100cm<\/h2>\n<p id=\"tw-target-text\" class=\"tw-data-text tw-text-large tw-ta\" dir=\"ltr\" data-placeholder=\"T\u00f5lge\" data-ved=\"2ahUKEwiFw5yhk5uDAxWUQ_EDHQpxAwsQ3ewLegQIBRAQ\"><span class=\"Y2IQFc\" lang=\"sv\">Tr\u00e4dg\u00e5rdsbordet \u00e4r tillverkat av kompositst\u00e5l.<br \/>\nBordsskivan \u00e4r gjord av 5 mm h\u00e4rdat glas med en solskydds\u00f6ppning p\u00e5 5 cm i diameter.<br \/>\nIdealisk f\u00f6r anv\u00e4ndning i tr\u00e4dg\u00e5rdar och terrasser.<br \/>\nSvart f\u00e4rg<\/span><\/p>\n","protected":false},"excerpt":{"rendered":"<p>Glasbord Malaga runda 100cm Tr\u00e4dg\u00e5rdsbordet \u00e4r tillverkat av kompositst\u00e5l. Bordsskivan \u00e4r gjord av 5 mm&#8230;<\/p>\n","protected":false},"featured_media":9477,"template":"","meta":{"_acf_changed":false,"inline_featured_image":false},"product_brand":[],"product_cat":[540,541,543],"product_tag":[],"class_list":{"0":"post-11942","1":"product","2":"type-product","3":"status-publish","4":"has-post-thumbnail","6":"product_cat-tradgardsbord","7":"product_cat-tradgardsmobler","8":"product_cat-utemiljo","9":"product_shipping_class-paket-upp-till-30kg","11":"first","12":"instock","13":"sale","14":"taxable","15":"shipping-taxable","16":"purchasable","17":"product-type-simple"},"acf":[],"_links":{"self":[{"href":"https:\/\/abpolar.ee\/sv\/wp-json\/wp\/v2\/product\/11942","targetHints":{"allow":["GET"]}}],"collection":[{"href":"https:\/\/abpolar.ee\/sv\/wp-json\/wp\/v2\/product"}],"about":[{"href":"https:\/\/abpolar.ee\/sv\/wp-json\/wp\/v2\/types\/product"}],"wp:featuredmedia":[{"embeddable":true,"href":"https:\/\/abpolar.ee\/sv\/wp-json\/wp\/v2\/media\/9477"}],"wp:attachment":[{"href":"https:\/\/abpolar.ee\/sv\/wp-json\/wp\/v2\/media?parent=11942"}],"wp:term":[{"taxonomy":"product_brand","embeddable":true,"href":"https:\/\/abpolar.ee\/sv\/wp-json\/wp\/v2\/product_brand?post=11942"},{"taxonomy":"product_cat","embeddable":true,"href":"https:\/\/abpolar.ee\/sv\/wp-json\/wp\/v2\/product_cat?post=11942"},{"taxonomy":"product_tag","embeddable":true,"href":"https:\/\/abpolar.ee\/sv\/wp-json\/wp\/v2\/product_tag?post=11942"}],"curies":[{"name":"wp","href":"https:\/\/api.w.org\/{rel}","templated":true}]}}