{"id":11947,"date":"2022-11-17T16:08:29","date_gmt":"2022-11-17T14:08:29","guid":{"rendered":"https:\/\/abpolar-ee.vserver.zonevs.eu\/?post_type=product&#038;p=11947"},"modified":"2023-12-19T14:27:03","modified_gmt":"2023-12-19T12:27:03","slug":"bord-hopfallbart-180x74x74cm-vit","status":"publish","type":"product","link":"https:\/\/abpolar.ee\/sv\/produkt\/bord-hopfallbart-180x74x74cm-vit\/","title":{"rendered":"Bord Hopf\u00e4llbart 180x74x74cm vit"},"content":{"rendered":"<h2>Bord Hopf\u00e4llbart 180x74x74cm vit<\/h2>\n<p>Stadigt, hopf\u00e4llbart bord med sl\u00e4t plastyta och praktiskt handtag som g\u00f6r det enkelt att b\u00e4ra.<br \/>\nFungerar utm\u00e4rkt som sideboard p\u00e5 m\u00e4ssor och events eller som ett praktiskt bord i f\u00f6rt\u00e4ltet p\u00e5 campingen.<\/p>\n<p id=\"tw-target-text\" class=\"tw-data-text tw-text-large tw-ta\" dir=\"ltr\" data-placeholder=\"T\u00f5lge\" data-ved=\"2ahUKEwiFw5yhk5uDAxWUQ_EDHQpxAwsQ3ewLegQIBRAQ\"><span class=\"Y2IQFc\" lang=\"sv\">M\u00e5tt: 180x74x74 cm<br \/>\nPaketstorlek: 91x75x8cm<br \/>\nBordsskiva tjocklek: 4,3 cm HDPE<br \/>\nF\u00e4rg: tallrik vit; ram gr\u00e5<\/span><\/p>\n","protected":false},"excerpt":{"rendered":"<p>Bord Hopf\u00e4llbart 180x74x74cm vit Stadigt, hopf\u00e4llbart bord med sl\u00e4t plastyta och praktiskt handtag som g\u00f6r&#8230;<\/p>\n","protected":false},"featured_media":9475,"template":"","meta":{"_acf_changed":false,"inline_featured_image":false},"product_brand":[],"product_cat":[463,540,541,543],"product_tag":[],"class_list":{"0":"post-11947","1":"product","2":"type-product","3":"status-publish","4":"has-post-thumbnail","6":"product_cat-fyndhorna","7":"product_cat-tradgardsbord","8":"product_cat-tradgardsmobler","9":"product_cat-utemiljo","10":"product_shipping_class-litet-paket","12":"first","13":"instock","14":"taxable","15":"shipping-taxable","16":"purchasable","17":"product-type-simple"},"acf":[],"_links":{"self":[{"href":"https:\/\/abpolar.ee\/sv\/wp-json\/wp\/v2\/product\/11947","targetHints":{"allow":["GET"]}}],"collection":[{"href":"https:\/\/abpolar.ee\/sv\/wp-json\/wp\/v2\/product"}],"about":[{"href":"https:\/\/abpolar.ee\/sv\/wp-json\/wp\/v2\/types\/product"}],"wp:featuredmedia":[{"embeddable":true,"href":"https:\/\/abpolar.ee\/sv\/wp-json\/wp\/v2\/media\/9475"}],"wp:attachment":[{"href":"https:\/\/abpolar.ee\/sv\/wp-json\/wp\/v2\/media?parent=11947"}],"wp:term":[{"taxonomy":"product_brand","embeddable":true,"href":"https:\/\/abpolar.ee\/sv\/wp-json\/wp\/v2\/product_brand?post=11947"},{"taxonomy":"product_cat","embeddable":true,"href":"https:\/\/abpolar.ee\/sv\/wp-json\/wp\/v2\/product_cat?post=11947"},{"taxonomy":"product_tag","embeddable":true,"href":"https:\/\/abpolar.ee\/sv\/wp-json\/wp\/v2\/product_tag?post=11947"}],"curies":[{"name":"wp","href":"https:\/\/api.w.org\/{rel}","templated":true}]}}