{"id":11950,"date":"2022-11-17T16:08:44","date_gmt":"2022-11-17T14:08:44","guid":{"rendered":"https:\/\/abpolar-ee.vserver.zonevs.eu\/?post_type=product&#038;p=11950"},"modified":"2023-12-19T14:34:56","modified_gmt":"2023-12-19T12:34:56","slug":"hopfallbart-bord-runt-80cm-vit","status":"publish","type":"product","link":"https:\/\/abpolar.ee\/sv\/produkt\/hopfallbart-bord-runt-80cm-vit\/","title":{"rendered":"Hopf\u00e4llbart bord runt 80cm vit"},"content":{"rendered":"<h2 id=\"tw-target-text\" class=\"tw-data-text tw-text-large tw-ta\" dir=\"ltr\" data-placeholder=\"T\u00f5lge\" data-ved=\"2ahUKEwiFw5yhk5uDAxWUQ_EDHQpxAwsQ3ewLegQIBRAQ\"><span class=\"Y2IQFc\" lang=\"sv\">Hopf\u00e4llbart bord runt 80cm vit<\/span><\/h2>\n<p id=\"tw-target-text\" class=\"tw-data-text tw-text-large tw-ta\" dir=\"ltr\" data-placeholder=\"T\u00f5lge\" data-ved=\"2ahUKEwiFw5yhk5uDAxWUQ_EDHQpxAwsQ3ewLegQIBRAQ\"><span class=\"Y2IQFc\" lang=\"sv\">Ett hopf\u00e4llbart runt bord \u00e4r helt enkelt ett b\u00e4rbart bord.<br \/>\nSt\u00e5lben g\u00f6r bordet h\u00e5llbart.<br \/>\nBordsdiameter: 81 cm.<br \/>\nBordsh\u00f6jd: 74cm.<br \/>\nPaketstorlek: 105x82x5,5cm.<br \/>\nBordsskiva tjocklek: 4,5 cm HDPE.<br \/>\nF\u00e4rg: tallrik vit; ram gr\u00e5<\/span><\/p>\n","protected":false},"excerpt":{"rendered":"<p>Hopf\u00e4llbart bord runt 80cm vit Ett hopf\u00e4llbart runt bord \u00e4r helt enkelt ett b\u00e4rbart bord&#8230;.<\/p>\n","protected":false},"featured_media":9471,"template":"","meta":{"_acf_changed":false,"inline_featured_image":false},"product_brand":[],"product_cat":[540,541,543],"product_tag":[],"class_list":{"0":"post-11950","1":"product","2":"type-product","3":"status-publish","4":"has-post-thumbnail","6":"product_cat-tradgardsbord","7":"product_cat-tradgardsmobler","8":"product_cat-utemiljo","9":"product_shipping_class-paket-upp-till-30kg","11":"first","12":"instock","13":"taxable","14":"shipping-taxable","15":"purchasable","16":"product-type-simple"},"acf":[],"_links":{"self":[{"href":"https:\/\/abpolar.ee\/sv\/wp-json\/wp\/v2\/product\/11950","targetHints":{"allow":["GET"]}}],"collection":[{"href":"https:\/\/abpolar.ee\/sv\/wp-json\/wp\/v2\/product"}],"about":[{"href":"https:\/\/abpolar.ee\/sv\/wp-json\/wp\/v2\/types\/product"}],"wp:featuredmedia":[{"embeddable":true,"href":"https:\/\/abpolar.ee\/sv\/wp-json\/wp\/v2\/media\/9471"}],"wp:attachment":[{"href":"https:\/\/abpolar.ee\/sv\/wp-json\/wp\/v2\/media?parent=11950"}],"wp:term":[{"taxonomy":"product_brand","embeddable":true,"href":"https:\/\/abpolar.ee\/sv\/wp-json\/wp\/v2\/product_brand?post=11950"},{"taxonomy":"product_cat","embeddable":true,"href":"https:\/\/abpolar.ee\/sv\/wp-json\/wp\/v2\/product_cat?post=11950"},{"taxonomy":"product_tag","embeddable":true,"href":"https:\/\/abpolar.ee\/sv\/wp-json\/wp\/v2\/product_tag?post=11950"}],"curies":[{"name":"wp","href":"https:\/\/api.w.org\/{rel}","templated":true}]}}