{"id":11953,"date":"2022-11-17T16:08:08","date_gmt":"2022-11-17T14:08:08","guid":{"rendered":"https:\/\/abpolar-ee.vserver.zonevs.eu\/?post_type=product&#038;p=11953"},"modified":"2023-12-19T14:37:04","modified_gmt":"2023-12-19T12:37:04","slug":"infrarod-bastu-for-4-personer-vit","status":"publish","type":"product","link":"https:\/\/abpolar.ee\/sv\/produkt\/infrarod-bastu-for-4-personer-vit\/","title":{"rendered":"Infrar\u00f6d bastu f\u00f6r 4 personer, vit"},"content":{"rendered":"<h2>Infrar\u00f6d bastu f\u00f6r 4 personer, vit<\/h2>\n<p>Den infrar\u00f6da bastun f\u00f6r tv\u00e5 \u00e4r en h\u00f6gkvalitativ cederbastu d\u00e4r infrar\u00f6d str\u00e5lning absorberas direkt i v\u00e4vnaderna, vilket framkallar intensiv svettning utan obehag av h\u00f6ga temperaturer. Att svettas i en infrar\u00f6d bastu \u00e4r n\u00e4stan 3 g\u00e5nger mer intensiv j\u00e4mf\u00f6rt med en vanlig bastu (vars temperatur oftast \u00e4r 80-110\u00b0C).<\/p>\n<p><strong>Storlek: 1750x1350x1900mm,<\/strong><br \/>\n<strong>Effekt: 2500W<\/strong><br \/>\n<strong>Kolv\u00e4rmare 7 st<\/strong><br \/>\n<strong>H\u00e4rdat s\u00e4kerhetsglas<\/strong><br \/>\n<strong>CD\/radio<\/strong><br \/>\n<strong>F\u00e4rgterapi<\/strong><br \/>\n<strong>Luftjonisator<\/strong><br \/>\n<strong>Elektronisk kontrollpanel<\/strong><br \/>\n<strong>Led-lampor<\/strong><\/p>\n<p>Infrar\u00f6d Bastu ger dig m\u00f6jligheten att slappna av och har en v\u00e4rme som ger b\u00e5de en k\u00e4nsla av total avslappning och uppfriskning. Denna v\u00e4rme \u00e4r samma v\u00e4rme som solen bjuder p\u00e5 och har en liknande inverkan som motion. Den \u00f6kar och stimulerar blodcirkulationen, f\u00e5r muskler att slappna av, f\u00f6rbr\u00e4nner kalorier, avl\u00e4gsnar och lindrar stress samt ger b\u00e5de fysisk och psykisk avslappning. I dnfrar\u00f6da basturna fr\u00e5n \u00e4r v\u00e4rmarna kolv\u00e4rmare. Kolv\u00e4rmare producerar l\u00e5ngv\u00e5gig infrar\u00f6d v\u00e4rme och \u00e4r k\u00e4nda f\u00f6r sin s\u00e4kerhet, effektivitet och milda men tillr\u00e4ckligt intensiva v\u00e4rme. I allm\u00e4nhet \u00e4r kolv\u00e4rmare klart effektivare och har l\u00e4ngre livsl\u00e4ngd \u00e4n keramiska v\u00e4rmare.<br \/>\nIR-bastu \u00e4r ocks\u00e5 l\u00e4mplig f\u00f6r personer med hj\u00e4rt-, k\u00e4rl- och andningsproblem, eftersom temperaturen h\u00e5lls l\u00e4gre \u00e4n i en vanlig bastu och v\u00e4rmen fortfarande ger samma typ av svettning som under tr\u00e4ning. Den h\u00e4r infrabastun har \u00e4ven Bluetooth-anslutning, vilket g\u00f6r att du kan lyssna p\u00e5 din favoritmusik medan du slappnar av i bastun.<\/p>\n","protected":false},"excerpt":{"rendered":"<p>Infrar\u00f6d bastu f\u00f6r 4 personer, vit Den infrar\u00f6da bastun f\u00f6r tv\u00e5 \u00e4r en h\u00f6gkvalitativ cederbastu&#8230;<\/p>\n","protected":false},"featured_media":10183,"template":"","meta":{"_acf_changed":false,"inline_featured_image":false},"product_brand":[],"product_cat":[487],"product_tag":[],"class_list":{"0":"post-11953","1":"product","2":"type-product","3":"status-publish","4":"has-post-thumbnail","6":"product_cat-infrarod-bastu","8":"first","9":"outofstock","10":"taxable","11":"shipping-taxable","12":"purchasable","13":"product-type-simple"},"acf":[],"_links":{"self":[{"href":"https:\/\/abpolar.ee\/sv\/wp-json\/wp\/v2\/product\/11953","targetHints":{"allow":["GET"]}}],"collection":[{"href":"https:\/\/abpolar.ee\/sv\/wp-json\/wp\/v2\/product"}],"about":[{"href":"https:\/\/abpolar.ee\/sv\/wp-json\/wp\/v2\/types\/product"}],"wp:featuredmedia":[{"embeddable":true,"href":"https:\/\/abpolar.ee\/sv\/wp-json\/wp\/v2\/media\/10183"}],"wp:attachment":[{"href":"https:\/\/abpolar.ee\/sv\/wp-json\/wp\/v2\/media?parent=11953"}],"wp:term":[{"taxonomy":"product_brand","embeddable":true,"href":"https:\/\/abpolar.ee\/sv\/wp-json\/wp\/v2\/product_brand?post=11953"},{"taxonomy":"product_cat","embeddable":true,"href":"https:\/\/abpolar.ee\/sv\/wp-json\/wp\/v2\/product_cat?post=11953"},{"taxonomy":"product_tag","embeddable":true,"href":"https:\/\/abpolar.ee\/sv\/wp-json\/wp\/v2\/product_tag?post=11953"}],"curies":[{"name":"wp","href":"https:\/\/api.w.org\/{rel}","templated":true}]}}