{"id":11968,"date":"2022-11-17T16:09:46","date_gmt":"2022-11-17T14:09:46","guid":{"rendered":"https:\/\/abpolar-ee.vserver.zonevs.eu\/?post_type=product&#038;p=11968"},"modified":"2023-12-19T15:02:38","modified_gmt":"2023-12-19T13:02:38","slug":"fruktpress-18l","status":"publish","type":"product","link":"https:\/\/abpolar.ee\/sv\/produkt\/fruktpress-18l\/","title":{"rendered":"Fruktpress 18L"},"content":{"rendered":"<h2>Fruktpress 18L<\/h2>\n<p>Det vanligaste \u00e4r att pressa \u00e4pplen, men fruktpressen kan \u00e4ven anv\u00e4ndas till annat, som plommon, fl\u00e4der, rabarber eller liknande. Ta till vara p\u00e5 all din frukt och anv\u00e4nd pressen f\u00f6r att g\u00f6ra din egna dryck. Rymmer upp till 18 liter frukt.<br \/>\nEk- och st\u00e5lbeh\u00e5llaren \u00e4r l\u00e4tt att reng\u00f6ra efter krossning.<br \/>\nKrossad frukt ska l\u00e4ggas i korgen.<br \/>\nDen tippbara ramen ger bekv\u00e4m \u00e5tkomst till korgen och fyller den med krossad massa.<br \/>\nJuicern kommer \u00e4ven med 1 filterp\u00e5se.<br \/>\nJuicer hj\u00e4lper till att spara elektricitet!<br \/>\n<strong>M\u00e5tt: 71,5x38x38cm<\/strong><br \/>\n<strong>Paketstorlek: 72x50x38cm<\/strong><br \/>\n<strong>Vikt: 13 kg<\/strong><\/p>\n","protected":false},"excerpt":{"rendered":"<p>Fruktpress 18L Det vanligaste \u00e4r att pressa \u00e4pplen, men fruktpressen kan \u00e4ven anv\u00e4ndas till annat,&#8230;<\/p>\n","protected":false},"featured_media":9669,"template":"","meta":{"_acf_changed":false,"inline_featured_image":false},"product_brand":[],"product_cat":[519],"product_tag":[],"class_list":{"0":"post-11968","1":"product","2":"type-product","3":"status-publish","4":"has-post-thumbnail","6":"product_cat-juicepressar-och-kvarnar","7":"product_shipping_class-paket-upp-till-30kg","9":"first","10":"instock","11":"taxable","12":"shipping-taxable","13":"purchasable","14":"product-type-simple"},"acf":[],"_links":{"self":[{"href":"https:\/\/abpolar.ee\/sv\/wp-json\/wp\/v2\/product\/11968","targetHints":{"allow":["GET"]}}],"collection":[{"href":"https:\/\/abpolar.ee\/sv\/wp-json\/wp\/v2\/product"}],"about":[{"href":"https:\/\/abpolar.ee\/sv\/wp-json\/wp\/v2\/types\/product"}],"wp:featuredmedia":[{"embeddable":true,"href":"https:\/\/abpolar.ee\/sv\/wp-json\/wp\/v2\/media\/9669"}],"wp:attachment":[{"href":"https:\/\/abpolar.ee\/sv\/wp-json\/wp\/v2\/media?parent=11968"}],"wp:term":[{"taxonomy":"product_brand","embeddable":true,"href":"https:\/\/abpolar.ee\/sv\/wp-json\/wp\/v2\/product_brand?post=11968"},{"taxonomy":"product_cat","embeddable":true,"href":"https:\/\/abpolar.ee\/sv\/wp-json\/wp\/v2\/product_cat?post=11968"},{"taxonomy":"product_tag","embeddable":true,"href":"https:\/\/abpolar.ee\/sv\/wp-json\/wp\/v2\/product_tag?post=11968"}],"curies":[{"name":"wp","href":"https:\/\/api.w.org\/{rel}","templated":true}]}}