{"id":11975,"date":"2022-11-17T16:09:09","date_gmt":"2022-11-17T14:09:09","guid":{"rendered":"https:\/\/abpolar-ee.vserver.zonevs.eu\/?post_type=product&#038;p=11975"},"modified":"2023-12-19T15:07:15","modified_gmt":"2023-12-19T13:07:15","slug":"tradgardsljus-rund-granitgra-400mm","status":"publish","type":"product","link":"https:\/\/abpolar.ee\/sv\/produkt\/tradgardsljus-rund-granitgra-400mm\/","title":{"rendered":"Tr\u00e4dg\u00e5rdsljus rund granitgr\u00e5 400mm"},"content":{"rendered":"<h2>Tr\u00e4dg\u00e5rdsljus rund granitgr\u00e5 400mm<\/h2>\n<p>Tr\u00e4dg\u00e5rdslampa \u201dGranite ball\u201d tr\u00e4dg\u00e5rdslampa l\u00e4mplig f\u00f6r utomhusbruk (IP65)<br \/>\n1.) Sp\u00e4nning: 220-240V ~ 50Hz<br \/>\n2.) Effekt: max 15W-25W<br \/>\n3.) ljusuttag: 1xE27. Ljusk\u00e4llan ing\u00e5r ej.<br \/>\n4.) Str\u00f6mkabel: 2\u00d71,0mm\u00b2, 2000mm, med kontakt<br \/>\n5.) Material: ABS-bas, PE-\u00f6verdrag<br \/>\n6.) F\u00e4rg: bas svart + ljus granit,<br \/>\n7.) Isolationsklass: II klass,<br \/>\n8.) Internationellt skydd: IP65<br \/>\n9.) Certifikat: CE ROHS<\/p>\n","protected":false},"excerpt":{"rendered":"<p>Tr\u00e4dg\u00e5rdsljus rund granitgr\u00e5 400mm Tr\u00e4dg\u00e5rdslampa \u201dGranite ball\u201d tr\u00e4dg\u00e5rdslampa l\u00e4mplig f\u00f6r utomhusbruk (IP65) 1.) Sp\u00e4nning: 220-240V&#8230;<\/p>\n","protected":false},"featured_media":10216,"template":"","meta":{"_acf_changed":false,"inline_featured_image":false},"product_brand":[],"product_cat":[489],"product_tag":[],"class_list":{"0":"post-11975","1":"product","2":"type-product","3":"status-publish","4":"has-post-thumbnail","6":"product_cat-tradgardsbelysning","7":"product_shipping_class-litet-paket","9":"first","10":"instock","11":"sale","12":"taxable","13":"shipping-taxable","14":"purchasable","15":"product-type-simple"},"acf":[],"_links":{"self":[{"href":"https:\/\/abpolar.ee\/sv\/wp-json\/wp\/v2\/product\/11975","targetHints":{"allow":["GET"]}}],"collection":[{"href":"https:\/\/abpolar.ee\/sv\/wp-json\/wp\/v2\/product"}],"about":[{"href":"https:\/\/abpolar.ee\/sv\/wp-json\/wp\/v2\/types\/product"}],"wp:featuredmedia":[{"embeddable":true,"href":"https:\/\/abpolar.ee\/sv\/wp-json\/wp\/v2\/media\/10216"}],"wp:attachment":[{"href":"https:\/\/abpolar.ee\/sv\/wp-json\/wp\/v2\/media?parent=11975"}],"wp:term":[{"taxonomy":"product_brand","embeddable":true,"href":"https:\/\/abpolar.ee\/sv\/wp-json\/wp\/v2\/product_brand?post=11975"},{"taxonomy":"product_cat","embeddable":true,"href":"https:\/\/abpolar.ee\/sv\/wp-json\/wp\/v2\/product_cat?post=11975"},{"taxonomy":"product_tag","embeddable":true,"href":"https:\/\/abpolar.ee\/sv\/wp-json\/wp\/v2\/product_tag?post=11975"}],"curies":[{"name":"wp","href":"https:\/\/api.w.org\/{rel}","templated":true}]}}