{"id":11979,"date":"2022-11-17T16:09:46","date_gmt":"2022-11-17T14:09:46","guid":{"rendered":"https:\/\/abpolar-ee.vserver.zonevs.eu\/?post_type=product&#038;p=11979"},"modified":"2023-12-19T15:14:23","modified_gmt":"2023-12-19T13:14:23","slug":"fruktkvarn-7-l","status":"publish","type":"product","link":"https:\/\/abpolar.ee\/sv\/produkt\/fruktkvarn-7-l\/","title":{"rendered":"Fruktkvarn 7 L"},"content":{"rendered":"<h2 class=\"font-alt text-2xl mb-2 break-words\">Fruktkvarn 7 L<\/h2>\n<p>En fruktvarn \u00e4r ett effektivt s\u00e4tt att g\u00f6ra l\u00e4ckra cider, viner och f\u00e4rska juicer hemma.<br \/>\nDen syrafasta rostfria beh\u00e5llaren rymmer upp till 7 liter frukt.<br \/>\nDen rostfria beh\u00e5llaren \u00e4r l\u00e4tt att reng\u00f6ra efter krossning. Sk\u00e4r f\u00f6rst \u00e4pplena i bitar.<br \/>\nSidost\u00f6den hj\u00e4lper till att h\u00e5lla dokumentf\u00f6rst\u00f6raren p\u00e5 plats l\u00e4ttare.<br \/>\nHandvev hj\u00e4lper till att spara el!<\/p>\n<p>Vikt: 7 kg<br \/>\nM\u00e5tt: 57,5x28x28cm<\/p>\n<p>Anv\u00e4ndarv\u00e4nlig<br \/>\nFruktkvarnen \u00e4r v\u00e4ldigt enkel att anv\u00e4nda. Det \u00e4r bara att fylla den med frukt och rotera handtaget!<\/p>\n<p>Enkel att montera<br \/>\nFruktkvarnen \u00e4r l\u00e4ttmonterad och kommer sedan st\u00e5 sig l\u00e4nge tack vare sin robusta konstruktion av rostfritt st\u00e5l.<\/p>\n<p>&nbsp;<\/p>\n","protected":false},"excerpt":{"rendered":"<p>Fruktkvarn 7 L En fruktvarn \u00e4r ett effektivt s\u00e4tt att g\u00f6ra l\u00e4ckra cider, viner och&#8230;<\/p>\n","protected":false},"featured_media":9914,"template":"","meta":{"_acf_changed":false,"inline_featured_image":false},"product_brand":[],"product_cat":[519],"product_tag":[],"class_list":{"0":"post-11979","1":"product","2":"type-product","3":"status-publish","4":"has-post-thumbnail","6":"product_cat-juicepressar-och-kvarnar","7":"product_shipping_class-litet-paket","9":"first","10":"instock","11":"taxable","12":"shipping-taxable","13":"purchasable","14":"product-type-simple"},"acf":[],"_links":{"self":[{"href":"https:\/\/abpolar.ee\/sv\/wp-json\/wp\/v2\/product\/11979","targetHints":{"allow":["GET"]}}],"collection":[{"href":"https:\/\/abpolar.ee\/sv\/wp-json\/wp\/v2\/product"}],"about":[{"href":"https:\/\/abpolar.ee\/sv\/wp-json\/wp\/v2\/types\/product"}],"wp:featuredmedia":[{"embeddable":true,"href":"https:\/\/abpolar.ee\/sv\/wp-json\/wp\/v2\/media\/9914"}],"wp:attachment":[{"href":"https:\/\/abpolar.ee\/sv\/wp-json\/wp\/v2\/media?parent=11979"}],"wp:term":[{"taxonomy":"product_brand","embeddable":true,"href":"https:\/\/abpolar.ee\/sv\/wp-json\/wp\/v2\/product_brand?post=11979"},{"taxonomy":"product_cat","embeddable":true,"href":"https:\/\/abpolar.ee\/sv\/wp-json\/wp\/v2\/product_cat?post=11979"},{"taxonomy":"product_tag","embeddable":true,"href":"https:\/\/abpolar.ee\/sv\/wp-json\/wp\/v2\/product_tag?post=11979"}],"curies":[{"name":"wp","href":"https:\/\/api.w.org\/{rel}","templated":true}]}}