{"id":11982,"date":"2022-11-17T16:09:44","date_gmt":"2022-11-17T14:09:44","guid":{"rendered":"https:\/\/abpolar-ee.vserver.zonevs.eu\/?post_type=product&#038;p=11982"},"modified":"2023-12-19T15:21:39","modified_gmt":"2023-12-19T13:21:39","slug":"terrassvarmare-ljus-med-kropp-i-rostfritt-stal","status":"publish","type":"product","link":"https:\/\/abpolar.ee\/sv\/produkt\/terrassvarmare-ljus-med-kropp-i-rostfritt-stal\/","title":{"rendered":"Terrassv\u00e4rmare \/ ljus med kropp i rostfritt st\u00e5l"},"content":{"rendered":"<h2>Terrassv\u00e4rmare \/ ljus med kropp i rostfritt st\u00e5l<\/h2>\n<p>En terrassv\u00e4rmare i b\u00e4sta rostfria st\u00e5l.<br \/>\nH\u00f6g effekt och snygg design med levande flambild g\u00f6r den mycket l\u00e4mlig f\u00f6r professionellt bruk.<br \/>\nHar tippskydd, t\u00e4nds\u00e4kring och sluten br\u00e4nnare.<br \/>\nLeveraras utan regulator och slang.<br \/>\n<span class=\"Y2IQFc\" lang=\"sv\">Hjulen p\u00e5 ena sidan g\u00f6r det bekv\u00e4mt att flytta v\u00e4rmaren.<\/span><\/p>\n<p id=\"tw-target-text\" class=\"tw-data-text tw-text-large tw-ta\" dir=\"ltr\" data-placeholder=\"T\u00f5lge\" data-ved=\"2ahUKEwiFw5yhk5uDAxWUQ_EDHQpxAwsQ3ewLegQIBRAQ\"><span class=\"Y2IQFc\" lang=\"sv\">V\u00e4rmeeffekt 5-10,5kW<br \/>\nUppv\u00e4rmningsradien \u00e4r ca 5m fr\u00e5n v\u00e4rmaren.<br \/>\nGasf\u00f6rbrukning 0,41-0,76 kg\/h<br \/>\nElektronisk justering av l\u00e5gans h\u00f6jd.<br \/>\nL\u00e4mplig gas: propan, butan eller en blandning av dessa.<br \/>\nH\u00f6jd 2200mm Vikt 26 kg.<br \/>\nElektronisk t\u00e4ndning<\/span><\/p>\n","protected":false},"excerpt":{"rendered":"<p>Terrassv\u00e4rmare \/ ljus med kropp i rostfritt st\u00e5l En terrassv\u00e4rmare i b\u00e4sta rostfria st\u00e5l. H\u00f6g&#8230;<\/p>\n","protected":false},"featured_media":9517,"template":"","meta":{"_acf_changed":false,"inline_featured_image":false},"product_brand":[],"product_cat":[535,543],"product_tag":[],"class_list":{"0":"post-11982","1":"product","2":"type-product","3":"status-publish","4":"has-post-thumbnail","6":"product_cat-terrasvarmare","7":"product_cat-utemiljo","9":"first","10":"instock","11":"sale","12":"taxable","13":"shipping-taxable","14":"purchasable","15":"product-type-simple"},"acf":[],"_links":{"self":[{"href":"https:\/\/abpolar.ee\/sv\/wp-json\/wp\/v2\/product\/11982","targetHints":{"allow":["GET"]}}],"collection":[{"href":"https:\/\/abpolar.ee\/sv\/wp-json\/wp\/v2\/product"}],"about":[{"href":"https:\/\/abpolar.ee\/sv\/wp-json\/wp\/v2\/types\/product"}],"wp:featuredmedia":[{"embeddable":true,"href":"https:\/\/abpolar.ee\/sv\/wp-json\/wp\/v2\/media\/9517"}],"wp:attachment":[{"href":"https:\/\/abpolar.ee\/sv\/wp-json\/wp\/v2\/media?parent=11982"}],"wp:term":[{"taxonomy":"product_brand","embeddable":true,"href":"https:\/\/abpolar.ee\/sv\/wp-json\/wp\/v2\/product_brand?post=11982"},{"taxonomy":"product_cat","embeddable":true,"href":"https:\/\/abpolar.ee\/sv\/wp-json\/wp\/v2\/product_cat?post=11982"},{"taxonomy":"product_tag","embeddable":true,"href":"https:\/\/abpolar.ee\/sv\/wp-json\/wp\/v2\/product_tag?post=11982"}],"curies":[{"name":"wp","href":"https:\/\/api.w.org\/{rel}","templated":true}]}}