{"id":11983,"date":"2022-11-17T16:09:29","date_gmt":"2022-11-17T14:09:29","guid":{"rendered":"https:\/\/abpolar-ee.vserver.zonevs.eu\/?post_type=product&#038;p=11983"},"modified":"2023-12-19T15:18:57","modified_gmt":"2023-12-19T13:18:57","slug":"fruktpress-14l-rostfritt-stal","status":"publish","type":"product","link":"https:\/\/abpolar.ee\/sv\/produkt\/fruktpress-14l-rostfritt-stal\/","title":{"rendered":"Fruktpress 14L , rostfritt st\u00e5l\u00a0"},"content":{"rendered":"<h2>Fruktpress 14L , rostfritt st\u00e5l<\/h2>\n<p>Det vanligaste \u00e4r att pressa \u00e4pplen, men fruktpressen kan \u00e4ven anv\u00e4ndas till annat, som plommon, fl\u00e4der, rabarber eller liknande. Ta till vara p\u00e5 all din frukt och anv\u00e4nd pressen f\u00f6r att g\u00f6ra din egna dryck. Rymmer upp till 14 liter frukt.<\/p>\n<p>Krossad frukt ska l\u00e4ggas i korgen.<br \/>\nDen tippbara ramen ger bekv\u00e4m \u00e5tkomst till korgen och fyller den med krossad massa.<br \/>\nJuicern kommer \u00e4ven med 1 filterp\u00e5se.<br \/>\nJuicer hj\u00e4lper till att spara elektricitet!<\/p>\n<p><strong>Teknisk information:<\/strong><br \/>\n<strong>F\u00e4rg: R\u00f6d, svart, vit <\/strong><br \/>\n<strong>Material: Rostfritt st\u00e5l <\/strong><br \/>\n<strong>St\u00e5lbeh\u00e5llare diameter: 26&#215;29 cm <\/strong><br \/>\n<strong>Kapacitet: 14 liter <\/strong><\/p>\n","protected":false},"excerpt":{"rendered":"<p>Fruktpress 14L , rostfritt st\u00e5l Det vanligaste \u00e4r att pressa \u00e4pplen, men fruktpressen kan \u00e4ven&#8230;<\/p>\n","protected":false},"featured_media":9668,"template":"","meta":{"_acf_changed":false,"inline_featured_image":false},"product_brand":[],"product_cat":[519],"product_tag":[],"class_list":{"0":"post-11983","1":"product","2":"type-product","3":"status-publish","4":"has-post-thumbnail","6":"product_cat-juicepressar-och-kvarnar","7":"product_shipping_class-paket-upp-till-30kg","9":"first","10":"instock","11":"taxable","12":"shipping-taxable","13":"purchasable","14":"product-type-simple"},"acf":[],"_links":{"self":[{"href":"https:\/\/abpolar.ee\/sv\/wp-json\/wp\/v2\/product\/11983","targetHints":{"allow":["GET"]}}],"collection":[{"href":"https:\/\/abpolar.ee\/sv\/wp-json\/wp\/v2\/product"}],"about":[{"href":"https:\/\/abpolar.ee\/sv\/wp-json\/wp\/v2\/types\/product"}],"wp:featuredmedia":[{"embeddable":true,"href":"https:\/\/abpolar.ee\/sv\/wp-json\/wp\/v2\/media\/9668"}],"wp:attachment":[{"href":"https:\/\/abpolar.ee\/sv\/wp-json\/wp\/v2\/media?parent=11983"}],"wp:term":[{"taxonomy":"product_brand","embeddable":true,"href":"https:\/\/abpolar.ee\/sv\/wp-json\/wp\/v2\/product_brand?post=11983"},{"taxonomy":"product_cat","embeddable":true,"href":"https:\/\/abpolar.ee\/sv\/wp-json\/wp\/v2\/product_cat?post=11983"},{"taxonomy":"product_tag","embeddable":true,"href":"https:\/\/abpolar.ee\/sv\/wp-json\/wp\/v2\/product_tag?post=11983"}],"curies":[{"name":"wp","href":"https:\/\/api.w.org\/{rel}","templated":true}]}}