{"id":11986,"date":"2022-11-17T16:09:30","date_gmt":"2022-11-17T14:09:30","guid":{"rendered":"https:\/\/abpolar-ee.vserver.zonevs.eu\/?post_type=product&#038;p=11986"},"modified":"2023-12-19T15:32:29","modified_gmt":"2023-12-19T13:32:29","slug":"pase-for-fruktpressar-pa-14-liter","status":"publish","type":"product","link":"https:\/\/abpolar.ee\/sv\/produkt\/pase-for-fruktpressar-pa-14-liter\/","title":{"rendered":"P\u00e5se f\u00f6r fruktpressar p\u00e5 14 liter"},"content":{"rendered":"<h2>P\u00e5se f\u00f6r fruktpressar p\u00e5 14 liter<\/h2>\n<p>Tygp\u00e5se f\u00f6r fruktpressar p\u00e5 14 liter<\/p>\n","protected":false},"excerpt":{"rendered":"<p>P\u00e5se f\u00f6r fruktpressar p\u00e5 14 liter Tygp\u00e5se f\u00f6r fruktpressar p\u00e5 14 liter<\/p>\n","protected":false},"featured_media":9673,"template":"","meta":{"_acf_changed":false,"inline_featured_image":false},"product_brand":[],"product_cat":[519],"product_tag":[],"class_list":{"0":"post-11986","1":"product","2":"type-product","3":"status-publish","4":"has-post-thumbnail","6":"product_cat-juicepressar-och-kvarnar","7":"product_shipping_class-litet-paket","9":"first","10":"instock","11":"taxable","12":"shipping-taxable","13":"purchasable","14":"product-type-simple"},"acf":[],"_links":{"self":[{"href":"https:\/\/abpolar.ee\/sv\/wp-json\/wp\/v2\/product\/11986","targetHints":{"allow":["GET"]}}],"collection":[{"href":"https:\/\/abpolar.ee\/sv\/wp-json\/wp\/v2\/product"}],"about":[{"href":"https:\/\/abpolar.ee\/sv\/wp-json\/wp\/v2\/types\/product"}],"wp:featuredmedia":[{"embeddable":true,"href":"https:\/\/abpolar.ee\/sv\/wp-json\/wp\/v2\/media\/9673"}],"wp:attachment":[{"href":"https:\/\/abpolar.ee\/sv\/wp-json\/wp\/v2\/media?parent=11986"}],"wp:term":[{"taxonomy":"product_brand","embeddable":true,"href":"https:\/\/abpolar.ee\/sv\/wp-json\/wp\/v2\/product_brand?post=11986"},{"taxonomy":"product_cat","embeddable":true,"href":"https:\/\/abpolar.ee\/sv\/wp-json\/wp\/v2\/product_cat?post=11986"},{"taxonomy":"product_tag","embeddable":true,"href":"https:\/\/abpolar.ee\/sv\/wp-json\/wp\/v2\/product_tag?post=11986"}],"curies":[{"name":"wp","href":"https:\/\/api.w.org\/{rel}","templated":true}]}}