{"id":11998,"date":"2022-11-17T16:09:45","date_gmt":"2022-11-17T14:09:45","guid":{"rendered":"https:\/\/abpolar-ee.vserver.zonevs.eu\/?post_type=product&#038;p=11998"},"modified":"2023-12-19T16:06:28","modified_gmt":"2023-12-19T14:06:28","slug":"brevlada-med-glas","status":"publish","type":"product","link":"https:\/\/abpolar.ee\/sv\/produkt\/brevlada-med-glas\/","title":{"rendered":"Brevl\u00e5da med glas"},"content":{"rendered":"<h2>Brevl\u00e5da med glas<\/h2>\n<p>Brevl\u00e5da med glas \u00e4r en postl\u00e5da med topp\u00f6ppning av polerat rostfritt st\u00e5l med h\u00e4rdat glasd\u00f6rr.<\/p>\n<p>F\u00e4rg: Rostfritt<br \/>\nMaterial: Rostfritt<br \/>\nMetalldiameter 0,5 mm<br \/>\nM\u00e5tt: 400x110x390mm.<\/p>\n","protected":false},"excerpt":{"rendered":"<p>Brevl\u00e5da med glas Brevl\u00e5da med glas \u00e4r en postl\u00e5da med topp\u00f6ppning av polerat rostfritt st\u00e5l&#8230;<\/p>\n","protected":false},"featured_media":9679,"template":"","meta":{"_acf_changed":false,"inline_featured_image":false},"product_brand":[],"product_cat":[471,476],"product_tag":[],"class_list":{"0":"post-11998","1":"product","2":"type-product","3":"status-publish","4":"has-post-thumbnail","6":"product_cat-brevlador","7":"product_cat-hem-och-inredning","8":"product_shipping_class-litet-paket","10":"first","11":"instock","12":"taxable","13":"shipping-taxable","14":"purchasable","15":"product-type-simple"},"acf":[],"_links":{"self":[{"href":"https:\/\/abpolar.ee\/sv\/wp-json\/wp\/v2\/product\/11998","targetHints":{"allow":["GET"]}}],"collection":[{"href":"https:\/\/abpolar.ee\/sv\/wp-json\/wp\/v2\/product"}],"about":[{"href":"https:\/\/abpolar.ee\/sv\/wp-json\/wp\/v2\/types\/product"}],"wp:featuredmedia":[{"embeddable":true,"href":"https:\/\/abpolar.ee\/sv\/wp-json\/wp\/v2\/media\/9679"}],"wp:attachment":[{"href":"https:\/\/abpolar.ee\/sv\/wp-json\/wp\/v2\/media?parent=11998"}],"wp:term":[{"taxonomy":"product_brand","embeddable":true,"href":"https:\/\/abpolar.ee\/sv\/wp-json\/wp\/v2\/product_brand?post=11998"},{"taxonomy":"product_cat","embeddable":true,"href":"https:\/\/abpolar.ee\/sv\/wp-json\/wp\/v2\/product_cat?post=11998"},{"taxonomy":"product_tag","embeddable":true,"href":"https:\/\/abpolar.ee\/sv\/wp-json\/wp\/v2\/product_tag?post=11998"}],"curies":[{"name":"wp","href":"https:\/\/api.w.org\/{rel}","templated":true}]}}