{"id":12003,"date":"2022-11-17T16:09:49","date_gmt":"2022-11-17T14:09:49","guid":{"rendered":"https:\/\/abpolar-ee.vserver.zonevs.eu\/?post_type=product&#038;p=12003"},"modified":"2023-12-19T16:20:41","modified_gmt":"2023-12-19T14:20:41","slug":"markis-3x2m","status":"publish","type":"product","link":"https:\/\/abpolar.ee\/sv\/produkt\/markis-3x2m\/","title":{"rendered":"Markis 3x2m"},"content":{"rendered":"<h2>Markis 3x2m<\/h2>\n<p id=\"tw-target-text\" class=\"tw-data-text tw-text-large tw-ta\" dir=\"ltr\" data-placeholder=\"T\u00f5lge\" data-ved=\"2ahUKEwiFw5yhk5uDAxWUQ_EDHQpxAwsQ3ewLegQIBRAQ\"><span class=\"Y2IQFc\" lang=\"sv\">Markisen \u00e4r ett bra solskydd.<br \/>\nMarkiser skyddar terrasser, f\u00f6nster, balkonger, verandor fr\u00e5n \u00f6verdriven sol<br \/>\nDet manuella markisskyddet \u00e4r polyester, vikt 280g per m\u00b2<br \/>\nTyg: Vit-gul Ramen \u00e4r vit, pulverlackerad<br \/>\nDiametern p\u00e5 rullgardinr\u00f6ret \u00e4r 60 mm<br \/>\nB\u00e4rarmar 30x20mm, 40x25mm<br \/>\nMarkisvikt 3x2m 18,5kg<br \/>\nV\u00e4ggf\u00e4sten ing\u00e5r<br \/>\nHanddriven vev 1,6m<\/span><\/p>\n","protected":false},"excerpt":{"rendered":"<p>Markis 3x2m Markisen \u00e4r ett bra solskydd. Markiser skyddar terrasser, f\u00f6nster, balkonger, verandor fr\u00e5n \u00f6verdriven&#8230;<\/p>\n","protected":false},"featured_media":9561,"template":"","meta":{"_acf_changed":false,"inline_featured_image":false},"product_brand":[],"product_cat":[478,543],"product_tag":[],"class_list":{"0":"post-12003","1":"product","2":"type-product","3":"status-publish","4":"has-post-thumbnail","6":"product_cat-markiser","7":"product_cat-utemiljo","8":"product_shipping_class-paket-upp-till-30kg","10":"first","11":"instock","12":"sale","13":"taxable","14":"shipping-taxable","15":"purchasable","16":"product-type-simple"},"acf":[],"_links":{"self":[{"href":"https:\/\/abpolar.ee\/sv\/wp-json\/wp\/v2\/product\/12003","targetHints":{"allow":["GET"]}}],"collection":[{"href":"https:\/\/abpolar.ee\/sv\/wp-json\/wp\/v2\/product"}],"about":[{"href":"https:\/\/abpolar.ee\/sv\/wp-json\/wp\/v2\/types\/product"}],"wp:featuredmedia":[{"embeddable":true,"href":"https:\/\/abpolar.ee\/sv\/wp-json\/wp\/v2\/media\/9561"}],"wp:attachment":[{"href":"https:\/\/abpolar.ee\/sv\/wp-json\/wp\/v2\/media?parent=12003"}],"wp:term":[{"taxonomy":"product_brand","embeddable":true,"href":"https:\/\/abpolar.ee\/sv\/wp-json\/wp\/v2\/product_brand?post=12003"},{"taxonomy":"product_cat","embeddable":true,"href":"https:\/\/abpolar.ee\/sv\/wp-json\/wp\/v2\/product_cat?post=12003"},{"taxonomy":"product_tag","embeddable":true,"href":"https:\/\/abpolar.ee\/sv\/wp-json\/wp\/v2\/product_tag?post=12003"}],"curies":[{"name":"wp","href":"https:\/\/api.w.org\/{rel}","templated":true}]}}