{"id":12004,"date":"2022-11-17T16:09:45","date_gmt":"2022-11-17T14:09:45","guid":{"rendered":"https:\/\/abpolar-ee.vserver.zonevs.eu\/?post_type=product&#038;p=12004"},"modified":"2023-12-19T16:17:46","modified_gmt":"2023-12-19T14:17:46","slug":"brevlada-platt-med-namnskylt","status":"publish","type":"product","link":"https:\/\/abpolar.ee\/sv\/produkt\/brevlada-platt-med-namnskylt\/","title":{"rendered":"Brevl\u00e5da Platt\/Med namnskylt"},"content":{"rendered":"<h2>Brevl\u00e5da Platt\/Med namnskylt<\/h2>\n<p>Brevl\u00e5da Korter\/Med namnskylt \u00e4r en postl\u00e5da i polerat rostfritt st\u00e5l som kan \u00f6ppnas framifr\u00e5n.<br \/>\nDet finns en namnskylt framf\u00f6r brevl\u00e5dan.<br \/>\nPerfekt f\u00f6r flerbostadshus, liten storlek.<\/p>\n<p><strong>F\u00e4rg: Rostfritt<\/strong><br \/>\n<strong>Material: Rostfritt<\/strong><br \/>\n<strong>Metalldiameter 0,5 mm<\/strong><br \/>\n<strong>M\u00e5tt: 320x90x215mm.<\/strong><\/p>\n","protected":false},"excerpt":{"rendered":"<p>Brevl\u00e5da Platt\/Med namnskylt Brevl\u00e5da Korter\/Med namnskylt \u00e4r en postl\u00e5da i polerat rostfritt st\u00e5l som kan&#8230;<\/p>\n","protected":false},"featured_media":9681,"template":"","meta":{"_acf_changed":false,"inline_featured_image":false},"product_brand":[],"product_cat":[471,476],"product_tag":[],"class_list":{"0":"post-12004","1":"product","2":"type-product","3":"status-publish","4":"has-post-thumbnail","6":"product_cat-brevlador","7":"product_cat-hem-och-inredning","8":"product_shipping_class-litet-paket","10":"first","11":"instock","12":"taxable","13":"shipping-taxable","14":"purchasable","15":"product-type-simple"},"acf":[],"_links":{"self":[{"href":"https:\/\/abpolar.ee\/sv\/wp-json\/wp\/v2\/product\/12004","targetHints":{"allow":["GET"]}}],"collection":[{"href":"https:\/\/abpolar.ee\/sv\/wp-json\/wp\/v2\/product"}],"about":[{"href":"https:\/\/abpolar.ee\/sv\/wp-json\/wp\/v2\/types\/product"}],"wp:featuredmedia":[{"embeddable":true,"href":"https:\/\/abpolar.ee\/sv\/wp-json\/wp\/v2\/media\/9681"}],"wp:attachment":[{"href":"https:\/\/abpolar.ee\/sv\/wp-json\/wp\/v2\/media?parent=12004"}],"wp:term":[{"taxonomy":"product_brand","embeddable":true,"href":"https:\/\/abpolar.ee\/sv\/wp-json\/wp\/v2\/product_brand?post=12004"},{"taxonomy":"product_cat","embeddable":true,"href":"https:\/\/abpolar.ee\/sv\/wp-json\/wp\/v2\/product_cat?post=12004"},{"taxonomy":"product_tag","embeddable":true,"href":"https:\/\/abpolar.ee\/sv\/wp-json\/wp\/v2\/product_tag?post=12004"}],"curies":[{"name":"wp","href":"https:\/\/api.w.org\/{rel}","templated":true}]}}