{"id":12005,"date":"2022-11-17T16:09:49","date_gmt":"2022-11-17T14:09:49","guid":{"rendered":"https:\/\/abpolar-ee.vserver.zonevs.eu\/?post_type=product&#038;p=12005"},"modified":"2023-12-19T16:24:12","modified_gmt":"2023-12-19T14:24:12","slug":"markis-4x25m","status":"publish","type":"product","link":"https:\/\/abpolar.ee\/sv\/produkt\/markis-4x25m\/","title":{"rendered":"Markis 4\u00d72,5m"},"content":{"rendered":"<h2 id=\"tw-target-text\" class=\"tw-data-text tw-text-large tw-ta\" dir=\"ltr\" data-placeholder=\"T\u00f5lge\" data-ved=\"2ahUKEwiFw5yhk5uDAxWUQ_EDHQpxAwsQ3ewLegQIBRAQ\"><span class=\"Y2IQFc\" lang=\"sv\">Markis 4\u00d72,5m<\/span><\/h2>\n<p id=\"tw-target-text\" class=\"tw-data-text tw-text-large tw-ta\" dir=\"ltr\" data-placeholder=\"T\u00f5lge\" data-ved=\"2ahUKEwiFw5yhk5uDAxWUQ_EDHQpxAwsQ3ewLegQIBRAQ\"><span class=\"Y2IQFc\" lang=\"sv\">Markisen \u00e4r ett bra solskydd.<br \/>\n<\/span>Markiser skyddar terrasser, f\u00f6nster, balkonger, verandor fr\u00e5n \u00f6verdriven sol Bredd 4 m.<br \/>\nDjup 2,5 m.<br \/>\n\u00d6verdraget \u00e4r polyester, vikt 280g per m\u00b2.<br \/>\nTyg: Vit-gul.<br \/>\nRamen \u00e4r vit, pulverlackerad.<br \/>\nDiametern p\u00e5 rullgardinr\u00f6ret \u00e4r 60 mm.<br \/>\nB\u00e4rarmar 30x20mm, 40x25mm.<br \/>\nMarkisvikt: 30,5 kg.<br \/>\nV\u00e4ggf\u00e4sten ing\u00e5r.<br \/>\nHanddriven vev 1,6m<\/p>\n","protected":false},"excerpt":{"rendered":"<p>Markis 4\u00d72,5m Markisen \u00e4r ett bra solskydd. Markiser skyddar terrasser, f\u00f6nster, balkonger, verandor fr\u00e5n \u00f6verdriven&#8230;<\/p>\n","protected":false},"featured_media":9561,"template":"","meta":{"_acf_changed":false,"inline_featured_image":false},"product_brand":[],"product_cat":[478,543],"product_tag":[],"class_list":{"0":"post-12005","1":"product","2":"type-product","3":"status-publish","4":"has-post-thumbnail","6":"product_cat-markiser","7":"product_cat-utemiljo","8":"product_shipping_class-paket-upp-till-30kg","10":"first","11":"instock","12":"sale","13":"taxable","14":"shipping-taxable","15":"purchasable","16":"product-type-simple"},"acf":[],"_links":{"self":[{"href":"https:\/\/abpolar.ee\/sv\/wp-json\/wp\/v2\/product\/12005","targetHints":{"allow":["GET"]}}],"collection":[{"href":"https:\/\/abpolar.ee\/sv\/wp-json\/wp\/v2\/product"}],"about":[{"href":"https:\/\/abpolar.ee\/sv\/wp-json\/wp\/v2\/types\/product"}],"wp:featuredmedia":[{"embeddable":true,"href":"https:\/\/abpolar.ee\/sv\/wp-json\/wp\/v2\/media\/9561"}],"wp:attachment":[{"href":"https:\/\/abpolar.ee\/sv\/wp-json\/wp\/v2\/media?parent=12005"}],"wp:term":[{"taxonomy":"product_brand","embeddable":true,"href":"https:\/\/abpolar.ee\/sv\/wp-json\/wp\/v2\/product_brand?post=12005"},{"taxonomy":"product_cat","embeddable":true,"href":"https:\/\/abpolar.ee\/sv\/wp-json\/wp\/v2\/product_cat?post=12005"},{"taxonomy":"product_tag","embeddable":true,"href":"https:\/\/abpolar.ee\/sv\/wp-json\/wp\/v2\/product_tag?post=12005"}],"curies":[{"name":"wp","href":"https:\/\/api.w.org\/{rel}","templated":true}]}}