{"id":12017,"date":"2022-11-17T16:09:27","date_gmt":"2022-11-17T14:09:27","guid":{"rendered":"https:\/\/abpolar-ee.vserver.zonevs.eu\/?post_type=product&#038;p=12017"},"modified":"2023-12-20T11:27:17","modified_gmt":"2023-12-20T09:27:17","slug":"myggnat-by-palram-till-tradgardspaviljong-palermo","status":"publish","type":"product","link":"https:\/\/abpolar.ee\/sv\/produkt\/myggnat-by-palram-till-tradgardspaviljong-palermo\/","title":{"rendered":"Myggn\u00e4t by Palram till Tr\u00e4dg\u00e5rdspaviljong Palermo"},"content":{"rendered":"<h2>Myggn\u00e4t Canopia by Palram till Tr\u00e4dg\u00e5rdspaviljong Palermo 3680\u00d72140cm<\/h2>\n<div class=\"lKH4u\">\n<h3>Beskrivning<\/h3>\n<\/div>\n<div class=\"\">\n<div class=\"SonMi\">\n<div class=\"SonMi\">Myggn\u00e4t by Palram till Tr\u00e4dg\u00e5rdspaviljong Palermo 3000\/3600 \u00e4r designat s\u00e5 att det kan anv\u00e4ndas till b\u00e5de Palermo 3000 och Palermo 3600. Myggn\u00e4tet passar till krokarna i Palermo 3000- eller 3600-paviljongen och \u00e4r enkelt att montera, s\u00e5 att du kan vara i fred fr\u00e5n myggor och andra insekter p\u00e5 sena sommarkv\u00e4llar.<\/p>\n<\/div>\n<\/div>\n<div class=\"EtVcZ Ap93o Aw4Wz UI6MA\">\n<div class=\"tztjY\">Myggn\u00e4tet t\u00e4cker alla fyra sidorna av paviljongen.<br \/>\n<strong>Specifikationer<\/strong><br \/>\n&#8211; F\u00e4rg: Gr\u00e5<br \/>\n&#8211; Krokar medf\u00f6ljer<br \/>\n&#8211; UV-t\u00e5ligt<br \/>\n&#8211; Kan maskintv\u00e4ttas i kallt vatten, utan klor och blekmedel.<\/div>\n<\/div>\n<\/div>\n","protected":false},"excerpt":{"rendered":"<p>Myggn\u00e4t Canopia by Palram till Tr\u00e4dg\u00e5rdspaviljong Palermo 3680\u00d72140cm Beskrivning Myggn\u00e4t by Palram till Tr\u00e4dg\u00e5rdspaviljong Palermo&#8230;<\/p>\n","protected":false},"featured_media":17483,"template":"","meta":{"_acf_changed":false,"inline_featured_image":false},"product_brand":[],"product_cat":[559,538,543],"product_tag":[],"class_list":{"0":"post-12017","1":"product","2":"type-product","3":"status-publish","4":"has-post-thumbnail","6":"product_cat-terrass","7":"product_cat-tradgardspaviljonger-skarmtak-paviljonger","8":"product_cat-utemiljo","9":"product_shipping_class-paket-upp-till-30kg","11":"first","12":"instock","13":"taxable","14":"shipping-taxable","15":"purchasable","16":"product-type-simple"},"acf":[],"_links":{"self":[{"href":"https:\/\/abpolar.ee\/sv\/wp-json\/wp\/v2\/product\/12017","targetHints":{"allow":["GET"]}}],"collection":[{"href":"https:\/\/abpolar.ee\/sv\/wp-json\/wp\/v2\/product"}],"about":[{"href":"https:\/\/abpolar.ee\/sv\/wp-json\/wp\/v2\/types\/product"}],"wp:featuredmedia":[{"embeddable":true,"href":"https:\/\/abpolar.ee\/sv\/wp-json\/wp\/v2\/media\/17483"}],"wp:attachment":[{"href":"https:\/\/abpolar.ee\/sv\/wp-json\/wp\/v2\/media?parent=12017"}],"wp:term":[{"taxonomy":"product_brand","embeddable":true,"href":"https:\/\/abpolar.ee\/sv\/wp-json\/wp\/v2\/product_brand?post=12017"},{"taxonomy":"product_cat","embeddable":true,"href":"https:\/\/abpolar.ee\/sv\/wp-json\/wp\/v2\/product_cat?post=12017"},{"taxonomy":"product_tag","embeddable":true,"href":"https:\/\/abpolar.ee\/sv\/wp-json\/wp\/v2\/product_tag?post=12017"}],"curies":[{"name":"wp","href":"https:\/\/api.w.org\/{rel}","templated":true}]}}