{"id":12026,"date":"2022-11-17T16:09:25","date_gmt":"2022-11-17T14:09:25","guid":{"rendered":"https:\/\/abpolar-ee.vserver.zonevs.eu\/?post_type=product&#038;p=12026"},"modified":"2024-01-31T16:37:50","modified_gmt":"2024-01-31T14:37:50","slug":"terrasstak-canopia-by-palram-olympia-3x425","status":"publish","type":"product","link":"https:\/\/abpolar.ee\/sv\/produkt\/terrasstak-canopia-by-palram-olympia-3x425\/","title":{"rendered":"Terrasstak Canopia by Palram Olympia 3\u00d74,25"},"content":{"rendered":"<h2 class=\"product_title entry-title\">Terrasstak Canopia by Palram Olympia 3\u00d74,25<\/h2>\n<div class=\"lKH4u\">\n<p><span style=\"font-size: 16px;\">Olympia altantak har utformats med din komfort i \u00e5tanke. Perfekt n\u00e4r du vill koppla av i ditt utomhusspa eller n\u00e4r du ska fira speciella familjeh\u00e4ndelser. Det ger dig en klockren milj\u00f6 d\u00e4r du kan njuta av din tr\u00e4dg\u00e5rd och slappna av i slutet av dagen. Olympia \u00e4r robust, kraftig och h\u00e5llbar. Det best\u00e5r av en kraftig, pulverlackerad korrosionsbest\u00e4ndig aluminiumstruktur. De h\u00f6gkvalitativa polykarbonat-takpanelerna \u00e4r praktiskt taget okrossbara och skyddar 100 % mot UV-str\u00e5lning.<\/span><\/p>\n<\/div>\n<div class=\"\">\n<div class=\"EtVcZ Ap93o Aw4Wz UI6MA\">\n<div class=\"tztjY\">\n<p>Var kreativ med din nya lyxiga, Olympianska stil utomhus, l\u00e4gg till lite glamour till din tr\u00e4dg\u00e5rd och f\u00f6rvandla ditt utomhusomr\u00e5de till ett elegant till\u00e4gg till ditt hem och din livsstil som du kan njuta av hela tiden. Altantaket \u00e4r dessutom v\u00e4ldigt enkelt att underh\u00e5lla &amp; tv\u00e4tta.<\/p>\n<p><strong>Specifikationer<\/strong><br \/>\n\u2013 Konstruerat f\u00f6r att klara tuffa v\u00e4derf\u00f6rh\u00e5llanden, tunga sn\u00f6laster och kraftiga vindar<br \/>\n\u2013 Tjocklek takpaneler: 16 mm<br \/>\n\u2013 100 % UV-skydd och fullst\u00e4ndig UV-blockering<br \/>\n\u2013 Robust struktur med f\u00f6rst\u00e4rkt konstruktion<br \/>\n\u2013 Korrosionsbest\u00e4ndiga pulverlackerade aluminiumprofiler i gr\u00e5 kul\u00f6r<br \/>\n\u2013 Galvaniserade st\u00e5lkopplingar<br \/>\n\u2013 S\u00e4ker, snabb och enkel g\u00f6r-det-sj\u00e4lv-montering \u2013 installation av skjutbara takpaneler<br \/>\n\u2013 F\u00f6rskurna paneler och f\u00f6rborrade profiler<br \/>\n\u2013 Justerbar v\u00e4gganslutning och flexibel stolpplacering<br \/>\n\u2013 F\u00f6rankring och fotplattor ing\u00e5r \u2013 f\u00f6rankra pergolan p\u00e5 valfri yta<br \/>\n\u2013 Robusta 8 x 8 cm aluminiumst\u00e4nger<br \/>\n\u2013 Integrerat system g\u00f6r att du enkelt kan leda och samla upp regnvatten f\u00f6r ett h\u00e5llbart bevattningssystem<br \/>\n\u2013 Underh\u00e5llsfri. Ingen rost, r\u00f6ta eller flagning<br \/>\n\u2013 Skruvar medf\u00f6ljer<\/p>\n<p id=\"tw-target-text\" class=\"tw-data-text tw-text-large tw-ta\" dir=\"ltr\" data-placeholder=\"T\u00f5lge\" data-ved=\"2ahUKEwj9nqWT052DAxV4R_EDHXBbCAwQ3ewLegQIBRAQ\"><span class=\"Y2IQFc\" lang=\"sv\">PRODUKTDIMENSIONER:<br \/>\nBorsth\u00f6jd: 305 cm<br \/>\nakfotsh\u00f6jd: 210 cm<br \/>\nBredd: 425 cm<br \/>\nDjup: 295 cm<br \/>\nYta: 12,5 m\u00b2<br \/>\nPRODUKTFUNKTIONER:<br \/>\nF\u00e4rg: gr\u00e5<br \/>\nMaterial: Aluminium<br \/>\nYta: Pulverlackering<br \/>\nTakyta: 12,5 m\u00b2<br \/>\nGaranti: 12 \u00e5r<br \/>\nVindmotst\u00e5nd: 120 km\/h<br \/>\nTakpaneler: Ljusa 61 %<br \/>\nVikt: 82,6 kg<br \/>\nSkjutbara paneler<br \/>\nInneh\u00e5ller h\u00e4ngr\u00e4nnor och r\u00f6r<br \/>\nI setet ing\u00e5r f\u00f6rankring och fotplattor, med vilka du kan f\u00e4sta terrasstaket p\u00e5 valfri bas.<\/span><\/p>\n<\/div>\n<\/div>\n<\/div>\n","protected":false},"excerpt":{"rendered":"<p>Terrasstak Canopia by Palram Olympia 3\u00d74,25 Olympia altantak har utformats med din komfort i \u00e5tanke&#8230;.<\/p>\n","protected":false},"featured_media":10174,"template":"","meta":{"_acf_changed":false,"inline_featured_image":false},"product_brand":[],"product_cat":[559,538],"product_tag":[],"class_list":{"0":"post-12026","1":"product","2":"type-product","3":"status-publish","4":"has-post-thumbnail","6":"product_cat-terrass","7":"product_cat-tradgardspaviljonger-skarmtak-paviljonger","9":"first","10":"outofstock","11":"taxable","12":"shipping-taxable","13":"purchasable","14":"product-type-simple"},"acf":[],"_links":{"self":[{"href":"https:\/\/abpolar.ee\/sv\/wp-json\/wp\/v2\/product\/12026","targetHints":{"allow":["GET"]}}],"collection":[{"href":"https:\/\/abpolar.ee\/sv\/wp-json\/wp\/v2\/product"}],"about":[{"href":"https:\/\/abpolar.ee\/sv\/wp-json\/wp\/v2\/types\/product"}],"wp:featuredmedia":[{"embeddable":true,"href":"https:\/\/abpolar.ee\/sv\/wp-json\/wp\/v2\/media\/10174"}],"wp:attachment":[{"href":"https:\/\/abpolar.ee\/sv\/wp-json\/wp\/v2\/media?parent=12026"}],"wp:term":[{"taxonomy":"product_brand","embeddable":true,"href":"https:\/\/abpolar.ee\/sv\/wp-json\/wp\/v2\/product_brand?post=12026"},{"taxonomy":"product_cat","embeddable":true,"href":"https:\/\/abpolar.ee\/sv\/wp-json\/wp\/v2\/product_cat?post=12026"},{"taxonomy":"product_tag","embeddable":true,"href":"https:\/\/abpolar.ee\/sv\/wp-json\/wp\/v2\/product_tag?post=12026"}],"curies":[{"name":"wp","href":"https:\/\/api.w.org\/{rel}","templated":true}]}}