{"id":12035,"date":"2022-11-17T16:09:31","date_gmt":"2022-11-17T14:09:31","guid":{"rendered":"https:\/\/abpolar-ee.vserver.zonevs.eu\/?post_type=product&#038;p=12035"},"modified":"2023-12-20T16:17:53","modified_gmt":"2023-12-20T14:17:53","slug":"hangstol-med-kuddar-vit","status":"publish","type":"product","link":"https:\/\/abpolar.ee\/sv\/produkt\/hangstol-med-kuddar-vit\/","title":{"rendered":"H\u00e4ngstol med kuddar, vit"},"content":{"rendered":"<h2 id=\"tw-target-text\" class=\"tw-data-text tw-text-large tw-ta\" dir=\"ltr\" data-placeholder=\"T\u00f5lge\" data-ved=\"2ahUKEwj9nqWT052DAxV4R_EDHXBbCAwQ3ewLegQIBRAQ\"><span class=\"Y2IQFc\" lang=\"sv\">H\u00e4ngstol med kuddar, vit<\/span><\/h2>\n<p id=\"tw-target-text\" class=\"tw-data-text tw-text-large tw-ta\" dir=\"ltr\" data-placeholder=\"T\u00f5lge\" data-ved=\"2ahUKEwj9nqWT052DAxV4R_EDHXBbCAwQ3ewLegQIBRAQ\"><span class=\"Y2IQFc\" lang=\"sv\">H\u00e4ngstolen \u00e4r l\u00e4mplig f\u00f6r b\u00e5de utomhus- och inomhusbruk.<br \/>\nStolen v\u00e4vd av bomullsn\u00e4t \u00e4r naturvit och den nedre delen av h\u00e4ngstolen \u00e4r dekorerad med fransar.<br \/>\nSetet inneh\u00e5ller kuddar 60x60cm och 40cm40cm<br \/>\nM\u00e5tt: \u00d880cm,<br \/>\nSits \u00d860cm.<br \/>\nRam: metall, bomull<br \/>\nB\u00e4rkapacitet: 100 kg<\/span><\/p>\n","protected":false},"excerpt":{"rendered":"<p>H\u00e4ngstol med kuddar, vit H\u00e4ngstolen \u00e4r l\u00e4mplig f\u00f6r b\u00e5de utomhus- och inomhusbruk. Stolen v\u00e4vd av&#8230;<\/p>\n","protected":false},"featured_media":9440,"template":"","meta":{"_acf_changed":false,"inline_featured_image":false},"product_brand":[],"product_cat":[484,483,541],"product_tag":[],"class_list":{"0":"post-12035","1":"product","2":"type-product","3":"status-publish","4":"has-post-thumbnail","6":"product_cat-gungstallning","7":"product_cat-hangmattor-hangstolar","8":"product_cat-tradgardsmobler","9":"product_shipping_class-litet-paket","11":"first","12":"instock","13":"sale","14":"taxable","15":"shipping-taxable","16":"purchasable","17":"product-type-simple"},"acf":[],"_links":{"self":[{"href":"https:\/\/abpolar.ee\/sv\/wp-json\/wp\/v2\/product\/12035","targetHints":{"allow":["GET"]}}],"collection":[{"href":"https:\/\/abpolar.ee\/sv\/wp-json\/wp\/v2\/product"}],"about":[{"href":"https:\/\/abpolar.ee\/sv\/wp-json\/wp\/v2\/types\/product"}],"wp:featuredmedia":[{"embeddable":true,"href":"https:\/\/abpolar.ee\/sv\/wp-json\/wp\/v2\/media\/9440"}],"wp:attachment":[{"href":"https:\/\/abpolar.ee\/sv\/wp-json\/wp\/v2\/media?parent=12035"}],"wp:term":[{"taxonomy":"product_brand","embeddable":true,"href":"https:\/\/abpolar.ee\/sv\/wp-json\/wp\/v2\/product_brand?post=12035"},{"taxonomy":"product_cat","embeddable":true,"href":"https:\/\/abpolar.ee\/sv\/wp-json\/wp\/v2\/product_cat?post=12035"},{"taxonomy":"product_tag","embeddable":true,"href":"https:\/\/abpolar.ee\/sv\/wp-json\/wp\/v2\/product_tag?post=12035"}],"curies":[{"name":"wp","href":"https:\/\/api.w.org\/{rel}","templated":true}]}}