{"id":12044,"date":"2022-11-17T16:09:47","date_gmt":"2022-11-17T14:09:47","guid":{"rendered":"https:\/\/abpolar-ee.vserver.zonevs.eu\/?post_type=product&#038;p=12044"},"modified":"2023-12-20T16:33:04","modified_gmt":"2023-12-20T14:33:04","slug":"spindelgunga-100cm","status":"publish","type":"product","link":"https:\/\/abpolar.ee\/sv\/produkt\/spindelgunga-100cm\/","title":{"rendered":"Spindelgunga 100cm"},"content":{"rendered":"<h2 class=\"tw-data-text tw-text-large tw-ta\" dir=\"ltr\" data-placeholder=\"T\u00f5lge\" data-ved=\"2ahUKEwj9nqWT052DAxV4R_EDHXBbCAwQ3ewLegQIBRAQ\"><span class=\"Y2IQFc\" lang=\"sv\">Spindelgunga <\/span>100cm<\/h2>\n<p id=\"tw-target-text\" class=\"tw-data-text tw-text-large tw-ta\" dir=\"ltr\" data-placeholder=\"T\u00f5lge\" data-ved=\"2ahUKEwj9nqWT052DAxV4R_EDHXBbCAwQ3ewLegQIBRAQ\"><span class=\"Y2IQFc\" lang=\"sv\">Tr\u00e4dg\u00e5rdsgungan med n\u00e4t &#8221;Amblikkiik&#8221; har ett kraftigt rep och EVA-skumstoppning slitstark gunga med st\u00e5lram.<br \/>\nEn rund gunga med en diameter p\u00e5 en meter kan rymma tv\u00e5 barn samtidigt.<\/span><\/p>\n<p id=\"tw-target-text\" class=\"tw-data-text tw-text-large tw-ta\" dir=\"ltr\" data-placeholder=\"T\u00f5lge\" data-ved=\"2ahUKEwj9nqWT052DAxV4R_EDHXBbCAwQ3ewLegQIBRAQ\"><span class=\"Y2IQFc\" lang=\"sv\">Diameter: 100 cm<br \/>\nRam: st\u00e5l + EVA skum stoppning<br \/>\nLastkapacitet 120KG<\/span><\/p>\n<p>&nbsp;<\/p>\n","protected":false},"excerpt":{"rendered":"<p>Spindelgunga 100cm Tr\u00e4dg\u00e5rdsgungan med n\u00e4t &#8221;Amblikkiik&#8221; har ett kraftigt rep och EVA-skumstoppning slitstark gunga med&#8230;<\/p>\n","protected":false},"featured_media":9490,"template":"","meta":{"_acf_changed":false,"inline_featured_image":false},"product_brand":[],"product_cat":[488,484],"product_tag":[],"class_list":{"0":"post-12044","1":"product","2":"type-product","3":"status-publish","4":"has-post-thumbnail","6":"product_cat-for-barn","7":"product_cat-gungstallning","8":"product_shipping_class-litet-paket","10":"first","11":"instock","12":"sale","13":"taxable","14":"shipping-taxable","15":"purchasable","16":"product-type-simple"},"acf":[],"_links":{"self":[{"href":"https:\/\/abpolar.ee\/sv\/wp-json\/wp\/v2\/product\/12044","targetHints":{"allow":["GET"]}}],"collection":[{"href":"https:\/\/abpolar.ee\/sv\/wp-json\/wp\/v2\/product"}],"about":[{"href":"https:\/\/abpolar.ee\/sv\/wp-json\/wp\/v2\/types\/product"}],"wp:featuredmedia":[{"embeddable":true,"href":"https:\/\/abpolar.ee\/sv\/wp-json\/wp\/v2\/media\/9490"}],"wp:attachment":[{"href":"https:\/\/abpolar.ee\/sv\/wp-json\/wp\/v2\/media?parent=12044"}],"wp:term":[{"taxonomy":"product_brand","embeddable":true,"href":"https:\/\/abpolar.ee\/sv\/wp-json\/wp\/v2\/product_brand?post=12044"},{"taxonomy":"product_cat","embeddable":true,"href":"https:\/\/abpolar.ee\/sv\/wp-json\/wp\/v2\/product_cat?post=12044"},{"taxonomy":"product_tag","embeddable":true,"href":"https:\/\/abpolar.ee\/sv\/wp-json\/wp\/v2\/product_tag?post=12044"}],"curies":[{"name":"wp","href":"https:\/\/api.w.org\/{rel}","templated":true}]}}