{"id":12047,"date":"2022-11-17T16:09:40","date_gmt":"2022-11-17T14:09:40","guid":{"rendered":"https:\/\/abpolar-ee.vserver.zonevs.eu\/?post_type=product&#038;p=12047"},"modified":"2023-12-20T16:36:37","modified_gmt":"2023-12-20T14:36:37","slug":"tradgardsgunga-3-sits","status":"publish","type":"product","link":"https:\/\/abpolar.ee\/sv\/produkt\/tradgardsgunga-3-sits\/","title":{"rendered":"Tr\u00e4dg\u00e5rdsgunga 3-sits"},"content":{"rendered":"<h2 class=\"tw-data-text tw-text-large tw-ta\" dir=\"ltr\" data-placeholder=\"T\u00f5lge\" data-ved=\"2ahUKEwj9nqWT052DAxV4R_EDHXBbCAwQ3ewLegQIBRAQ\"><span class=\"Y2IQFc\" lang=\"sv\">Tr\u00e4dg\u00e5rdsgunga <\/span><span class=\"Y2IQFc\" lang=\"sv\">3-sits<\/span><\/h2>\n<p id=\"tw-target-text\" class=\"tw-data-text tw-text-large tw-ta\" dir=\"ltr\" data-placeholder=\"T\u00f5lge\" data-ved=\"2ahUKEwj9nqWT052DAxV4R_EDHXBbCAwQ3ewLegQIBRAQ\"><span class=\"Y2IQFc\" lang=\"sv\">Tresits utomhusgunga med kapell<br \/>\nTr\u00e4dg\u00e5rdsgungans kropp \u00e4r gjord av svartm\u00e5lat st\u00e5l<br \/>\nSits och rygg av vattenavvisande polyestertyg, f\u00e4rg: svart<br \/>\nDet f\u00e4llbara kapellet \u00e4r t\u00e4ckt med v\u00e4derbest\u00e4ndigt polyestertyg<br \/>\nM\u00e5tt: 170x110x153cm<\/span><\/p>\n","protected":false},"excerpt":{"rendered":"<p>Tr\u00e4dg\u00e5rdsgunga 3-sits Tresits utomhusgunga med kapell Tr\u00e4dg\u00e5rdsgungans kropp \u00e4r gjord av svartm\u00e5lat st\u00e5l Sits och&#8230;<\/p>\n","protected":false},"featured_media":9500,"template":"","meta":{"_acf_changed":false,"inline_featured_image":false},"product_brand":[],"product_cat":[484,543],"product_tag":[],"class_list":{"0":"post-12047","1":"product","2":"type-product","3":"status-publish","4":"has-post-thumbnail","6":"product_cat-gungstallning","7":"product_cat-utemiljo","8":"product_shipping_class-paket-upp-till-30kg","10":"first","11":"instock","12":"sale","13":"taxable","14":"shipping-taxable","15":"purchasable","16":"product-type-simple"},"acf":[],"_links":{"self":[{"href":"https:\/\/abpolar.ee\/sv\/wp-json\/wp\/v2\/product\/12047","targetHints":{"allow":["GET"]}}],"collection":[{"href":"https:\/\/abpolar.ee\/sv\/wp-json\/wp\/v2\/product"}],"about":[{"href":"https:\/\/abpolar.ee\/sv\/wp-json\/wp\/v2\/types\/product"}],"wp:featuredmedia":[{"embeddable":true,"href":"https:\/\/abpolar.ee\/sv\/wp-json\/wp\/v2\/media\/9500"}],"wp:attachment":[{"href":"https:\/\/abpolar.ee\/sv\/wp-json\/wp\/v2\/media?parent=12047"}],"wp:term":[{"taxonomy":"product_brand","embeddable":true,"href":"https:\/\/abpolar.ee\/sv\/wp-json\/wp\/v2\/product_brand?post=12047"},{"taxonomy":"product_cat","embeddable":true,"href":"https:\/\/abpolar.ee\/sv\/wp-json\/wp\/v2\/product_cat?post=12047"},{"taxonomy":"product_tag","embeddable":true,"href":"https:\/\/abpolar.ee\/sv\/wp-json\/wp\/v2\/product_tag?post=12047"}],"curies":[{"name":"wp","href":"https:\/\/api.w.org\/{rel}","templated":true}]}}