{"id":12059,"date":"2022-11-17T16:09:36","date_gmt":"2022-11-17T14:09:36","guid":{"rendered":"https:\/\/abpolar-ee.vserver.zonevs.eu\/?post_type=product&#038;p=12059"},"modified":"2023-12-21T10:49:05","modified_gmt":"2023-12-21T08:49:05","slug":"mullvadsfalla-sorkfalla-grymt-effektiv-tunnel","status":"publish","type":"product","link":"https:\/\/abpolar.ee\/sv\/produkt\/mullvadsfalla-sorkfalla-grymt-effektiv-tunnel\/","title":{"rendered":"Mullvadsf\u00e4lla\/sorkf\u00e4lla grymt effektiv tunnel"},"content":{"rendered":"<h2 class=\"custom-font product-description-header\">Mullvadsf\u00e4lla\/sorkf\u00e4lla grymt effektiv tunnel<\/h2>\n<p>Installerad i mullvadsv\u00e4xlar.<br \/>\nAnv\u00e4nd handskar vid installation.<br \/>\nM\u00e5tt: 15,3 x 7,6 x 8,9 cm<br \/>\nMaterial: metall<\/p>\n<p>1 Akta fingrarna \/ all anv\u00e4ndning sker p\u00e5 egen risk<br \/>\n2 F\u00e4llan har 2 f\u00e4llor i en = grymt effektiv<br \/>\n3 Tryck ner ena sidans h\u00e4varm<br \/>\n4 F\u00e4ll \u00f6ver pinnen som p\u00e5 bilden (med tummen) och s\u00e4tt in i den p\u00e5 ovansidan i den<br \/>\n5 G\u00f6r likadant p\u00e5 andra sidan med st\u00f6rsta varsamhet<br \/>\n6 S\u00e4tt ner den i mullvadsg\u00e5ngen<\/p>\n<p>&nbsp;<\/p>\n","protected":false},"excerpt":{"rendered":"<p>Mullvadsf\u00e4lla\/sorkf\u00e4lla grymt effektiv tunnel Installerad i mullvadsv\u00e4xlar. Anv\u00e4nd handskar vid installation. M\u00e5tt: 15,3 x 7,6&#8230;<\/p>\n","protected":false},"featured_media":9826,"template":"","meta":{"_acf_changed":false,"inline_featured_image":false},"product_brand":[],"product_cat":[502],"product_tag":[],"class_list":{"0":"post-12059","1":"product","2":"type-product","3":"status-publish","4":"has-post-thumbnail","6":"product_cat-produkter-for-skadedjursbekampning","7":"product_shipping_class-litet-paket","9":"first","10":"instock","11":"taxable","12":"shipping-taxable","13":"purchasable","14":"product-type-simple"},"acf":[],"_links":{"self":[{"href":"https:\/\/abpolar.ee\/sv\/wp-json\/wp\/v2\/product\/12059","targetHints":{"allow":["GET"]}}],"collection":[{"href":"https:\/\/abpolar.ee\/sv\/wp-json\/wp\/v2\/product"}],"about":[{"href":"https:\/\/abpolar.ee\/sv\/wp-json\/wp\/v2\/types\/product"}],"wp:featuredmedia":[{"embeddable":true,"href":"https:\/\/abpolar.ee\/sv\/wp-json\/wp\/v2\/media\/9826"}],"wp:attachment":[{"href":"https:\/\/abpolar.ee\/sv\/wp-json\/wp\/v2\/media?parent=12059"}],"wp:term":[{"taxonomy":"product_brand","embeddable":true,"href":"https:\/\/abpolar.ee\/sv\/wp-json\/wp\/v2\/product_brand?post=12059"},{"taxonomy":"product_cat","embeddable":true,"href":"https:\/\/abpolar.ee\/sv\/wp-json\/wp\/v2\/product_cat?post=12059"},{"taxonomy":"product_tag","embeddable":true,"href":"https:\/\/abpolar.ee\/sv\/wp-json\/wp\/v2\/product_tag?post=12059"}],"curies":[{"name":"wp","href":"https:\/\/api.w.org\/{rel}","templated":true}]}}