{"id":12060,"date":"2022-11-17T16:09:35","date_gmt":"2022-11-17T14:09:35","guid":{"rendered":"https:\/\/abpolar-ee.vserver.zonevs.eu\/?post_type=product&#038;p=12060"},"modified":"2023-12-21T10:54:35","modified_gmt":"2023-12-21T08:54:35","slug":"mullvadsfalla","status":"publish","type":"product","link":"https:\/\/abpolar.ee\/sv\/produkt\/mullvadsfalla\/","title":{"rendered":"Mullvadsf\u00e4lla"},"content":{"rendered":"<h2>Mullvadsf\u00e4lla<\/h2>\n<p>En f\u00e4lla som f\u00e5ngar och d\u00f6dar mullvaden, p\u00e5 ett s\u00e4kert och effektivt s\u00e4tt, i dess tunnel i jorden. F\u00e4llan \u00e4r tillverkad i galvaniserat st\u00e5l och gillras enkelt och placeras sen i sorktunneln.<\/p>\n<p>En mycket effektiv mullvadsf\u00e5ngare som snabbt f\u00f6rst\u00f6r mullvadar fr\u00e5n tr\u00e4dg\u00e5rden.<br \/>\nIdentifiera stegen som anv\u00e4nds av mullvadar i tr\u00e4dg\u00e5rden.<br \/>\nDetta g\u00f6rs enkelt genom att utj\u00e4mna yttunnlar och jordh\u00f6gar skapade av mullvadar.<br \/>\nV\u00e4nta 24 timmar och kontrollera igen.<br \/>\nDe tunnlar och p\u00e5lar som har \u00f6ppnats igen \u00e4r i bruk och ett bra st\u00e4lle att b\u00f6rja.<br \/>\nDen idealiska platsen f\u00f6r f\u00e4llan \u00e4r p\u00e5 toppen av en tunnel mellan tv\u00e5 jordh\u00f6gar som anv\u00e4nds.<br \/>\nM\u00e5tt: 40x10x10cm<\/p>\n","protected":false},"excerpt":{"rendered":"<p>Mullvadsf\u00e4lla En f\u00e4lla som f\u00e5ngar och d\u00f6dar mullvaden, p\u00e5 ett s\u00e4kert och effektivt s\u00e4tt, i&#8230;<\/p>\n","protected":false},"featured_media":9831,"template":"","meta":{"_acf_changed":false,"inline_featured_image":false},"product_brand":[],"product_cat":[502],"product_tag":[],"class_list":{"0":"post-12060","1":"product","2":"type-product","3":"status-publish","4":"has-post-thumbnail","6":"product_cat-produkter-for-skadedjursbekampning","7":"product_shipping_class-litet-paket","9":"first","10":"instock","11":"taxable","12":"shipping-taxable","13":"purchasable","14":"product-type-simple"},"acf":[],"_links":{"self":[{"href":"https:\/\/abpolar.ee\/sv\/wp-json\/wp\/v2\/product\/12060","targetHints":{"allow":["GET"]}}],"collection":[{"href":"https:\/\/abpolar.ee\/sv\/wp-json\/wp\/v2\/product"}],"about":[{"href":"https:\/\/abpolar.ee\/sv\/wp-json\/wp\/v2\/types\/product"}],"wp:featuredmedia":[{"embeddable":true,"href":"https:\/\/abpolar.ee\/sv\/wp-json\/wp\/v2\/media\/9831"}],"wp:attachment":[{"href":"https:\/\/abpolar.ee\/sv\/wp-json\/wp\/v2\/media?parent=12060"}],"wp:term":[{"taxonomy":"product_brand","embeddable":true,"href":"https:\/\/abpolar.ee\/sv\/wp-json\/wp\/v2\/product_brand?post=12060"},{"taxonomy":"product_cat","embeddable":true,"href":"https:\/\/abpolar.ee\/sv\/wp-json\/wp\/v2\/product_cat?post=12060"},{"taxonomy":"product_tag","embeddable":true,"href":"https:\/\/abpolar.ee\/sv\/wp-json\/wp\/v2\/product_tag?post=12060"}],"curies":[{"name":"wp","href":"https:\/\/api.w.org\/{rel}","templated":true}]}}