{"id":12061,"date":"2022-11-17T16:09:36","date_gmt":"2022-11-17T14:09:36","guid":{"rendered":"https:\/\/abpolar-ee.vserver.zonevs.eu\/?post_type=product&#038;p=12061"},"modified":"2023-12-21T10:56:15","modified_gmt":"2023-12-21T08:56:15","slug":"mullvadsfalla-easy","status":"publish","type":"product","link":"https:\/\/abpolar.ee\/sv\/produkt\/mullvadsfalla-easy\/","title":{"rendered":"Mullvadsf\u00e4lla \u201cEasy\u201d"},"content":{"rendered":"<h2>Mullvadsf\u00e4lla \u201cEasy\u201d<\/h2>\n<p>Att anv\u00e4nda &#8221;Easy&#8221; mullvadsbrytaren \u00e4r v\u00e4ldigt enkelt och bekv\u00e4mt.<br \/>\nIdentifiera stegen som anv\u00e4nds av mullvadar i tr\u00e4dg\u00e5rden.<br \/>\nDetta g\u00f6rs enkelt genom att utj\u00e4mna yttunnlar och jordh\u00f6gar skapade av mullvadar.<br \/>\nV\u00e4nta 24 timmar och kontrollera igen.<br \/>\nDe tunnlar och p\u00e5lar som har \u00f6ppnats igen \u00e4r i bruk och ett bra st\u00e4lle att b\u00f6rja.<br \/>\nDen idealiska platsen f\u00f6r f\u00e4llan \u00e4r p\u00e5 toppen av en tunnel mellan tv\u00e5 jordh\u00f6gar som anv\u00e4nds.<br \/>\nS\u00e4tt in f\u00e4llans k\u00e4ftar i sp\u00e5ret som tidigare gjorts med spadens spets (vinkelr\u00e4tt mot tunneln), trampa p\u00e5 \u00e4nden av pedalen och tryck ner den med foten tills avtryckaren l\u00e5ser sig.<br \/>\nOch f\u00e4llan \u00e4r satt.<br \/>\nEn pedal som har h\u00f6jts igen tyder p\u00e5 lyckat fiske.<br \/>\nPlacera f\u00e4llan p\u00e5 hinken och sl\u00e4pp mullvad genom att trycka p\u00e5 pedalen.<br \/>\nM\u00e5tt: 30x14x14cm<\/p>\n","protected":false},"excerpt":{"rendered":"<p>Mullvadsf\u00e4lla \u201cEasy\u201d Att anv\u00e4nda &#8221;Easy&#8221; mullvadsbrytaren \u00e4r v\u00e4ldigt enkelt och bekv\u00e4mt. Identifiera stegen som anv\u00e4nds&#8230;<\/p>\n","protected":false},"featured_media":9830,"template":"","meta":{"_acf_changed":false,"inline_featured_image":false},"product_brand":[],"product_cat":[502],"product_tag":[],"class_list":{"0":"post-12061","1":"product","2":"type-product","3":"status-publish","4":"has-post-thumbnail","6":"product_cat-produkter-for-skadedjursbekampning","7":"product_shipping_class-litet-paket","9":"first","10":"instock","11":"taxable","12":"shipping-taxable","13":"purchasable","14":"product-type-simple"},"acf":[],"_links":{"self":[{"href":"https:\/\/abpolar.ee\/sv\/wp-json\/wp\/v2\/product\/12061","targetHints":{"allow":["GET"]}}],"collection":[{"href":"https:\/\/abpolar.ee\/sv\/wp-json\/wp\/v2\/product"}],"about":[{"href":"https:\/\/abpolar.ee\/sv\/wp-json\/wp\/v2\/types\/product"}],"wp:featuredmedia":[{"embeddable":true,"href":"https:\/\/abpolar.ee\/sv\/wp-json\/wp\/v2\/media\/9830"}],"wp:attachment":[{"href":"https:\/\/abpolar.ee\/sv\/wp-json\/wp\/v2\/media?parent=12061"}],"wp:term":[{"taxonomy":"product_brand","embeddable":true,"href":"https:\/\/abpolar.ee\/sv\/wp-json\/wp\/v2\/product_brand?post=12061"},{"taxonomy":"product_cat","embeddable":true,"href":"https:\/\/abpolar.ee\/sv\/wp-json\/wp\/v2\/product_cat?post=12061"},{"taxonomy":"product_tag","embeddable":true,"href":"https:\/\/abpolar.ee\/sv\/wp-json\/wp\/v2\/product_tag?post=12061"}],"curies":[{"name":"wp","href":"https:\/\/api.w.org\/{rel}","templated":true}]}}