{"id":12062,"date":"2022-11-17T16:09:30","date_gmt":"2022-11-17T14:09:30","guid":{"rendered":"https:\/\/abpolar-ee.vserver.zonevs.eu\/?post_type=product&#038;p=12062"},"modified":"2023-12-21T11:09:18","modified_gmt":"2023-12-21T09:09:18","slug":"sork-och-mullvadsfritt","status":"publish","type":"product","link":"https:\/\/abpolar.ee\/sv\/produkt\/sork-och-mullvadsfritt\/","title":{"rendered":"Sork- och Mullvadsfritt"},"content":{"rendered":"<h2>Sork- och Mullvadsfritt\u00a0 Solar602<\/h2>\n<p>&#8221;Solar&#8221; mullvadsrepeller fungerar med ljud- och vibrationspulser.<br \/>\nGer ett h\u00f6gfrekvent ljud var 20:e sekund.<br \/>\nMolavvisarens p\u00e5verkansomr\u00e5de \u00e4r 650 m\u00b2.<br \/>\nIngen el beh\u00f6vs p\u00e5 grund av solpanelerna.<br \/>\nIdentifiera stegen som anv\u00e4nds av mullvadar i tr\u00e4dg\u00e5rden.<br \/>\nDetta g\u00f6rs enkelt genom att utj\u00e4mna yttunnlar och jordh\u00f6gar skapade av mullvadar.<br \/>\nV\u00e4nta 24 timmar och kontrollera igen.<br \/>\nDe tunnlar och p\u00e5lar som har \u00f6ppnats igen \u00e4r i bruk och ett bra st\u00e4lle att b\u00f6rja.<br \/>\nDen idealiska platsen f\u00f6r f\u00e4llan \u00e4r p\u00e5 toppen av en tunnel mellan tv\u00e5 jordh\u00f6gar som anv\u00e4nds.<br \/>\nM\u00e5tt: 10&#215;8,5&#215;3,6cm<\/p>\n","protected":false},"excerpt":{"rendered":"<p>Sork- och Mullvadsfritt\u00a0 Solar602 &#8221;Solar&#8221; mullvadsrepeller fungerar med ljud- och vibrationspulser. Ger ett h\u00f6gfrekvent ljud&#8230;<\/p>\n","protected":false},"featured_media":9833,"template":"","meta":{"_acf_changed":false,"inline_featured_image":false},"product_brand":[],"product_cat":[502],"product_tag":[],"class_list":{"0":"post-12062","1":"product","2":"type-product","3":"status-publish","4":"has-post-thumbnail","6":"product_cat-produkter-for-skadedjursbekampning","7":"product_shipping_class-litet-paket","9":"first","10":"instock","11":"taxable","12":"shipping-taxable","13":"purchasable","14":"product-type-simple"},"acf":[],"_links":{"self":[{"href":"https:\/\/abpolar.ee\/sv\/wp-json\/wp\/v2\/product\/12062","targetHints":{"allow":["GET"]}}],"collection":[{"href":"https:\/\/abpolar.ee\/sv\/wp-json\/wp\/v2\/product"}],"about":[{"href":"https:\/\/abpolar.ee\/sv\/wp-json\/wp\/v2\/types\/product"}],"wp:featuredmedia":[{"embeddable":true,"href":"https:\/\/abpolar.ee\/sv\/wp-json\/wp\/v2\/media\/9833"}],"wp:attachment":[{"href":"https:\/\/abpolar.ee\/sv\/wp-json\/wp\/v2\/media?parent=12062"}],"wp:term":[{"taxonomy":"product_brand","embeddable":true,"href":"https:\/\/abpolar.ee\/sv\/wp-json\/wp\/v2\/product_brand?post=12062"},{"taxonomy":"product_cat","embeddable":true,"href":"https:\/\/abpolar.ee\/sv\/wp-json\/wp\/v2\/product_cat?post=12062"},{"taxonomy":"product_tag","embeddable":true,"href":"https:\/\/abpolar.ee\/sv\/wp-json\/wp\/v2\/product_tag?post=12062"}],"curies":[{"name":"wp","href":"https:\/\/api.w.org\/{rel}","templated":true}]}}