{"id":12064,"date":"2022-11-17T16:09:37","date_gmt":"2022-11-17T14:09:37","guid":{"rendered":"https:\/\/abpolar-ee.vserver.zonevs.eu\/?post_type=product&#038;p=12064"},"modified":"2023-12-21T11:16:28","modified_gmt":"2023-12-21T09:16:28","slug":"mullvadskontroll-rok","status":"publish","type":"product","link":"https:\/\/abpolar.ee\/sv\/produkt\/mullvadskontroll-rok\/","title":{"rendered":"Mullvadskontroll r\u00f6k"},"content":{"rendered":"<h2>Mullvadskontroll r\u00f6k, 5 st i en l\u00e5da<\/h2>\n<p>Mole control smoke &#8211; ett popul\u00e4rt verktyg f\u00f6r att kontrollera mullvadar.<br \/>\nProdukten d\u00f6dar inte mullvadar utan st\u00f6ter bort dem med sin extremt sura gas.<br \/>\n5 st i en l\u00e5da<br \/>\nG\u00d6R DET H\u00c4R:<br \/>\nJ\u00e4mna ut marken fr\u00e5n gamla h\u00f6gar av mullvadsh\u00f6gar.<br \/>\nN\u00e4r du hittar en ny h\u00f6g med mullvadsh\u00f6gar, gr\u00e4v upp den lite s\u00e5 att mullvadsh\u00e5let eller passagen syns tydligt.<br \/>\nT\u00e4nd det gr\u00f6na sn\u00f6ret fr\u00e5n r\u00f6kpinnens \u00e4nde och placera sedan snabbt sn\u00f6rets \u00e4nde framf\u00f6r mullvadsh\u00e5let.<br \/>\nT\u00e4ck sedan snabbt mullvadsh\u00e5let med jord.<br \/>\nKom iv\u00e4g snabbt!<br \/>\nTiden fr\u00e5n t\u00e4ndning till r\u00f6kning \u00e4r max 5 sekunder.<br \/>\nAgera exakt och snabbt.<br \/>\nOm du hittar nya h\u00f6gar med mullvadsh\u00f6gar vet du redan hur du ska agera.<br \/>\nDet \u00e4r alltid bra att arbeta med en ny h\u00f6g med mullvadsh\u00f6gar.<br \/>\nKonsekvent och dagligt kontinuerligt agerande leder till resultat!<\/p>\n","protected":false},"excerpt":{"rendered":"<p>Mullvadskontroll r\u00f6k, 5 st i en l\u00e5da Mole control smoke &#8211; ett popul\u00e4rt verktyg f\u00f6r&#8230;<\/p>\n","protected":false},"featured_media":10243,"template":"","meta":{"_acf_changed":false,"inline_featured_image":false},"product_brand":[],"product_cat":[502],"product_tag":[],"class_list":{"0":"post-12064","1":"product","2":"type-product","3":"status-publish","4":"has-post-thumbnail","6":"product_cat-produkter-for-skadedjursbekampning","7":"product_shipping_class-litet-paket","9":"first","10":"instock","11":"taxable","12":"shipping-taxable","13":"purchasable","14":"product-type-simple"},"acf":[],"_links":{"self":[{"href":"https:\/\/abpolar.ee\/sv\/wp-json\/wp\/v2\/product\/12064","targetHints":{"allow":["GET"]}}],"collection":[{"href":"https:\/\/abpolar.ee\/sv\/wp-json\/wp\/v2\/product"}],"about":[{"href":"https:\/\/abpolar.ee\/sv\/wp-json\/wp\/v2\/types\/product"}],"wp:featuredmedia":[{"embeddable":true,"href":"https:\/\/abpolar.ee\/sv\/wp-json\/wp\/v2\/media\/10243"}],"wp:attachment":[{"href":"https:\/\/abpolar.ee\/sv\/wp-json\/wp\/v2\/media?parent=12064"}],"wp:term":[{"taxonomy":"product_brand","embeddable":true,"href":"https:\/\/abpolar.ee\/sv\/wp-json\/wp\/v2\/product_brand?post=12064"},{"taxonomy":"product_cat","embeddable":true,"href":"https:\/\/abpolar.ee\/sv\/wp-json\/wp\/v2\/product_cat?post=12064"},{"taxonomy":"product_tag","embeddable":true,"href":"https:\/\/abpolar.ee\/sv\/wp-json\/wp\/v2\/product_tag?post=12064"}],"curies":[{"name":"wp","href":"https:\/\/api.w.org\/{rel}","templated":true}]}}