{"id":12066,"date":"2022-11-17T16:08:30","date_gmt":"2022-11-17T14:08:30","guid":{"rendered":"https:\/\/abpolar-ee.vserver.zonevs.eu\/?post_type=product&#038;p=12066"},"modified":"2023-12-21T15:19:45","modified_gmt":"2023-12-21T13:19:45","slug":"rattfalla","status":"publish","type":"product","link":"https:\/\/abpolar.ee\/sv\/produkt\/rattfalla\/","title":{"rendered":"R\u00e5ttf\u00e4lla"},"content":{"rendered":"<h2>R\u00e5ttf\u00e4lla<\/h2>\n<p>R\u00e5ttf\u00e4lla av plast, bekv\u00e4mt monterad.<br \/>\n1 st i f\u00f6rpackningen.<br \/>\nM\u00e5tt: 14\u00d77,7cm<\/p>\n","protected":false},"excerpt":{"rendered":"<p>R\u00e5ttf\u00e4lla R\u00e5ttf\u00e4lla av plast, bekv\u00e4mt monterad. 1 st i f\u00f6rpackningen. M\u00e5tt: 14\u00d77,7cm<\/p>\n","protected":false},"featured_media":10244,"template":"","meta":{"_acf_changed":false,"inline_featured_image":false},"product_brand":[],"product_cat":[502],"product_tag":[],"class_list":{"0":"post-12066","1":"product","2":"type-product","3":"status-publish","4":"has-post-thumbnail","6":"product_cat-produkter-for-skadedjursbekampning","7":"product_shipping_class-litet-paket","9":"first","10":"instock","11":"taxable","12":"shipping-taxable","13":"purchasable","14":"product-type-simple"},"acf":[],"_links":{"self":[{"href":"https:\/\/abpolar.ee\/sv\/wp-json\/wp\/v2\/product\/12066","targetHints":{"allow":["GET"]}}],"collection":[{"href":"https:\/\/abpolar.ee\/sv\/wp-json\/wp\/v2\/product"}],"about":[{"href":"https:\/\/abpolar.ee\/sv\/wp-json\/wp\/v2\/types\/product"}],"wp:featuredmedia":[{"embeddable":true,"href":"https:\/\/abpolar.ee\/sv\/wp-json\/wp\/v2\/media\/10244"}],"wp:attachment":[{"href":"https:\/\/abpolar.ee\/sv\/wp-json\/wp\/v2\/media?parent=12066"}],"wp:term":[{"taxonomy":"product_brand","embeddable":true,"href":"https:\/\/abpolar.ee\/sv\/wp-json\/wp\/v2\/product_brand?post=12066"},{"taxonomy":"product_cat","embeddable":true,"href":"https:\/\/abpolar.ee\/sv\/wp-json\/wp\/v2\/product_cat?post=12066"},{"taxonomy":"product_tag","embeddable":true,"href":"https:\/\/abpolar.ee\/sv\/wp-json\/wp\/v2\/product_tag?post=12066"}],"curies":[{"name":"wp","href":"https:\/\/api.w.org\/{rel}","templated":true}]}}