{"id":12070,"date":"2022-11-17T16:08:53","date_gmt":"2022-11-17T14:08:53","guid":{"rendered":"https:\/\/abpolar-ee.vserver.zonevs.eu\/?post_type=product&#038;p=12070"},"modified":"2023-12-21T16:36:32","modified_gmt":"2023-12-21T14:36:32","slug":"skottkarra-200l","status":"publish","type":"product","link":"https:\/\/abpolar.ee\/sv\/produkt\/skottkarra-200l\/","title":{"rendered":"Skottk\u00e4rra 200L"},"content":{"rendered":"<h2>Skottk\u00e4rra 200L<\/h2>\n<p>Skottk\u00e4rra med rymlig plastbalja.<\/p>\n<p>Den h\u00e4r skottk\u00e4rran fr\u00e5n Hard Head har en rymlig plastbalja p\u00e5 en st\u00e5lr\u00f6rskonstruktion och kommer v\u00e4l till pass n\u00e4r du st\u00e4dar och fixar i tr\u00e4dg\u00e5rden.<\/p>\n<p><strong>200 l plastbalja<br \/>\n<\/strong>Oavsett om du st\u00e4dar efter tr\u00e4dtrimning, r\u00e4fsar l\u00f6v eller pysslar med annat sm\u00e5tt och gott finns det gott om plats i den rymliga plastbaljan.<\/p>\n<p>Max. belastning 180 kg<br \/>\nVolym 200 l<\/p>\n<p>&nbsp;<\/p>\n","protected":false},"excerpt":{"rendered":"<p>Skottk\u00e4rra 200L Skottk\u00e4rra med rymlig plastbalja. Den h\u00e4r skottk\u00e4rran fr\u00e5n Hard Head har en rymlig&#8230;<\/p>\n","protected":false},"featured_media":9715,"template":"","meta":{"_acf_changed":false,"inline_featured_image":false},"product_brand":[],"product_cat":[503,501],"product_tag":[],"class_list":{"0":"post-12070","1":"product","2":"type-product","3":"status-publish","4":"has-post-thumbnail","6":"product_cat-skottkarror","7":"product_cat-tradgardsvaror","9":"first","10":"instock","11":"sale","12":"taxable","13":"shipping-taxable","14":"purchasable","15":"product-type-simple"},"acf":[],"_links":{"self":[{"href":"https:\/\/abpolar.ee\/sv\/wp-json\/wp\/v2\/product\/12070","targetHints":{"allow":["GET"]}}],"collection":[{"href":"https:\/\/abpolar.ee\/sv\/wp-json\/wp\/v2\/product"}],"about":[{"href":"https:\/\/abpolar.ee\/sv\/wp-json\/wp\/v2\/types\/product"}],"wp:featuredmedia":[{"embeddable":true,"href":"https:\/\/abpolar.ee\/sv\/wp-json\/wp\/v2\/media\/9715"}],"wp:attachment":[{"href":"https:\/\/abpolar.ee\/sv\/wp-json\/wp\/v2\/media?parent=12070"}],"wp:term":[{"taxonomy":"product_brand","embeddable":true,"href":"https:\/\/abpolar.ee\/sv\/wp-json\/wp\/v2\/product_brand?post=12070"},{"taxonomy":"product_cat","embeddable":true,"href":"https:\/\/abpolar.ee\/sv\/wp-json\/wp\/v2\/product_cat?post=12070"},{"taxonomy":"product_tag","embeddable":true,"href":"https:\/\/abpolar.ee\/sv\/wp-json\/wp\/v2\/product_tag?post=12070"}],"curies":[{"name":"wp","href":"https:\/\/api.w.org\/{rel}","templated":true}]}}