{"id":12131,"date":"2022-11-17T16:08:53","date_gmt":"2022-11-17T14:08:53","guid":{"rendered":"https:\/\/abpolar-ee.vserver.zonevs.eu\/?post_type=product&#038;p=12131"},"modified":"2024-01-03T15:04:22","modified_gmt":"2024-01-03T13:04:22","slug":"tradgardsvagn-med-tipp-75l","status":"publish","type":"product","link":"https:\/\/abpolar.ee\/sv\/produkt\/tradgardsvagn-med-tipp-75l\/","title":{"rendered":"Tr\u00e4dg\u00e5rdsvagn Med Tipp 75L"},"content":{"rendered":"<h2 id=\"ArtikelnamnFalt\" class=\"gutter-md-B\">Tr\u00e4dg\u00e5rdsvagn Med Tipp 75L<\/h2>\n<p>En smidig och rymlig vagn som du l\u00e4tt t\u00f6mmer med hj\u00e4lp av tippfunktionen.<\/p>\n<p>Teknisk specifikation:<br \/>\n&#8211; material st\u00e5l \/ polypropen (PP) \/ gummi<br \/>\n&#8211; max. kapacitet 120 kg<br \/>\n&#8211; lastvolym 75 l<br \/>\n&#8211; hjul 10 x 3.50-4 (air)<br \/>\n&#8211; utrustad med anv\u00e4ndarv\u00e4nlig tippfunktion<br \/>\n&#8211; framhjulsstyrning<br \/>\n&#8211; m\u00e5tt 94X52X21 mm<\/p>\n","protected":false},"excerpt":{"rendered":"<p>Tr\u00e4dg\u00e5rdsvagn Med Tipp 75L En smidig och rymlig vagn som du l\u00e4tt t\u00f6mmer med hj\u00e4lp&#8230;<\/p>\n","protected":false},"featured_media":9837,"template":"","meta":{"_acf_changed":false,"inline_featured_image":false},"product_brand":[],"product_cat":[503,501],"product_tag":[],"class_list":{"0":"post-12131","1":"product","2":"type-product","3":"status-publish","4":"has-post-thumbnail","6":"product_cat-skottkarror","7":"product_cat-tradgardsvaror","8":"product_shipping_class-paket-upp-till-30kg","10":"first","11":"instock","12":"sale","13":"taxable","14":"shipping-taxable","15":"purchasable","16":"product-type-simple"},"acf":[],"_links":{"self":[{"href":"https:\/\/abpolar.ee\/sv\/wp-json\/wp\/v2\/product\/12131","targetHints":{"allow":["GET"]}}],"collection":[{"href":"https:\/\/abpolar.ee\/sv\/wp-json\/wp\/v2\/product"}],"about":[{"href":"https:\/\/abpolar.ee\/sv\/wp-json\/wp\/v2\/types\/product"}],"wp:featuredmedia":[{"embeddable":true,"href":"https:\/\/abpolar.ee\/sv\/wp-json\/wp\/v2\/media\/9837"}],"wp:attachment":[{"href":"https:\/\/abpolar.ee\/sv\/wp-json\/wp\/v2\/media?parent=12131"}],"wp:term":[{"taxonomy":"product_brand","embeddable":true,"href":"https:\/\/abpolar.ee\/sv\/wp-json\/wp\/v2\/product_brand?post=12131"},{"taxonomy":"product_cat","embeddable":true,"href":"https:\/\/abpolar.ee\/sv\/wp-json\/wp\/v2\/product_cat?post=12131"},{"taxonomy":"product_tag","embeddable":true,"href":"https:\/\/abpolar.ee\/sv\/wp-json\/wp\/v2\/product_tag?post=12131"}],"curies":[{"name":"wp","href":"https:\/\/api.w.org\/{rel}","templated":true}]}}