{"id":12132,"date":"2022-11-17T16:08:29","date_gmt":"2022-11-17T14:08:29","guid":{"rendered":"https:\/\/abpolar-ee.vserver.zonevs.eu\/?post_type=product&#038;p=12132"},"modified":"2024-01-03T15:10:48","modified_gmt":"2024-01-03T13:10:48","slug":"skottkarra-85l","status":"publish","type":"product","link":"https:\/\/abpolar.ee\/sv\/produkt\/skottkarra-85l\/","title":{"rendered":"Skottk\u00e4rra 85l"},"content":{"rendered":"<h2>Skottk\u00e4rra 85l<\/h2>\n<p>Skottk\u00e4rra f\u00f6r de flesta tr\u00e4dg\u00e5rdsarbetena. Perfekt n\u00e4r du beh\u00f6ver forsla bort l\u00f6v, kvistar och annat tr\u00e4dg\u00e5rdsavfall till komposten eller avfallsh\u00f6gen.<br \/>\nPl\u00e5tkonstruktion med luftgummihjul<br \/>\nSkottk\u00e4rran \u00e4r tillverkad av galvaniserad pl\u00e5t \u00a0och ram i m\u00e5lat st\u00e5l, gr\u00f6n. Undertill finns ett luftgummihjul.<\/p>\n<p>&nbsp;<\/p>\n<p>Lastkapacitet 160 kg<br \/>\nVikt: 9 kg<br \/>\nM\u00e5tt: 130\u00d765 cm, h\u00f6jd 53 cm<\/p>\n","protected":false},"excerpt":{"rendered":"<p>Skottk\u00e4rra 85l Skottk\u00e4rra f\u00f6r de flesta tr\u00e4dg\u00e5rdsarbetena. Perfekt n\u00e4r du beh\u00f6ver forsla bort l\u00f6v, kvistar&#8230;<\/p>\n","protected":false},"featured_media":9844,"template":"","meta":{"_acf_changed":false,"inline_featured_image":false},"product_brand":[],"product_cat":[503,501],"product_tag":[],"class_list":{"0":"post-12132","1":"product","2":"type-product","3":"status-publish","4":"has-post-thumbnail","6":"product_cat-skottkarror","7":"product_cat-tradgardsvaror","8":"product_shipping_class-paket-upp-till-30kg","10":"first","11":"instock","12":"sale","13":"taxable","14":"shipping-taxable","15":"purchasable","16":"product-type-simple"},"acf":[],"_links":{"self":[{"href":"https:\/\/abpolar.ee\/sv\/wp-json\/wp\/v2\/product\/12132","targetHints":{"allow":["GET"]}}],"collection":[{"href":"https:\/\/abpolar.ee\/sv\/wp-json\/wp\/v2\/product"}],"about":[{"href":"https:\/\/abpolar.ee\/sv\/wp-json\/wp\/v2\/types\/product"}],"wp:featuredmedia":[{"embeddable":true,"href":"https:\/\/abpolar.ee\/sv\/wp-json\/wp\/v2\/media\/9844"}],"wp:attachment":[{"href":"https:\/\/abpolar.ee\/sv\/wp-json\/wp\/v2\/media?parent=12132"}],"wp:term":[{"taxonomy":"product_brand","embeddable":true,"href":"https:\/\/abpolar.ee\/sv\/wp-json\/wp\/v2\/product_brand?post=12132"},{"taxonomy":"product_cat","embeddable":true,"href":"https:\/\/abpolar.ee\/sv\/wp-json\/wp\/v2\/product_cat?post=12132"},{"taxonomy":"product_tag","embeddable":true,"href":"https:\/\/abpolar.ee\/sv\/wp-json\/wp\/v2\/product_tag?post=12132"}],"curies":[{"name":"wp","href":"https:\/\/api.w.org\/{rel}","templated":true}]}}