{"id":12134,"date":"2022-11-17T16:08:52","date_gmt":"2022-11-17T14:08:52","guid":{"rendered":"https:\/\/abpolar-ee.vserver.zonevs.eu\/?post_type=product&#038;p=12134"},"modified":"2024-01-03T15:28:38","modified_gmt":"2024-01-03T13:28:38","slug":"skottkarrehjul-till-skottkarra-65l","status":"publish","type":"product","link":"https:\/\/abpolar.ee\/sv\/produkt\/skottkarrehjul-till-skottkarra-65l\/","title":{"rendered":"Skottk\u00e4rrehjul till Skottk\u00e4rra 65l"},"content":{"rendered":"<h2>Skottk\u00e4rrehjul till Skottk\u00e4rra 65l<\/h2>\n<p>Passar till Skottk\u00e4rra 65l<br \/>\nHjul: 13\u00d7350-6<\/p>\n","protected":false},"excerpt":{"rendered":"<p>Skottk\u00e4rrehjul till Skottk\u00e4rra 65l Passar till Skottk\u00e4rra 65l Hjul: 13\u00d7350-6<\/p>\n","protected":false},"featured_media":9848,"template":"","meta":{"_acf_changed":false,"inline_featured_image":false},"product_brand":[],"product_cat":[503,501],"product_tag":[],"class_list":{"0":"post-12134","1":"product","2":"type-product","3":"status-publish","4":"has-post-thumbnail","6":"product_cat-skottkarror","7":"product_cat-tradgardsvaror","8":"product_shipping_class-litet-paket","10":"first","11":"instock","12":"taxable","13":"shipping-taxable","14":"purchasable","15":"product-type-simple"},"acf":[],"_links":{"self":[{"href":"https:\/\/abpolar.ee\/sv\/wp-json\/wp\/v2\/product\/12134","targetHints":{"allow":["GET"]}}],"collection":[{"href":"https:\/\/abpolar.ee\/sv\/wp-json\/wp\/v2\/product"}],"about":[{"href":"https:\/\/abpolar.ee\/sv\/wp-json\/wp\/v2\/types\/product"}],"wp:featuredmedia":[{"embeddable":true,"href":"https:\/\/abpolar.ee\/sv\/wp-json\/wp\/v2\/media\/9848"}],"wp:attachment":[{"href":"https:\/\/abpolar.ee\/sv\/wp-json\/wp\/v2\/media?parent=12134"}],"wp:term":[{"taxonomy":"product_brand","embeddable":true,"href":"https:\/\/abpolar.ee\/sv\/wp-json\/wp\/v2\/product_brand?post=12134"},{"taxonomy":"product_cat","embeddable":true,"href":"https:\/\/abpolar.ee\/sv\/wp-json\/wp\/v2\/product_cat?post=12134"},{"taxonomy":"product_tag","embeddable":true,"href":"https:\/\/abpolar.ee\/sv\/wp-json\/wp\/v2\/product_tag?post=12134"}],"curies":[{"name":"wp","href":"https:\/\/api.w.org\/{rel}","templated":true}]}}