{"id":12137,"date":"2022-11-17T16:08:52","date_gmt":"2022-11-17T14:08:52","guid":{"rendered":"https:\/\/abpolar-ee.vserver.zonevs.eu\/?post_type=product&#038;p=12137"},"modified":"2024-01-03T15:35:56","modified_gmt":"2024-01-03T13:35:56","slug":"skottkarrehjul-till-skottkarra-90l","status":"publish","type":"product","link":"https:\/\/abpolar.ee\/sv\/produkt\/skottkarrehjul-till-skottkarra-90l\/","title":{"rendered":"Skottk\u00e4rrehjul till Skottk\u00e4rra 90l"},"content":{"rendered":"<h2>Skottk\u00e4rrehjul till Skottk\u00e4rra 90l<\/h2>\n<p>Passar till Skottk\u00e4rra 90l<br \/>\nHjul: 13\u00d73,25-8<\/p>\n","protected":false},"excerpt":{"rendered":"<p>Skottk\u00e4rrehjul till Skottk\u00e4rra 90l Passar till Skottk\u00e4rra 90l Hjul: 13\u00d73,25-8<\/p>\n","protected":false},"featured_media":9848,"template":"","meta":{"_acf_changed":false,"inline_featured_image":false},"product_brand":[],"product_cat":[503,501],"product_tag":[],"class_list":{"0":"post-12137","1":"product","2":"type-product","3":"status-publish","4":"has-post-thumbnail","6":"product_cat-skottkarror","7":"product_cat-tradgardsvaror","8":"product_shipping_class-litet-paket","10":"first","11":"instock","12":"taxable","13":"shipping-taxable","14":"purchasable","15":"product-type-simple"},"acf":[],"_links":{"self":[{"href":"https:\/\/abpolar.ee\/sv\/wp-json\/wp\/v2\/product\/12137","targetHints":{"allow":["GET"]}}],"collection":[{"href":"https:\/\/abpolar.ee\/sv\/wp-json\/wp\/v2\/product"}],"about":[{"href":"https:\/\/abpolar.ee\/sv\/wp-json\/wp\/v2\/types\/product"}],"wp:featuredmedia":[{"embeddable":true,"href":"https:\/\/abpolar.ee\/sv\/wp-json\/wp\/v2\/media\/9848"}],"wp:attachment":[{"href":"https:\/\/abpolar.ee\/sv\/wp-json\/wp\/v2\/media?parent=12137"}],"wp:term":[{"taxonomy":"product_brand","embeddable":true,"href":"https:\/\/abpolar.ee\/sv\/wp-json\/wp\/v2\/product_brand?post=12137"},{"taxonomy":"product_cat","embeddable":true,"href":"https:\/\/abpolar.ee\/sv\/wp-json\/wp\/v2\/product_cat?post=12137"},{"taxonomy":"product_tag","embeddable":true,"href":"https:\/\/abpolar.ee\/sv\/wp-json\/wp\/v2\/product_tag?post=12137"}],"curies":[{"name":"wp","href":"https:\/\/api.w.org\/{rel}","templated":true}]}}