{"id":12140,"date":"2022-11-16T09:18:08","date_gmt":"2022-11-16T07:18:08","guid":{"rendered":"https:\/\/abpolar-ee.vserver.zonevs.eu\/?post_type=product&#038;p=12140"},"modified":"2024-01-03T15:51:24","modified_gmt":"2024-01-03T13:51:24","slug":"slangvinda-auto-reel-30-m","status":"publish","type":"product","link":"https:\/\/abpolar.ee\/sv\/produkt\/slangvinda-auto-reel-30-m\/","title":{"rendered":"Slangvinda Auto Reel 30\u00a0m"},"content":{"rendered":"<h2>Slangvinda Auto Reel 30\u00a0m<\/h2>\n<p>V\u00e4ggmonterad slangvinda med automatisk indragning d\u00e4r v\u00e4ggf\u00e4stet g\u00f6r det m\u00e4rkbart enklare att s\u00e4tta fast och ta bort Auto Reel fr\u00e5n v\u00e4ggen. Kopplingarna ger \u00f6kad komfort vid byte av slangtillbeh\u00f6r.<\/p>\n<p><strong>Vattenslang med automatisk trumma<br \/>\nVattenslangupprullare med sprutpistol<br \/>\nMaterial: PVC-slang + PP-kropp<br \/>\nSlangstorlek: 11\/15mm<br \/>\nArbetstryck: 8bar<br \/>\nSpr\u00e4ngtryck: 24bar<br \/>\nTemperatur: (-5) \u00b0C till 45 \u00b0C<br \/>\nF\u00e4rg: slanggr\u00f6n, kropp gr\u00f6n\/orange<\/strong><\/p>\n","protected":false},"excerpt":{"rendered":"<p>Slangvinda Auto Reel 30\u00a0m V\u00e4ggmonterad slangvinda med automatisk indragning d\u00e4r v\u00e4ggf\u00e4stet g\u00f6r det m\u00e4rkbart enklare&#8230;<\/p>\n","protected":false},"featured_media":10038,"template":"","meta":{"_acf_changed":false,"inline_featured_image":false},"product_brand":[],"product_cat":[507],"product_tag":[],"class_list":{"0":"post-12140","1":"product","2":"type-product","3":"status-publish","4":"has-post-thumbnail","6":"product_cat-vattenslangar","7":"product_shipping_class-litet-paket","9":"first","10":"instock","11":"taxable","12":"shipping-taxable","13":"purchasable","14":"product-type-simple"},"acf":[],"_links":{"self":[{"href":"https:\/\/abpolar.ee\/sv\/wp-json\/wp\/v2\/product\/12140","targetHints":{"allow":["GET"]}}],"collection":[{"href":"https:\/\/abpolar.ee\/sv\/wp-json\/wp\/v2\/product"}],"about":[{"href":"https:\/\/abpolar.ee\/sv\/wp-json\/wp\/v2\/types\/product"}],"wp:featuredmedia":[{"embeddable":true,"href":"https:\/\/abpolar.ee\/sv\/wp-json\/wp\/v2\/media\/10038"}],"wp:attachment":[{"href":"https:\/\/abpolar.ee\/sv\/wp-json\/wp\/v2\/media?parent=12140"}],"wp:term":[{"taxonomy":"product_brand","embeddable":true,"href":"https:\/\/abpolar.ee\/sv\/wp-json\/wp\/v2\/product_brand?post=12140"},{"taxonomy":"product_cat","embeddable":true,"href":"https:\/\/abpolar.ee\/sv\/wp-json\/wp\/v2\/product_cat?post=12140"},{"taxonomy":"product_tag","embeddable":true,"href":"https:\/\/abpolar.ee\/sv\/wp-json\/wp\/v2\/product_tag?post=12140"}],"curies":[{"name":"wp","href":"https:\/\/api.w.org\/{rel}","templated":true}]}}