{"id":12195,"date":"2022-11-17T16:09:41","date_gmt":"2022-11-17T14:09:41","guid":{"rendered":"https:\/\/abpolar-ee.vserver.zonevs.eu\/?post_type=product&#038;p=12195"},"modified":"2024-01-15T10:49:15","modified_gmt":"2024-01-15T08:49:15","slug":"kompost-340-l","status":"publish","type":"product","link":"https:\/\/abpolar.ee\/sv\/produkt\/kompost-340-l\/","title":{"rendered":"Kompost 340 l"},"content":{"rendered":"<h2>Kompost 340 l<\/h2>\n<p>Att kompostera har m\u00e5nga f\u00f6rdelar, men det \u00e4r framf\u00f6rallt bra f\u00f6r milj\u00f6n. Med IKB340 f\u00e5r du fin n\u00e4ring till din tr\u00e4dg\u00e5rd och en avsev\u00e4rd mindre sopm\u00e4ngd. Slut cirkeln och l\u00e5t avfall bli jord igen!<\/p>\n<p>V\u00e4dert\u00e5lig<br \/>\nMed dubbla v\u00e4ggar och ett t\u00e4tt lock f\u00e5r du en garanterad isolering och optimal temperatur i komposten. Tack vare isoleringen klarar den kalla temperaturer, vilket g\u00f6r att du kan kompostera \u00e5ret runt.<\/p>\n<p>Enkel hantering<br \/>\nDet bekv\u00e4ma handtaget p\u00e5 lockets ovansida \u00e4r praktiskt n\u00e4r du ska kompostera ditt avfall. <strong>Komposten har ej botten.<\/strong><\/p>\n<p>M\u00e5tt: 680x680mm, h\u00f6jd 830mm, 340 liter, dubbla v\u00e4ggar<\/p>\n<p>&nbsp;<\/p>\n","protected":false},"excerpt":{"rendered":"<p>Kompost 340 l Att kompostera har m\u00e5nga f\u00f6rdelar, men det \u00e4r framf\u00f6rallt bra f\u00f6r milj\u00f6n&#8230;.<\/p>\n","protected":false},"featured_media":9599,"template":"","meta":{"_acf_changed":false,"inline_featured_image":false},"product_brand":[],"product_cat":[508,501],"product_tag":[],"class_list":{"0":"post-12195","1":"product","2":"type-product","3":"status-publish","4":"has-post-thumbnail","6":"product_cat-komposter","7":"product_cat-tradgardsvaror","8":"product_shipping_class-paket-upp-till-30kg","10":"first","11":"instock","12":"taxable","13":"shipping-taxable","14":"purchasable","15":"product-type-simple"},"acf":[],"_links":{"self":[{"href":"https:\/\/abpolar.ee\/sv\/wp-json\/wp\/v2\/product\/12195","targetHints":{"allow":["GET"]}}],"collection":[{"href":"https:\/\/abpolar.ee\/sv\/wp-json\/wp\/v2\/product"}],"about":[{"href":"https:\/\/abpolar.ee\/sv\/wp-json\/wp\/v2\/types\/product"}],"wp:featuredmedia":[{"embeddable":true,"href":"https:\/\/abpolar.ee\/sv\/wp-json\/wp\/v2\/media\/9599"}],"wp:attachment":[{"href":"https:\/\/abpolar.ee\/sv\/wp-json\/wp\/v2\/media?parent=12195"}],"wp:term":[{"taxonomy":"product_brand","embeddable":true,"href":"https:\/\/abpolar.ee\/sv\/wp-json\/wp\/v2\/product_brand?post=12195"},{"taxonomy":"product_cat","embeddable":true,"href":"https:\/\/abpolar.ee\/sv\/wp-json\/wp\/v2\/product_cat?post=12195"},{"taxonomy":"product_tag","embeddable":true,"href":"https:\/\/abpolar.ee\/sv\/wp-json\/wp\/v2\/product_tag?post=12195"}],"curies":[{"name":"wp","href":"https:\/\/api.w.org\/{rel}","templated":true}]}}