{"id":12197,"date":"2022-11-17T16:09:41","date_gmt":"2022-11-17T14:09:41","guid":{"rendered":"https:\/\/abpolar-ee.vserver.zonevs.eu\/?post_type=product&#038;p=12197"},"modified":"2024-01-15T10:57:40","modified_gmt":"2024-01-15T08:57:40","slug":"kompost-compo-320-l","status":"publish","type":"product","link":"https:\/\/abpolar.ee\/sv\/produkt\/kompost-compo-320-l\/","title":{"rendered":"Kompost Compo 320 l"},"content":{"rendered":"<h2>Kompost Compo 320 l<\/h2>\n<p>Med tr\u00e4dg\u00e5rdskompostens design blir luftcirkulationen den b\u00e4sta och d\u00e4rmed gynnas processen som g\u00f6r avfallet till v\u00e4rdefull och n\u00e4ringsrik mylla till tr\u00e4dg\u00e5rden. Levereras omonterad men monteras enkelt utan verktyg. Fyra sidor, lock samt sidolucka f\u00f6r enkel t\u00f6mning. Enkel att montera, bara att sn\u00e4ppa ihop utan verktyg.<br \/>\nSvart f\u00e4rg<br \/>\n<strong>Komposten har ej botten.<\/strong><\/p>\n","protected":false},"excerpt":{"rendered":"<p>Kompost Compo 320 l Med tr\u00e4dg\u00e5rdskompostens design blir luftcirkulationen den b\u00e4sta och d\u00e4rmed gynnas processen&#8230;<\/p>\n","protected":false},"featured_media":9606,"template":"","meta":{"_acf_changed":false,"inline_featured_image":false},"product_brand":[],"product_cat":[508,501],"product_tag":[],"class_list":{"0":"post-12197","1":"product","2":"type-product","3":"status-publish","4":"has-post-thumbnail","6":"product_cat-komposter","7":"product_cat-tradgardsvaror","8":"product_shipping_class-paket-upp-till-30kg","10":"first","11":"instock","12":"taxable","13":"shipping-taxable","14":"purchasable","15":"product-type-simple"},"acf":[],"_links":{"self":[{"href":"https:\/\/abpolar.ee\/sv\/wp-json\/wp\/v2\/product\/12197","targetHints":{"allow":["GET"]}}],"collection":[{"href":"https:\/\/abpolar.ee\/sv\/wp-json\/wp\/v2\/product"}],"about":[{"href":"https:\/\/abpolar.ee\/sv\/wp-json\/wp\/v2\/types\/product"}],"wp:featuredmedia":[{"embeddable":true,"href":"https:\/\/abpolar.ee\/sv\/wp-json\/wp\/v2\/media\/9606"}],"wp:attachment":[{"href":"https:\/\/abpolar.ee\/sv\/wp-json\/wp\/v2\/media?parent=12197"}],"wp:term":[{"taxonomy":"product_brand","embeddable":true,"href":"https:\/\/abpolar.ee\/sv\/wp-json\/wp\/v2\/product_brand?post=12197"},{"taxonomy":"product_cat","embeddable":true,"href":"https:\/\/abpolar.ee\/sv\/wp-json\/wp\/v2\/product_cat?post=12197"},{"taxonomy":"product_tag","embeddable":true,"href":"https:\/\/abpolar.ee\/sv\/wp-json\/wp\/v2\/product_tag?post=12197"}],"curies":[{"name":"wp","href":"https:\/\/api.w.org\/{rel}","templated":true}]}}